{"id":935,"date":"2023-11-15T14:55:39","date_gmt":"2023-11-15T13:55:39","guid":{"rendered":"https:\/\/ambbelgrado.esteri.it\/servizi-consolari-e-visti\/servizi-per-il-cittadino-straniero\/visti\/visto-per-studio\/"},"modified":"2023-12-05T16:24:16","modified_gmt":"2023-12-05T15:24:16","slug":"visto-per-studio","status":"publish","type":"page","link":"https:\/\/ambbelgrado.esteri.it\/sr\/servizi-consolari-e-visti\/servizi-per-il-cittadino-straniero\/visti\/visto-per-studio\/","title":{"rendered":"Vize za studiranje"},"content":{"rendered":"<p>Pre podno\u0161enja zahteva za izdavanje vize za studiranje student treba da se registruje za odabrani kurs na portalu\u00a0<a href=\"https:\/\/www.universitaly.it\/\">Universitaly<\/a>.<\/p>\n<p>&nbsp;<\/p>\n<p><strong>ZAKAZIVANJE TERMINA ZA VIZE ZA STUDIRANJE<\/strong><\/p>\n<p>Zakazivanje termina za STUDENTE i\/ili podno\u0161enje zahteva za vizu za STUDIRANJE se obavlja preko ovog sajta:\u00a0<a title=\"ZAKAZIVANJE ONLINE\" href=\"https:\/\/ambbelgrado.esteri.it\/sr\/servizi-consolari-e-visti\/servizi-per-il-cittadino-straniero\/visti\/prenota-online-appuntamento-per-il-visto-per-litalia\/\">ZAKAZIVANJE ONLINE<\/a>\u00a0(zakazivanje termina za podno\u0161enje zahteva za vize za Italiju), prateci pa\u017eljivo instrukcije koje ce se pojaviti na ekranu.<\/p>\n<p>&nbsp;<\/p>\n<p><strong>POTREBNA DOKUMENTACIJA ZA PODNO\u0160ENJE ZAHTEVA ZA VIZE ZA STUDIRANJE<\/strong><\/p>\n<p>Molimo vas da dodete u zakazanom terminu sa potpunom dokumentacijom.<\/p>\n<p>Spisak osnovnih\u00a0dokumenata potrebnih za podno\u0161enje zahteva za vizu za studiranje mo\u017eete pogledai na sajtu \u201eViza za Italiju\u201c koji je pripremilo italijansko ministarstvo spoljnih poslova na italijanskom, engleskom, arapskom, ruskom i kineskom jeziku:\u00a0<a href=\"http:\/\/vistoperitalia.esteri.it\/home.aspx\">kliknite ovde (Viza za Italiju)<\/a>\u00a0i izaberite vrstu vize za studiranje ili s ciljem zapocinjanja studija u Italiji.\u00a0Za razne vrste viza za studiranje postoje detaljna uputstva u pdf.<\/p>\n<ul>\n<li><em><strong>Studiranje \u2013 Predupis:<\/strong> za studente koji \u017eele da se upi\u0161u na osnovne studije i dvogodi\u0161nji <a href=\"https:\/\/ambbelgrado.esteri.it\/wp-content\/uploads\/2023\/11\/studio-immatricolazione_sr-300622.pdf\">master\u00a0<\/a><br \/>\n<\/em><\/li>\n<li><em><strong>Stdiranje \u2013 Post-dplomske sudije:<\/strong> za studente koji vec poseduju fakultetsku diplomu i \u017eele da upi\u0161u post-diplomske studije (<a href=\"https:\/\/ambbelgrado.esteri.it\/wp-content\/uploads\/2023\/11\/post-laurea_sr-300622.pdf\">jednogodi\u0161nje master studije, doktorat, itd<\/a>)<br \/>\n<\/em><\/li>\n<li><strong><em>Studentska razmena:<\/em><\/strong><em> za strane studente koji su primljeni da pohadaju programe razmene (<a href=\"https:\/\/ambbelgrado.esteri.it\/wp-content\/uploads\/2023\/11\/scambio_mobilita_sr-300622.pdf\">na primer Erasmus<\/a>)<br \/>\n<\/em><\/li>\n<li><em><strong>Pojedinacni univerzitetski kursevi:<\/strong>\u00a0za studente koji nameravaju da pohadaju pojedinacne kurseve u okviru osnovnih i master studija, koje je moguce pohadati samo jednu akademsku godinu (ukoliko studije traju godinu dana) ili samo jedan semestar (ukoliko studije traju jedan semestar).<\/em><\/li>\n<li><em><strong>Studiranje \u2013 strucna obuka:<\/strong>\u00a0za studente koji \u017eele da pohadaju nastavu pri Institutima koji su priznati i osposobljeni za profesionalno obrazovanje na osnovu italijanskih regionalnih propisa.<\/em><\/li>\n<li><strong><em>Studiranje \u2013 Strucna praksa:<\/em><\/strong><em>za gradane zemalja koje nisu clanice EU i koji su primljeni da obavljaju strucnu praksu (ne univerzitetsku) koja je odobrena na osnovu regionalnog projekta.<\/em><\/li>\n<li><em><strong>Studiranje:<\/strong>\u00a0za pohadanje kurseva jezika ili studiranje koje nije\u00a0 posebno navedeno.<\/em><\/li>\n<\/ul>\n<p><em>Za eventualnu dodatnu dokumentaciju koja se tra\u017ei mo\u017eete pogledati odeljak\u00a0<a href=\"https:\/\/ambbelgrado.esteri.it\/sr\/servizi-consolari-e-visti\/servizi-per-il-cittadino-straniero\/visti\/faqs-domande-frequenti-sui-visti\/\">FAQ (Cesta pitanja o vizama).<\/a><\/em><\/p>\n<p><em>U slucaju potrebe mo\u017eete se obratiti pismeno odeljenju za vize\u00a0 (pi\u0161i odeljenju za vize) ili telefonskim putem u odredeno vreme\u00a0<a href=\"https:\/\/ambbelgrado.esteri.it\/sr\/chi-siamo\/gli-uffici\/\">kontakti<\/a><\/em><\/p>\n<p>&nbsp;<\/p>\n<p><strong>BORAVAK RADI STUDIRANJA ITALIJANSKOG JEZIKA ZA PERIOD PREKO 90 DANA<\/strong><\/p>\n<p>Na osnovu italijanskih zakona koji reguli\u0161u oblast viza za studiranje, za boravak du\u017ei od 90 dana, mogu biti prihvaceni zahtevi za izdavanje vize radi pohadanja kurseva italijanskog jezika za du\u017ei period ukoliko se radi o vi\u0161im kursevima koji su u vezi sa predhodnim obrazovanjem podnosioca zahteva, koje treba da bude dokumentovno. Za kurs koji se \u017eeli pohadati treba da postoji uvreljiv ralog i interes da bi se boravilo u Italiji na du\u017ei period. Uobicajeno, ne mogu se prihvatati zahtevi za pohadanje pocetnih kurseva italijanskog jezika. Podsecamo vas da u Srbiji postoje kursevi italijanskog jezika i kulture koji se odvijaju u Italijanskom kulturnom centru <a href=\"https:\/\/iicbelgrado.esteri.it\">https:\/\/iicbelgrado.esteri.it<\/a>.<\/p>\n<p>&nbsp;<\/p>\n<p><strong>OBAVE\u0160TENJE za studente koji \u017eele da pohadaju studije na italijanskim univerzitetima\u00a0<\/strong><\/p>\n<p>Studenti koji nameravaju da pohadaju osnovne studije i specijalisticke studije (master of science) na italijanskim univerzitetima i umetnickim\u00a0 akademijama (konzervatorijumima) treba OBAVEZNO da se pridr\u017eavaju instrukcija koje mo\u017eete naci na sajtu pod\u00a0<a href=\"https:\/\/ambbelgrado.esteri.it\/sr\/servizi-consolari-e-visti\/servizi-per-il-cittadino-straniero\/studiranje\/\">Predupis na univerzitete i umetnicke akademije<\/a>. Ukoliko imate pitanja u vezi predupisa mo\u017eete se obratiti direktno odeljenju za\u00a0<a href=\"mailto:preiscrizioni.belgrado@esteri.it\">Predupis.na univerzitete i umetnicke akademije.<\/a><\/p>\n<p>Ukoliko se predupis ne obavi do tog datuma Odeljenje za vize nece moci da izda vizu za Studiranje\/Upis na univerzitete i umetnicke akademije.<\/p>\n","protected":false},"excerpt":{"rendered":"Pre podno\u0161enja zahteva za izdavanje vize za studiranje student treba da se registruje za odabrani kurs na portalu\u00a0Universitaly. &nbsp; ZAKAZIVANJE TERMINA ZA VIZE ZA STUDIRANJE Zakazivanje termina za STUDENTE i\/ili podno\u0161enje zahteva za vizu za STUDIRANJE se obavlja preko ovog sajta:\u00a0ZAKAZIVANJE ONLINE\u00a0(zakazivanje termina za podno\u0161enje zahteva za vize za Italiju), prateci pa\u017eljivo instrukcije koje ce [&hellip;]","protected":false},"author":1,"featured_media":0,"parent":183,"menu_order":4,"comment_status":"closed","ping_status":"closed","template":"","meta":{"footnotes":""},"class_list":["post-935","page","type-page","status-publish","hentry"],"_links":{"self":[{"href":"https:\/\/ambbelgrado.esteri.it\/sr\/wp-json\/wp\/v2\/pages\/935","targetHints":{"allow":["GET"]}}],"collection":[{"href":"https:\/\/ambbelgrado.esteri.it\/sr\/wp-json\/wp\/v2\/pages"}],"about":[{"href":"https:\/\/ambbelgrado.esteri.it\/sr\/wp-json\/wp\/v2\/types\/page"}],"author":[{"embeddable":true,"href":"https:\/\/ambbelgrado.esteri.it\/sr\/wp-json\/wp\/v2\/users\/1"}],"replies":[{"embeddable":true,"href":"https:\/\/ambbelgrado.esteri.it\/sr\/wp-json\/wp\/v2\/comments?post=935"}],"version-history":[{"count":2,"href":"https:\/\/ambbelgrado.esteri.it\/sr\/wp-json\/wp\/v2\/pages\/935\/revisions"}],"predecessor-version":[{"id":9022,"href":"https:\/\/ambbelgrado.esteri.it\/sr\/wp-json\/wp\/v2\/pages\/935\/revisions\/9022"}],"up":[{"embeddable":true,"href":"https:\/\/ambbelgrado.esteri.it\/sr\/wp-json\/wp\/v2\/pages\/183"}],"wp:attachment":[{"href":"https:\/\/ambbelgrado.esteri.it\/sr\/wp-json\/wp\/v2\/media?parent=935"}],"curies":[{"name":"wp","href":"https:\/\/api.w.org\/{rel}","templated":true}]}}