{"id":914,"date":"2023-11-15T14:50:00","date_gmt":"2023-11-15T13:50:00","guid":{"rendered":"https:\/\/ambbelgrado.esteri.it\/servizi-consolari-e-visti\/servizi-per-il-cittadino-straniero\/visti\/lufficio-visti\/"},"modified":"2024-02-27T13:27:18","modified_gmt":"2024-02-27T12:27:18","slug":"lufficio-visti","status":"publish","type":"page","link":"https:\/\/ambbelgrado.esteri.it\/sr\/servizi-consolari-e-visti\/servizi-per-il-cittadino-straniero\/visti\/lufficio-visti\/","title":{"rendered":"Odeljenje za vize"},"content":{"rendered":"<p style=\"text-align: center;\"><strong>OBAVE\u0160TENJE<\/strong><\/p>\n<p>Uobi\u010dajeno radno vreme, kao i vreme za prijem telefonskih poziva i termini za prijem stranaka Odeljenja za vize navedeni na ovoj strani mogu biti iznenada promenjeni. Za proveru eventualnih izmena posetite odgovaraju\u0107i odeljak ovog sajta tako \u0161to \u0107ete kliknuti na rubriku <a href=\"https:\/\/ambbelgrado.esteri.it\/sr\/chi-siamo\/gli-uffici\/\">Kontakti<\/a>.<\/p>\n<p>Odeljenju za vize \u0107e biti mogu\u0107 samo na osnovu <strong>prethodno zakazanog termina. <\/strong><\/p>\n<p>Pre zakazivanja termina za vizu uvek pro\u010ditajte eventualna obave\u0161tenja objavljena na po\u010detnoj strani ovog sajta <a href=\"https:\/\/ambbelgrado.esteri.it\">https:\/\/ambbelgrado.esteri.it<\/a> i sve informacije, upozorenja i FAQ na linkovima menija VIZE koji se nalaze levo na ovoj strani.<\/p>\n<p>Pre nego \u0161to rezervi\u0161ete termin proverite da li Vam je, s obzirom na svrhu Va\u0161eg putovanja i Va\u0161e dr\u017eavljanstvo, potrebna viza tako \u0161to \u0107ete <a title=\"kliknuti ovde\" href=\"https:\/\/vistoperitalia.esteri.it\/home\/en\">kliknuti ovde<\/a>.<\/p>\n<p>Za rezervaciju termina posetite <a title=\"Rezervi\u0161i Online\" href=\"https:\/\/prenotami.esteri.it\/\">Rezervi\u0161i Online<\/a>.<\/p>\n<p>&nbsp;<\/p>\n<p><strong>Kako kontaktirati odeljenje za vize:<\/strong><\/p>\n<p><strong>najbolje putem mejla ili telefonom<\/strong> u vreme kada primamo pozive (<a href=\"https:\/\/ambbelgrado.esteri.it\/sr\/chi-siamo\/gli-uffici\/\">Kontakti<\/a>)<\/p>\n<p>&nbsp;<\/p>\n","protected":false},"excerpt":{"rendered":"OBAVE\u0160TENJE Uobi\u010dajeno radno vreme, kao i vreme za prijem telefonskih poziva i termini za prijem stranaka Odeljenja za vize navedeni na ovoj strani mogu biti iznenada promenjeni. Za proveru eventualnih izmena posetite odgovaraju\u0107i odeljak ovog sajta tako \u0161to \u0107ete kliknuti na rubriku Kontakti. Odeljenju za vize \u0107e biti mogu\u0107 samo na osnovu prethodno zakazanog termina. [&hellip;]","protected":false},"author":1,"featured_media":0,"parent":183,"menu_order":0,"comment_status":"closed","ping_status":"closed","template":"","meta":{"footnotes":""},"class_list":["post-914","page","type-page","status-publish","hentry"],"_links":{"self":[{"href":"https:\/\/ambbelgrado.esteri.it\/sr\/wp-json\/wp\/v2\/pages\/914","targetHints":{"allow":["GET"]}}],"collection":[{"href":"https:\/\/ambbelgrado.esteri.it\/sr\/wp-json\/wp\/v2\/pages"}],"about":[{"href":"https:\/\/ambbelgrado.esteri.it\/sr\/wp-json\/wp\/v2\/types\/page"}],"author":[{"embeddable":true,"href":"https:\/\/ambbelgrado.esteri.it\/sr\/wp-json\/wp\/v2\/users\/1"}],"replies":[{"embeddable":true,"href":"https:\/\/ambbelgrado.esteri.it\/sr\/wp-json\/wp\/v2\/comments?post=914"}],"version-history":[{"count":4,"href":"https:\/\/ambbelgrado.esteri.it\/sr\/wp-json\/wp\/v2\/pages\/914\/revisions"}],"predecessor-version":[{"id":9474,"href":"https:\/\/ambbelgrado.esteri.it\/sr\/wp-json\/wp\/v2\/pages\/914\/revisions\/9474"}],"up":[{"embeddable":true,"href":"https:\/\/ambbelgrado.esteri.it\/sr\/wp-json\/wp\/v2\/pages\/183"}],"wp:attachment":[{"href":"https:\/\/ambbelgrado.esteri.it\/sr\/wp-json\/wp\/v2\/media?parent=914"}],"curies":[{"name":"wp","href":"https:\/\/api.w.org\/{rel}","templated":true}]}}