{"id":9030,"date":"2023-12-05T16:39:36","date_gmt":"2023-12-05T15:39:36","guid":{"rendered":"https:\/\/ambbelgrado.esteri.it\/servizi-consolari-e-visti\/servizi-per-il-cittadino-straniero\/visti\/tariffe-e-tempi-di-rilascio-di-un-visto\/"},"modified":"2024-06-06T12:35:51","modified_gmt":"2024-06-06T10:35:51","slug":"tariffe-e-tempi-di-rilascio-di-un-visto","status":"publish","type":"page","link":"https:\/\/ambbelgrado.esteri.it\/sr\/servizi-consolari-e-visti\/servizi-per-il-cittadino-straniero\/visti\/tariffe-e-tempi-di-rilascio-di-un-visto\/","title":{"rendered":"Tarife i vreme potrebno za  izdavanja viza"},"content":{"rendered":"<p><strong>Rokovi i cene izdavanja viza<\/strong><\/p>\n<p><strong>\u00a0<\/strong><\/p>\n<p><span style=\"text-decoration: underline;\">ROKOVI IZDAVANJA VIZA<\/span><\/p>\n<p>Vize se izdaju u kratkom vremenskom roku, uobi\u010dajeno je potrebno od 2-4 radna dana; u zavisnosti od dr\u017eavljanstva, doba godine i vrste vize koja se tra\u017ei, ti\u00a0 rokovi mogu\u00a0 varirati. U svakom slu\u010daju, vreme izdavanja se po\u0161tuje ukoliko je dokumentacija potpuna i ukoliko tokom razmatranja zahteva odeljenje za vize ne tra\u017ei dopunu dokumentacije. Savetujemo vam da blagovremeno podnesete zahtev za vizu u odnosu na datum po\u010detka putovanja. Na osnovu va\u017ee\u0107ih propisa zahtev za vizu se mo\u017ee podneti do\u00a0 tri meseca pre po\u010detka putovanja.<\/p>\n<p><span style=\"text-decoration: underline;\">CENE VIZA<\/span><\/p>\n<p>Administratvna cena vize se pla\u0107a u trenutku podno\u0161enja zahteva\u00a0 u evrima i u gotovini. Dole je navedena tabela sa cenama za svaku vrstu vize. Upla\u0107eni iznos se ne vra\u0107a ako viza bude odbijena, jer se ne odnosi na izdavanje vize ve\u0107 na administrativnu obradu predmeta.<\/p>\n<p><strong>\u00a0\u00a0 <\/strong><\/p>\n<table>\n<tbody>\n<tr>\n<td valign=\"top\" width=\"158\"><strong>CENA VIZE U EVRIMA od 11.06.2024<\/strong><\/td>\n<td valign=\"top\" width=\"161\">Od \u00a0 0-6 godina<\/td>\n<td valign=\"top\" width=\"161\">Od \u00a0 6-12 godina<\/td>\n<td valign=\"top\" width=\"161\">Preko \u00a0 12 godina<\/td>\n<\/tr>\n<tr>\n<td valign=\"top\" width=\"158\">\u0160engenska \u00a0 viza<\/p>\n<p><strong>\u00a0<\/strong><\/td>\n<td valign=\"top\" width=\"161\">0 \u00a0 evra<\/td>\n<td valign=\"top\" width=\"161\">45\u00a0 \u00a0evra (*)<\/td>\n<td valign=\"top\" width=\"161\">90 \u00a0 evra (*)<\/td>\n<\/tr>\n<tr>\n<td valign=\"top\" width=\"158\">Nacionalna \u00a0 viza<\/td>\n<td valign=\"top\" width=\"161\">116 \u00a0 evra<\/td>\n<td valign=\"top\" width=\"161\">116 \u00a0 evra<\/td>\n<td valign=\"top\" width=\"161\">116 \u00a0 evra<\/td>\n<\/tr>\n<tr>\n<td valign=\"top\" width=\"158\">Viza \u00a0 za studiranje do 90 dana<\/td>\n<td valign=\"top\" width=\"161\">0 \u00a0 evra<\/td>\n<td valign=\"top\" width=\"161\">0 \u00a0 evra<\/td>\n<td valign=\"top\" width=\"161\">0 \u00a0 evra<\/td>\n<\/tr>\n<tr>\n<td valign=\"top\" width=\"158\">Viza \u00a0 za studiranje preko 90 dana<\/td>\n<td valign=\"top\" width=\"161\">50 \u00a0 evra<\/td>\n<td valign=\"top\" width=\"161\">50 \u00a0 evra<\/td>\n<td valign=\"top\" width=\"161\">50 \u00a0 evra<\/td>\n<\/tr>\n<\/tbody>\n<\/table>\n<p><strong>\u00a0<\/strong><\/p>\n<p>(*) <em>Ni\u017ee cene viza, ukoliko su predvi\u0111ene ugovorima o izdavanju \u0160engenskih viza zaklju\u010denim sa Evropskom unijom, ostaju nepromenjene (na primer, u slu\u010daju dr\u017eavljana Jermenije, Azerbejd\u017eana, Gruzije, Srbije cena vize = 35 EUR).<\/em><\/p>\n<p><em> Slu\u010dajevi osloba\u0111anja od pla\u0107anja naknade za vizu (cena vize) su predvi\u0111eni \u010dlanom 16 Pravilnika 810\/2009 (Vizni kodeks) i izmenama sadr\u017eanim u Pravilniku UE 2019\/1155.<\/em><\/p>\n","protected":false},"excerpt":{"rendered":"Rokovi i cene izdavanja viza \u00a0 ROKOVI IZDAVANJA VIZA Vize se izdaju u kratkom vremenskom roku, uobi\u010dajeno je potrebno od 2-4 radna dana; u zavisnosti od dr\u017eavljanstva, doba godine i vrste vize koja se tra\u017ei, ti\u00a0 rokovi mogu\u00a0 varirati. U svakom slu\u010daju, vreme izdavanja se po\u0161tuje ukoliko je dokumentacija potpuna i ukoliko tokom razmatranja zahteva [&hellip;]","protected":false},"author":1,"featured_media":0,"parent":183,"menu_order":0,"comment_status":"closed","ping_status":"closed","template":"","meta":{"footnotes":""},"class_list":["post-9030","page","type-page","status-publish","hentry"],"_links":{"self":[{"href":"https:\/\/ambbelgrado.esteri.it\/sr\/wp-json\/wp\/v2\/pages\/9030","targetHints":{"allow":["GET"]}}],"collection":[{"href":"https:\/\/ambbelgrado.esteri.it\/sr\/wp-json\/wp\/v2\/pages"}],"about":[{"href":"https:\/\/ambbelgrado.esteri.it\/sr\/wp-json\/wp\/v2\/types\/page"}],"author":[{"embeddable":true,"href":"https:\/\/ambbelgrado.esteri.it\/sr\/wp-json\/wp\/v2\/users\/1"}],"replies":[{"embeddable":true,"href":"https:\/\/ambbelgrado.esteri.it\/sr\/wp-json\/wp\/v2\/comments?post=9030"}],"version-history":[{"count":2,"href":"https:\/\/ambbelgrado.esteri.it\/sr\/wp-json\/wp\/v2\/pages\/9030\/revisions"}],"predecessor-version":[{"id":10491,"href":"https:\/\/ambbelgrado.esteri.it\/sr\/wp-json\/wp\/v2\/pages\/9030\/revisions\/10491"}],"up":[{"embeddable":true,"href":"https:\/\/ambbelgrado.esteri.it\/sr\/wp-json\/wp\/v2\/pages\/183"}],"wp:attachment":[{"href":"https:\/\/ambbelgrado.esteri.it\/sr\/wp-json\/wp\/v2\/media?parent=9030"}],"curies":[{"name":"wp","href":"https:\/\/api.w.org\/{rel}","templated":true}]}}