{"id":9012,"date":"2023-11-20T13:37:25","date_gmt":"2023-11-20T12:37:25","guid":{"rendered":"https:\/\/ambbelgrado.esteri.it\/servizi-consolari-e-visti\/servizi-per-il-cittadino-straniero\/visti\/scrivi-allufficio-visti\/"},"modified":"2023-12-05T16:15:40","modified_gmt":"2023-12-05T15:15:40","slug":"scrivi-allufficio-visti","status":"publish","type":"page","link":"https:\/\/ambbelgrado.esteri.it\/sr\/servizi-consolari-e-visti\/servizi-per-il-cittadino-straniero\/visti\/scrivi-allufficio-visti\/","title":{"rendered":"@Pi\u0161i odeljenju za vize"},"content":{"rendered":"<p style=\"text-align: left;\" align=\"center\"><a href=\"mailto:visti.belgrado@esteri.it\"><strong>@<\/strong><strong>Pi\u0161i odeljenju za vize<i>\u00a0<\/i><\/strong><\/a><\/p>\n<p>Pre nego \u0161to pi\u0161ete odeljenju za vize pogledajte sve informacije dostupne na meniju Vize ovog sajta i na navedenim linkovima. Samo u slu\u010daju da ne mo\u017eete na\u0107i odgovor koji se odnosi na va\u0161 slu\u010daj mo\u017eete pisati odeljenju za vize koriste\u0107i Link <a href=\"mailto:visti.belgrado@esteri.it\">@pi\u0161i odeljenju za vize.<\/a><\/p>\n<p>Za posebne slu\u010dajeve ili \u017ealbe mo\u017eete pisati direktno odgovornom licu odeljenja za vize koriste\u0107i isti link s tim da navedete:na pa\u017enju odgovornog lica odeljenja za vize.<\/p>\n","protected":false},"excerpt":{"rendered":"@Pi\u0161i odeljenju za vize\u00a0 Pre nego \u0161to pi\u0161ete odeljenju za vize pogledajte sve informacije dostupne na meniju Vize ovog sajta i na navedenim linkovima. Samo u slu\u010daju da ne mo\u017eete na\u0107i odgovor koji se odnosi na va\u0161 slu\u010daj mo\u017eete pisati odeljenju za vize koriste\u0107i Link @pi\u0161i odeljenju za vize. Za posebne slu\u010dajeve ili \u017ealbe mo\u017eete [&hellip;]","protected":false},"author":1,"featured_media":0,"parent":183,"menu_order":20,"comment_status":"closed","ping_status":"closed","template":"","meta":{"footnotes":""},"class_list":["post-9012","page","type-page","status-publish","hentry"],"_links":{"self":[{"href":"https:\/\/ambbelgrado.esteri.it\/sr\/wp-json\/wp\/v2\/pages\/9012","targetHints":{"allow":["GET"]}}],"collection":[{"href":"https:\/\/ambbelgrado.esteri.it\/sr\/wp-json\/wp\/v2\/pages"}],"about":[{"href":"https:\/\/ambbelgrado.esteri.it\/sr\/wp-json\/wp\/v2\/types\/page"}],"author":[{"embeddable":true,"href":"https:\/\/ambbelgrado.esteri.it\/sr\/wp-json\/wp\/v2\/users\/1"}],"replies":[{"embeddable":true,"href":"https:\/\/ambbelgrado.esteri.it\/sr\/wp-json\/wp\/v2\/comments?post=9012"}],"version-history":[{"count":1,"href":"https:\/\/ambbelgrado.esteri.it\/sr\/wp-json\/wp\/v2\/pages\/9012\/revisions"}],"predecessor-version":[{"id":9015,"href":"https:\/\/ambbelgrado.esteri.it\/sr\/wp-json\/wp\/v2\/pages\/9012\/revisions\/9015"}],"up":[{"embeddable":true,"href":"https:\/\/ambbelgrado.esteri.it\/sr\/wp-json\/wp\/v2\/pages\/183"}],"wp:attachment":[{"href":"https:\/\/ambbelgrado.esteri.it\/sr\/wp-json\/wp\/v2\/media?parent=9012"}],"curies":[{"name":"wp","href":"https:\/\/api.w.org\/{rel}","templated":true}]}}