{"id":8997,"date":"2023-11-20T13:36:39","date_gmt":"2023-11-20T12:36:39","guid":{"rendered":"https:\/\/ambbelgrado.esteri.it\/servizi-consolari-e-visti\/servizi-per-il-cittadino-straniero\/visti\/formulari-e-modulistica-per-i-visti\/"},"modified":"2024-01-03T15:47:11","modified_gmt":"2024-01-03T14:47:11","slug":"formulari-e-modulistica-per-i-visti","status":"publish","type":"page","link":"https:\/\/ambbelgrado.esteri.it\/sr\/servizi-consolari-e-visti\/servizi-per-il-cittadino-straniero\/visti\/formulari-e-modulistica-per-i-visti\/","title":{"rendered":"Formulari i obrasci za vize"},"content":{"rendered":"<p><em><em>Obrasci za nacionalnu vizu (tip D):<\/em><\/em><\/p>\n<p><a href=\"https:\/\/ambbelgrado.esteri.it\/wp-content\/uploads\/2023\/11\/formulario_d_-_srb-ita-1.pdf\">italijansko-srpski<\/a><\/p>\n<p>&nbsp;<\/p>\n<p><em>Obrasci za\u00a0\u0160engensku vizu (tip C):<\/em><\/p>\n<p><a href=\"https:\/\/e-applicationvisa.esteri.it\/\">Visa E-@application<\/a><\/p>\n<p>Zahtev za izdavanje vize za kra\u0107i boravak od najvi\u0161e 90 dana je mogu\u0107e popuniti online. Molimo Vas da sledite uputstva, da od\u0161tampate obrazac zajedno sa barkodom i da ga donesete na zakazani sastanak. Za nacionalne vize za du\u017ee boravke od preko 90 dana va\u017ei uobi\u010dajeni postupak tako \u0161to \u0107ete preuzeti obrazac za nacionalnu vizu sa na\u0161eg sajta na stranici Obrasci (bez bar koda).<\/p>\n<p><em>Formulari:<\/em><\/p>\n<p><a href=\"https:\/\/ambbelgrado.esteri.it\/wp-content\/uploads\/2023\/12\/dichiarazione_di_ospitalit.pdf\">Pozivno pismo za privatne posete (pdf)<\/a><\/p>\n<p><a href=\"https:\/\/ambbelgrado.esteri.it\/wp-content\/uploads\/2023\/12\/dichiarazione_di_ospitalit.doc\">Pozivno pismo za privatne posete (doc)<\/a><\/p>\n<p><a href=\"https:\/\/ambbelgrado.esteri.it\/wp-content\/uploads\/2023\/12\/modello-invito-per-affari.pdf\">Pozivno pismo za poslovne posete (pdf)<\/a><\/p>\n<p><a href=\"https:\/\/ambbelgrado.esteri.it\/wp-content\/uploads\/2023\/12\/modello-invito-per-affari.doc\">Pozivno pismo za poslovne posete (doc)<\/a><\/p>\n","protected":false},"excerpt":{"rendered":"Obrasci za nacionalnu vizu (tip D): italijansko-srpski &nbsp; Obrasci za\u00a0\u0160engensku vizu (tip C): Visa E-@application Zahtev za izdavanje vize za kra\u0107i boravak od najvi\u0161e 90 dana je mogu\u0107e popuniti online. Molimo Vas da sledite uputstva, da od\u0161tampate obrazac zajedno sa barkodom i da ga donesete na zakazani sastanak. Za nacionalne vize za du\u017ee boravke od [&hellip;]","protected":false},"author":1,"featured_media":0,"parent":183,"menu_order":18,"comment_status":"closed","ping_status":"closed","template":"","meta":{"footnotes":""},"class_list":["post-8997","page","type-page","status-publish","hentry"],"_links":{"self":[{"href":"https:\/\/ambbelgrado.esteri.it\/sr\/wp-json\/wp\/v2\/pages\/8997","targetHints":{"allow":["GET"]}}],"collection":[{"href":"https:\/\/ambbelgrado.esteri.it\/sr\/wp-json\/wp\/v2\/pages"}],"about":[{"href":"https:\/\/ambbelgrado.esteri.it\/sr\/wp-json\/wp\/v2\/types\/page"}],"author":[{"embeddable":true,"href":"https:\/\/ambbelgrado.esteri.it\/sr\/wp-json\/wp\/v2\/users\/1"}],"replies":[{"embeddable":true,"href":"https:\/\/ambbelgrado.esteri.it\/sr\/wp-json\/wp\/v2\/comments?post=8997"}],"version-history":[{"count":4,"href":"https:\/\/ambbelgrado.esteri.it\/sr\/wp-json\/wp\/v2\/pages\/8997\/revisions"}],"predecessor-version":[{"id":9224,"href":"https:\/\/ambbelgrado.esteri.it\/sr\/wp-json\/wp\/v2\/pages\/8997\/revisions\/9224"}],"up":[{"embeddable":true,"href":"https:\/\/ambbelgrado.esteri.it\/sr\/wp-json\/wp\/v2\/pages\/183"}],"wp:attachment":[{"href":"https:\/\/ambbelgrado.esteri.it\/sr\/wp-json\/wp\/v2\/media?parent=8997"}],"curies":[{"name":"wp","href":"https:\/\/api.w.org\/{rel}","templated":true}]}}