{"id":8993,"date":"2023-11-20T13:32:52","date_gmt":"2023-11-20T12:32:52","guid":{"rendered":"https:\/\/ambbelgrado.esteri.it\/servizi-consolari-e-visti\/servizi-per-il-cittadino-straniero\/visti\/informazioni-e-avvertenze\/"},"modified":"2023-12-05T16:55:15","modified_gmt":"2023-12-05T15:55:15","slug":"informazioni-e-avvertenze","status":"publish","type":"page","link":"https:\/\/ambbelgrado.esteri.it\/sr\/servizi-consolari-e-visti\/servizi-per-il-cittadino-straniero\/visti\/informazioni-e-avvertenze\/","title":{"rendered":"Informacije i obave\u0161tenja"},"content":{"rendered":"<ul>\n<li>Podse\u0107amo vas da je od 25.9. 2014.\u00a0 Odeljenje za vize Ambasade Italije u Beogradu uvelo Visa Information System. To zna\u010di da je potrebno\u00a0 davanje otisaka prstiju u trenutku podno\u0161enja zahteva za \u0161engensku vizu. Davanje otisaka se ne odnosi na decu mla\u0111u od 12 godina. Za dodatne informacije konsultujte <strong><strong><a href=\"https:\/\/www.esteri.it\/en\/servizi-consolari-e-visti\/ingressosoggiornoinitalia\/vis\/\">VIS<\/a>.<\/strong><\/strong><\/li>\n<li>U slu\u010daju podno\u0161enja zahteva za izdavanje viza deci mla\u0111oj od 12 godina, zahtev podnose\u00a0 roditelji ili zakonski staratelji;<\/li>\n<li>Ukoliko nije druga\u010dije propisano, sva tra\u017eena dokumenta treba podneti u originalu plus jedna fotokopija i da budu skora\u0161njeg datuma, ne starija od 3 meseca;<\/li>\n<li>Paso\u0161i moraju da va\u017ee jo\u0161 tri meseca posle isteka tra\u017eene vize;<\/li>\n<li>Dokumentacija koju su izdale tre\u0107e zemlje bi\u0107e va\u017ee\u0107a samo ukoliko je legalizovana (i prevedena na italijanski jezik ili na jezike koji su najvi\u0161e u upotrebi).<\/li>\n<li>Ambasada Italije u Beogradu nema kompetencije i sredstva da procenjuje ekonomski, komercijalni i profesionalni profil osoba koje su rezidenti u tre\u0107im zemljama, te s toga dokumentacija koja se podnosi Odeljenju za vize Ambasade Italije u Beogradu treba da se odnosi na socijalno-ekonomski, komercijalni i profesionalni status u Srbiji.<\/li>\n<li>Ukoliko putuju dve osobe ili grupa, savetuje se da se podnese i fotokopija paso\u0161a osobe ili osoba sa kojima se putuje.<\/li>\n<li>Podno\u0161enje dokumentacije za vizu ne garantuje izdavanje vize. U trenutku ulaska u Italiji i u zemlje \u0160engena, \u010dak iako se poseduje viza, pograni\u010dni organi su ovla\u0161\u0107eni da ponovo zatra\u017ee dokumentaciju ve\u0107 podnetu za dobijanje iste vize.<\/li>\n<li>U Odeljenje za vize nije dozvoljeno uno\u0161enje mobilnih telefona, laptopova i tableta. Mole se korisnici da po\u0161tuju ova pravila.<\/li>\n<li>Dodela termina za podno\u0161enje zahteva za vizu je besplatna i odobrava se isklju\u010divo od strane Ambasade.<\/li>\n<li>Formulari za vize i svaki dodatni formulari su besplatni. Svako dodatno potra\u017eivanje novca van naveden tabele i od bilo kog drugog izvora treba hitno prijaviti\u00a0 Odeljenjima Ambasade Italie.<\/li>\n<li>Eventualni predlozi posrednika koji nisu ovla\u0161\u0107eni smatra\u0107e se prevarom i treba ih hitno prijaviti nadle\u017enim lokalnim organima i Ambasadi Italije.<\/li>\n<li>Nekompletni zahtevi za izdavanje vize ili oni koji sadr\u017ee nejasnu ili kontradiktornu dokumentaciju bi\u0107e odbijeni.<\/li>\n<li>Odluka o izdavanju ili neizdavanju vize je isklju\u010divo u nadle\u017enosti ove Ambasade i u slu\u010daju odbijanja vize stranka mo\u017ee podneti \u017ealbu Adiministrativnom Sudu Lacija (Tribunale Amministrativo del Lazio) u okviru zakonskih rokova.<\/li>\n<li>Samo posedovanje vize ne daje automatski pravo na ulazak i Grani\u010dna policija mo\u017ee od nosioca vize da zatra\u017ei da ponovo doka\u017ee da ispunjava uslove za ulazak preko spoljnih granica (\u010dlan 5 Kodeksa o granicama \u0160engena).<\/li>\n<li>Paso\u0161i se izdaju isklju\u010divo nosiocima paso\u0161a, ili u slu\u010daju njihove spre\u010denosti, \u010dlanovima porodice ili drugim ovla\u0161\u0107enim osobama. U trenutku podno\u0161enja zahteva za vizu zainteresovane osobe treba na \u0161alteru da dostave zahtev za izdavanje vize kompletno popunjen \u0161tampanim slovima latinicom i potrebnu dokumentaciju za odgovaraju\u0107u vrstu vize koja je navedena u odgovaraju\u0107em odeljku sajta <a title=\"Viza za Italiju\" href=\"https:\/\/vistoperitalia.esteri.it\/home\/en\">Viza za Italiju<\/a>.<\/li>\n<li>Odeljenje za vize, tokom prvog uvida u dokumentaciju, kao i naknadno, zadr\u017eva pravo da eventualno zatra\u017e i dodatnu dokumentaciju.<\/li>\n<li>Prijem zahteva za izdavanje vize mo\u017e biti odbijen na \u0161lteru u slu\u010dju da ne sadr\u017e osnovnu dokumentaciju, tako da \u0107 stranka morati da zaka\u017e novi sastanak.<\/li>\n<li>Obave\u0161tavamo vas da u \u010dekaonici Konzulata postoji registar gde mo\u017eete ostaviti \u017ealbe ili komentare u vezi sa postupkom za izdavanje vize ili pona\u0161anjem zaposlenog koji vas je primio. U istoj sali nalaze se i obrasci za gde mo\u017eete izraziti va\u0161e mi\u0161ljenje o pru\u017eenoj usluzi.<\/li>\n<li>Informacije koje se pru\u017eaju na ovom sajtu imaju za cilj da olak\u0161aju stranom dr\u017eavljaninu podno\u0161enje zahteva za vizu radi putovanja u Italiju. Informacije su okvirne, a za dodatne informacije zainteresovane osobe se mogu direktno obratiti italijanskom diplomatskom ili konzularnom predstavni\u0161tvu nadle\u017enom za teritoriju njihovog stalnog boravka.<\/li>\n<\/ul>\n","protected":false},"excerpt":{"rendered":"Podse\u0107amo vas da je od 25.9. 2014.\u00a0 Odeljenje za vize Ambasade Italije u Beogradu uvelo Visa Information System. To zna\u010di da je potrebno\u00a0 davanje otisaka prstiju u trenutku podno\u0161enja zahteva za \u0161engensku vizu. Davanje otisaka se ne odnosi na decu mla\u0111u od 12 godina. Za dodatne informacije konsultujte VIS. U slu\u010daju podno\u0161enja zahteva za izdavanje [&hellip;]","protected":false},"author":1,"featured_media":0,"parent":183,"menu_order":16,"comment_status":"closed","ping_status":"closed","template":"","meta":{"footnotes":""},"class_list":["post-8993","page","type-page","status-publish","hentry"],"_links":{"self":[{"href":"https:\/\/ambbelgrado.esteri.it\/sr\/wp-json\/wp\/v2\/pages\/8993","targetHints":{"allow":["GET"]}}],"collection":[{"href":"https:\/\/ambbelgrado.esteri.it\/sr\/wp-json\/wp\/v2\/pages"}],"about":[{"href":"https:\/\/ambbelgrado.esteri.it\/sr\/wp-json\/wp\/v2\/types\/page"}],"author":[{"embeddable":true,"href":"https:\/\/ambbelgrado.esteri.it\/sr\/wp-json\/wp\/v2\/users\/1"}],"replies":[{"embeddable":true,"href":"https:\/\/ambbelgrado.esteri.it\/sr\/wp-json\/wp\/v2\/comments?post=8993"}],"version-history":[{"count":2,"href":"https:\/\/ambbelgrado.esteri.it\/sr\/wp-json\/wp\/v2\/pages\/8993\/revisions"}],"predecessor-version":[{"id":9049,"href":"https:\/\/ambbelgrado.esteri.it\/sr\/wp-json\/wp\/v2\/pages\/8993\/revisions\/9049"}],"up":[{"embeddable":true,"href":"https:\/\/ambbelgrado.esteri.it\/sr\/wp-json\/wp\/v2\/pages\/183"}],"wp:attachment":[{"href":"https:\/\/ambbelgrado.esteri.it\/sr\/wp-json\/wp\/v2\/media?parent=8993"}],"curies":[{"name":"wp","href":"https:\/\/api.w.org\/{rel}","templated":true}]}}