{"id":8985,"date":"2023-11-20T13:28:38","date_gmt":"2023-11-20T12:28:38","guid":{"rendered":"https:\/\/ambbelgrado.esteri.it\/servizi-consolari-e-visti\/servizi-per-il-cittadino-straniero\/visti\/prenota-online-appuntamento-per-il-visto-per-litalia\/"},"modified":"2023-12-05T16:44:45","modified_gmt":"2023-12-05T15:44:45","slug":"prenota-online-appuntamento-per-il-visto-per-litalia","status":"publish","type":"page","link":"https:\/\/ambbelgrado.esteri.it\/sr\/servizi-consolari-e-visti\/servizi-per-il-cittadino-straniero\/visti\/prenota-online-appuntamento-per-il-visto-per-litalia\/","title":{"rendered":"Zakazivanje Online (zakazivanje termina za italijansku vizu)"},"content":{"rendered":"<p style=\"text-align: center;\">Radi zakazivanja termina prati pa\u017eljivo uputstva koja \u0107e se pojaviti na odgovaraju\u0107oj link stranici.<\/p>\n<p align=\"center\"><a href=\"https:\/\/prenotami.esteri.it\"><img decoding=\"async\" src=\"https:\/\/ambbelgrado.esteri.it\/wp-content\/uploads\/2023\/12\/prenotmi_capture_website_.jpg\" alt=\"prenotmi capture website \" \/><\/a><\/p>\n<p align=\"center\"><a href=\"https:\/\/prenotami.esteri.it\">Rezervi\u0161i Online<\/a><\/p>\n<p>&nbsp;<\/p>\n<p align=\"center\"><strong>VA\u017dNO OBAVE\u0160TENJE<\/strong><\/p>\n<p>Po\u010deo je sa radom novi portal za rezervaciju termina za vize\u00a0<strong>\u201cPRENOT@MI\u201d<\/strong>, dostupan\u00a0klikom na gornji logo ili\u00a0na linku\u00a0<a href=\"https:\/\/prenotami.esteri.it\/\" target=\"_blank\" rel=\"noopener noreferrer\">https:\/\/prenotami.esteri.it<\/a>\u00a0.<\/p>\n<p>Obave\u0161tavamo korisnike da \u0107e morati ponovo da se registruju na novom portalu \u201c<a href=\"https:\/\/prenotami.esteri.it\/\" target=\"_blank\" rel=\"noopener noreferrer\">PRENOT@MI<\/a>\u201d, budu\u0107i da stare registracije na portalu Prenota Online ne\u0107e va\u017eiti za pristup novom portalu.<\/p>\n<p>&nbsp;<\/p>\n","protected":false},"excerpt":{"rendered":"Radi zakazivanja termina prati pa\u017eljivo uputstva koja \u0107e se pojaviti na odgovaraju\u0107oj link stranici. Rezervi\u0161i Online &nbsp; VA\u017dNO OBAVE\u0160TENJE Po\u010deo je sa radom novi portal za rezervaciju termina za vize\u00a0\u201cPRENOT@MI\u201d, dostupan\u00a0klikom na gornji logo ili\u00a0na linku\u00a0https:\/\/prenotami.esteri.it\u00a0. Obave\u0161tavamo korisnike da \u0107e morati ponovo da se registruju na novom portalu \u201cPRENOT@MI\u201d, budu\u0107i da stare registracije na portalu [&hellip;]","protected":false},"author":1,"featured_media":0,"parent":183,"menu_order":8,"comment_status":"closed","ping_status":"closed","template":"","meta":{"footnotes":""},"class_list":["post-8985","page","type-page","status-publish","hentry"],"_links":{"self":[{"href":"https:\/\/ambbelgrado.esteri.it\/sr\/wp-json\/wp\/v2\/pages\/8985","targetHints":{"allow":["GET"]}}],"collection":[{"href":"https:\/\/ambbelgrado.esteri.it\/sr\/wp-json\/wp\/v2\/pages"}],"about":[{"href":"https:\/\/ambbelgrado.esteri.it\/sr\/wp-json\/wp\/v2\/types\/page"}],"author":[{"embeddable":true,"href":"https:\/\/ambbelgrado.esteri.it\/sr\/wp-json\/wp\/v2\/users\/1"}],"replies":[{"embeddable":true,"href":"https:\/\/ambbelgrado.esteri.it\/sr\/wp-json\/wp\/v2\/comments?post=8985"}],"version-history":[{"count":2,"href":"https:\/\/ambbelgrado.esteri.it\/sr\/wp-json\/wp\/v2\/pages\/8985\/revisions"}],"predecessor-version":[{"id":9038,"href":"https:\/\/ambbelgrado.esteri.it\/sr\/wp-json\/wp\/v2\/pages\/8985\/revisions\/9038"}],"up":[{"embeddable":true,"href":"https:\/\/ambbelgrado.esteri.it\/sr\/wp-json\/wp\/v2\/pages\/183"}],"wp:attachment":[{"href":"https:\/\/ambbelgrado.esteri.it\/sr\/wp-json\/wp\/v2\/media?parent=8985"}],"curies":[{"name":"wp","href":"https:\/\/api.w.org\/{rel}","templated":true}]}}