{"id":8979,"date":"2023-11-15T16:06:21","date_gmt":"2023-11-15T15:06:21","guid":{"rendered":"https:\/\/ambbelgrado.esteri.it\/servizi-consolari-e-visti\/servizi-per-il-cittadino-straniero\/visti\/altre-tipologie-di-visto-dingresso\/"},"modified":"2023-12-05T15:33:22","modified_gmt":"2023-12-05T14:33:22","slug":"altre-tipologie-di-visto-dingresso","status":"publish","type":"page","link":"https:\/\/ambbelgrado.esteri.it\/sr\/servizi-consolari-e-visti\/servizi-per-il-cittadino-straniero\/visti\/altre-tipologie-di-visto-dingresso\/","title":{"rendered":"Ostale vrste viza"},"content":{"rendered":"<p><strong>NOVO:<\/strong><\/p>\n<p>Sada je preko servisa <a href=\"it\/informazioni_e_servizi\/visti\/prenota-online-appuntamento-per\">Prenot@mi<\/a> Italijanske ambasade u Beogradu mogu\u0107e zakazati \u00a0termine za sve vrste viza po\u010dev od 2.1.2020.<\/p>\n<p>Korisnici mogu podneti li\u010dno zahtev za vizu u kratkom roku\u00a0 odeljenju za vize Ambasade ukoliko se prethodno termin za podno\u0161enje zahteva zaka\u017ee<strong> preko servisa <\/strong><a href=\"sr\/informazioni_e_servizi\/visti\/prenota-online-appuntamento-per\/\"><strong>\u201cPrenot@mi\u201d<\/strong><\/a> na ovom sajtu.<\/p>\n<p>Molimo vas da do\u0111ete u zakazanom terminu sa dokumentacijom neophodnom za vrstu vize koju tra\u017eite.<\/p>\n<p>Osnovna dokumentacija koju treba podneti uz zahtev za izdavanje bilo koje vrste vize:<\/p>\n<ul>\n<li><a href=\"..\/ambasciata_belgrado\/sr\/informazioni_e_servizi\/visti\/formulari-e-modulistica-per-i-visti\/\">Obrazac zahteva<\/a> za izdavanje vize popunjen \u0161tampanim slovima latinicom i potpisan;<\/li>\n<li>Jedna novija fotografija formata 3,5 x 4 cm u boji sa belom pozadinom;<\/li>\n<li>Paso\u0161 koji va\u017ei bar 90 dana posle isteka tra\u017eene vize i koji ima bar dve prazne strane;<\/li>\n<li>Fotokopija strane paso\u0161a koja sadr\u017ei li\u010dne podatke;<\/li>\n<li>Fotokopija dozvole boravka u Srbiji koja se nalazi u paso\u0161u (va\u017ei za sve strane dr\u017eavljane);<\/li>\n<li><a href=\"..\/ambasciata_belgrado\/sr\/informazioni_e_servizi\/visti\/tariffe-e-tempi-di-rilascio-di\/\">Cena vize<\/a> se pla\u0107a isklju\u010divo u eurima u gotovom u trenutku predaje zahteva.<\/li>\n<\/ul>\n<p><strong>Spisak dokumenata <\/strong>mo\u017eete pogledati na sajtu \u201cVisto per l\u2019talia\u201c koji je pripremilo italijansko ministarstvo spoljnih poslova koji se mo\u017ee pogledati na italijanskom, engleskom, arapskom, ruskom i kineskom jeziku: <a href=\"http:\/\/vistoperitalia.esteri.it\/home\/en\">kliknite ovde (Il visto per l\u2019Italia).<\/a><\/p>\n<p><strong>PA\u017dNJA<\/strong>:<br \/>\nZahtevi za izdavanje viza za usvajanje, le\u010denje i turizam\u00a0 koje podnose strani dr\u017eavljani u srodstvu sa gra\u0111anima EU (npr. bra\u010dni drug, deca, roditelji) mogu se podneseti direktno bez zakazivanja tokom radnog vremena odeljenja za vize. Isto va\u017ei i za slu\u017ebene zahteve za vize (npr. zahtevi koji se podnose uz Verbalne Note). Mo\u017eete zakazati termin za podno\u0161enje zateva za vizu i putem mejla direktno na adresu navedenu u odgovaraju\u0107em odeljku (pi\u0161i odeljenju za vize).<\/p>\n","protected":false},"excerpt":{"rendered":"NOVO: Sada je preko servisa Prenot@mi Italijanske ambasade u Beogradu mogu\u0107e zakazati \u00a0termine za sve vrste viza po\u010dev od 2.1.2020. Korisnici mogu podneti li\u010dno zahtev za vizu u kratkom roku\u00a0 odeljenju za vize Ambasade ukoliko se prethodno termin za podno\u0161enje zahteva zaka\u017ee preko servisa \u201cPrenot@mi\u201d na ovom sajtu. Molimo vas da do\u0111ete u zakazanom terminu [&hellip;]","protected":false},"author":1,"featured_media":0,"parent":183,"menu_order":4,"comment_status":"closed","ping_status":"closed","template":"","meta":{"footnotes":""},"class_list":["post-8979","page","type-page","status-publish","hentry"],"_links":{"self":[{"href":"https:\/\/ambbelgrado.esteri.it\/sr\/wp-json\/wp\/v2\/pages\/8979","targetHints":{"allow":["GET"]}}],"collection":[{"href":"https:\/\/ambbelgrado.esteri.it\/sr\/wp-json\/wp\/v2\/pages"}],"about":[{"href":"https:\/\/ambbelgrado.esteri.it\/sr\/wp-json\/wp\/v2\/types\/page"}],"author":[{"embeddable":true,"href":"https:\/\/ambbelgrado.esteri.it\/sr\/wp-json\/wp\/v2\/users\/1"}],"replies":[{"embeddable":true,"href":"https:\/\/ambbelgrado.esteri.it\/sr\/wp-json\/wp\/v2\/comments?post=8979"}],"version-history":[{"count":1,"href":"https:\/\/ambbelgrado.esteri.it\/sr\/wp-json\/wp\/v2\/pages\/8979\/revisions"}],"predecessor-version":[{"id":8980,"href":"https:\/\/ambbelgrado.esteri.it\/sr\/wp-json\/wp\/v2\/pages\/8979\/revisions\/8980"}],"up":[{"embeddable":true,"href":"https:\/\/ambbelgrado.esteri.it\/sr\/wp-json\/wp\/v2\/pages\/183"}],"wp:attachment":[{"href":"https:\/\/ambbelgrado.esteri.it\/sr\/wp-json\/wp\/v2\/media?parent=8979"}],"curies":[{"name":"wp","href":"https:\/\/api.w.org\/{rel}","templated":true}]}}