{"id":827,"date":"2023-11-03T11:31:03","date_gmt":"2023-11-03T10:31:03","guid":{"rendered":"https:\/\/ambbelgrado.esteri.it\/?page_id=827"},"modified":"2025-11-19T11:51:50","modified_gmt":"2025-11-19T10:51:50","slug":"fiskalni-kod-codice-fiscale","status":"publish","type":"page","link":"https:\/\/ambbelgrado.esteri.it\/sr\/servizi-consolari-e-visti\/servizi-per-il-cittadino-straniero\/fiskalni-kod-codice-fiscale\/","title":{"rendered":"Fiskalni kod (Codice Fiscale)"},"content":{"rendered":"<p>Fiskalni kod je neophodan svim osobama koje treba da obavljaju finansijske operacije vezane za vlasni\u0161tvo i\/ili nasledstvo u Italiji te s toga mo\u017ee da se izda i osobama koje nemaju italijansko dr\u017eavljanstvo.<\/p>\n<p>Usluga izdavanja fiskalnog koda je besplatna i izdaje se samo privatnim licima.<\/p>\n<p>Preduze\u0107a i Firme treba da tra\u017ee fiskalni kod u Italiji od nadle\u017enih Agencija za prihode.<\/p>\n<p>Zahtev za izdavanje fiskalnog koda mo\u017ee da se podnese sa popunjenim formularom (<a href=\"https:\/\/ambbelgrado.esteri.it\/wp-content\/uploads\/2023\/10\/modello_editabile_aa4_8_aa4-8_ita.pdf\">kliknite ovde<\/a>).<\/p>\n<p>Posle obrade zahteva, zainteresovana osoba \u0107e dobiti svoj fiskalni kod <strong>u elektronskom formatu<\/strong> putem e-mejla<strong>.<br \/>\nOvo Konzularno odeljenje ne izdaje plastificirane kartice.<\/strong><\/p>\n<p>Slede\u0107u dokumentaciju treba prilo\u017eiti uz zahtev i poslati na adresu elektronske po\u0161te <a href=\"mailto:consolare.belgrado@esteri.it\">consolare.belgrado@esteri.it<\/a>:<\/p>\n<p><strong>1) Fotokopija li\u010dnog va\u017ee\u0107eg dokumenta;<\/strong><\/p>\n<p><strong>Pa\u017enja:<\/strong> fiskalni kod se izdaje na osnovu li\u010dnih podataka (ime, prezime, mesto i datum ro\u0111enja itd). Italijanske dr\u017eavljanke koje su udate i koje poseduju jo\u0161 neko strano dr\u017eavljanstvo treba da dostave i fotokopiju italijanskog li\u010dnog dokumenta (paso\u0161 ili li\u010dnu kartu) ili fotokopiju italijanskog izvoda iz mati\u010dne knjige rodjenih.<\/p>\n<p><strong>2) Fotokopija dokaza o boravi\u0161tu<\/strong> (npr. ra\u010dun infostana, bankovni ra\u010dun, dozvola boravka, itd).<\/p>\n<p>Zahtevi za izdavanje fiskalnog koda obra\u0111uju se prema redosledu dolaska i u roku od 30 dana od prijema.<\/p>\n<p>Ukoliko posedujete pogre\u0161an fiskalni kod izdat u Italiji obratite se direktno nadle\u017enoj Agenciji za prihode.<\/p>\n<p><strong>PRISTUP ELEKTRONSKIM USLUGAMA FISCONLINE PUTEM SPID-a<\/strong><\/p>\n<p>SPID zamenjuje prethodne PIN li\u010dne identifikacione brojeve za pristup platformi \u201cFisconline\u201d radi podno\u0161enja prijave prihoda.<\/p>\n<p>Sve informacije dostupne su na internet stranici italijanske Poreske uprave: <a href=\"https:\/\/www.agenziaentrate.gov.it\/wps\/portal\/entrate\/home\">https:\/\/www.agenziaentrate.gov.it\/wps\/portal\/entrate\/home<\/a><\/p>\n<p>Od 1. oktobra 2020. godine, SPID (Javni sistem za digitalni identitet) omogu\u0107ava pristup elektronskim uslugama dr\u017eavne Uprave registrovanim privatnim licima putem uspostavljanja jedinstvenog Digitalnog Identiteta koji se mo\u017ee koristiti sa ra\u010dunara, tableta i pametnih telefona.<\/p>\n<p><strong>Italijanski dr\u017eavljani sa boravkom u inostranstvu DU\u017dNI SU da podnesu zahtev za SPID do 31. decembra 2022. godine.<\/strong><\/p>\n<p>SPID je besplatan. Za vi\u0161e informacija i spisak operatera videti: <a href=\"https:\/\/www.spid.gov.it\/richiedi-spid?lang=it\">https:\/\/www.spid.gov.it\/richiedi-spid?lang=it<\/a><\/p>\n<p>SPID \u0107e postati jedini vid pristupa usluzi FASTIT, dakle jedini na\u010din za kori\u0161\u0107enje najve\u0107eg broja konzularnih usluga.<\/p>\n<p>Za dobijanje SPID identifikacije potrebno je slede\u0107e:<\/p>\n<p>\u2022 va\u017ee\u0107i italijanski identifikacioni dokument (li\u010dna karta, paso\u0161, voza\u010dka dozvola);<\/p>\n<p>\u2022 potvrda o dodeljenom li\u010dnom poreskom broju (Codice fiscale); (za postupak izdavanja li\u010dnog poreskog broja videti informacije na po\u010detku ove stranice)<\/p>\n<p>\u2022 e-mail adresa;<\/p>\n<p>\u2022 broj mobilnog telefona za li\u010dnu upotrebu (proveriti da li usluga posebno zahteva uno\u0161enje italijanskog broja telefona, imaju\u0107i u vidu da to mo\u017ee stvarati pote\u0161ko\u0107e prilikom slanja ili prijema poruka).<\/p>\n<p>Italijanskim dr\u017eavljanima koji borave u inostranstvu preporu\u010duje se izbor operatera koji pru\u017ea mogu\u0107nost identifikacije putem veb kamere ili preko aplikacije na pametnom telefonu.<\/p>\n","protected":false},"excerpt":{"rendered":"Fiskalni kod je neophodan svim osobama koje treba da obavljaju finansijske operacije vezane za vlasni\u0161tvo i\/ili nasledstvo u Italiji te s toga mo\u017ee da se izda i osobama koje nemaju italijansko dr\u017eavljanstvo. Usluga izdavanja fiskalnog koda je besplatna i izdaje se samo privatnim licima. Preduze\u0107a i Firme treba da tra\u017ee fiskalni kod u Italiji od [&hellip;]","protected":false},"author":5,"featured_media":0,"parent":182,"menu_order":13,"comment_status":"closed","ping_status":"closed","template":"","meta":{"footnotes":""},"class_list":["post-827","page","type-page","status-publish","hentry"],"_links":{"self":[{"href":"https:\/\/ambbelgrado.esteri.it\/sr\/wp-json\/wp\/v2\/pages\/827","targetHints":{"allow":["GET"]}}],"collection":[{"href":"https:\/\/ambbelgrado.esteri.it\/sr\/wp-json\/wp\/v2\/pages"}],"about":[{"href":"https:\/\/ambbelgrado.esteri.it\/sr\/wp-json\/wp\/v2\/types\/page"}],"author":[{"embeddable":true,"href":"https:\/\/ambbelgrado.esteri.it\/sr\/wp-json\/wp\/v2\/users\/5"}],"replies":[{"embeddable":true,"href":"https:\/\/ambbelgrado.esteri.it\/sr\/wp-json\/wp\/v2\/comments?post=827"}],"version-history":[{"count":3,"href":"https:\/\/ambbelgrado.esteri.it\/sr\/wp-json\/wp\/v2\/pages\/827\/revisions"}],"predecessor-version":[{"id":14239,"href":"https:\/\/ambbelgrado.esteri.it\/sr\/wp-json\/wp\/v2\/pages\/827\/revisions\/14239"}],"up":[{"embeddable":true,"href":"https:\/\/ambbelgrado.esteri.it\/sr\/wp-json\/wp\/v2\/pages\/182"}],"wp:attachment":[{"href":"https:\/\/ambbelgrado.esteri.it\/sr\/wp-json\/wp\/v2\/media?parent=827"}],"curies":[{"name":"wp","href":"https:\/\/api.w.org\/{rel}","templated":true}]}}