{"id":642,"date":"2023-10-25T09:32:00","date_gmt":"2023-10-25T07:32:00","guid":{"rendered":"https:\/\/ambbelgrado.esteri.it\/?page_id=642"},"modified":"2023-10-25T09:32:48","modified_gmt":"2023-10-25T07:32:48","slug":"90-godina-ambasade-italije","status":"publish","type":"page","link":"https:\/\/ambbelgrado.esteri.it\/sr\/chi-siamo\/la-sede\/90-godina-ambasade-italije\/","title":{"rendered":"90 godina Ambasade Italije"},"content":{"rendered":"<div class=\"row\">\n<div class=\"col-md-6 col-sm-12 col-xs-24\"><\/div>\n<div class=\"col-md-17 col-sm-12 col-xs-24 share\">\n<div class=\"moduletable\">\n<div>\n<div class=\"addthis_toolbox addthis_default_style \"><\/div>\n<\/div>\n<\/div>\n<\/div>\n<\/div>\n<hr \/>\n<div class=\"sr-only\">\n<div><\/div>\n<\/div>\n<div>\n<p><img loading=\"lazy\" decoding=\"async\" src=\"https:\/\/ambbelgrado.esteri.it\/ambasciata_belgrado\/resource\/img\/2016\/02\/nuovo_logo_ambasciata_vettoriale_90_anni.jpg\" alt=\"90 godina Ambasade Italije u Beogradu\" width=\"529\" height=\"193\" \/><\/p>\n<p>&nbsp;<\/p>\n<p><strong>1926-2016: 90 godina Ambasade Italije u Beogradu<\/strong><\/p>\n<p>&nbsp;<\/p>\n<p>Zgrada Ambasade Italije u Beogradu puni ove godine 90 godina.<\/p>\n<p>Sagra\u0111eno po \u017eelji <strong><a href=\"https:\/\/ambbelgrado.esteri.it\/ambasciata_belgrado\/resource\/img\/2016\/02\/regina_elena_di_savoia.jpg\">kraljice Elene<\/a><\/strong> (crnogorske princeze Jelene) po projektu arhitekte Florestana di Fausta, <a href=\"https:\/\/ambbelgrado.esteri.it\/ambasciata_belgrado\/resource\/img\/2016\/02\/il_palazzo_in_bircaninova.jpg\"><strong>zdanje<\/strong><\/a> i simboli\u010dki predstavlja dugu i bogatu tradiciju odnosa izme\u0111u Rima i Beograda: Ambasada je sagra\u0111ena u centralnoj zoni prestonice, u blizini najzna\u010dajnijih dr\u017eavnih institucija (Predsedni\u0161tva, Skup\u0161tine, Vlade, Ministarstva spoljnih poslova) i oboga\u0107ena name\u0161tajem i vrednim umetni\u010dkim delima donetim iz Italije. Od tada Ambasada predstavlja jedinstveni okvir za sve najva\u017enije trenutke tokom kojih su se razvijali izuzetni odnosi izme\u0111u dve zemlje.<\/p>\n<p>Danas kada su odnosi izme\u0111u dve zemlje izuzetno \u017eivi, sa Italijom kao primarnim ekonomskim partnerom i podr\u0161kom Srbiji na njenom evropskom putu, zdanje u Bir\u010daninovoj ulici i nakon 90 godina od nastanka predstavlja vidljivi i prepoznatljivi simbol ovih odnosa.<\/p>\n<p>Da bi obele\u017eila jubilej i njegov simboli\u010dki zna\u010daj, Ambasada \u0107e realizovati <a href=\"http:\/\/www.ambbelgrado.esteri.it\/ambasciata_belgrado\/sr\/ambasciata\/la_sede\/i-90-anni-dell-ambasciata\/programma-degli-eventi-realizzati.html\"><strong>niz sve\u010danosti<\/strong><\/a> koje \u0107e se uz <a href=\"https:\/\/ambbelgrado.esteri.it\/ambasciata_belgrado\/resource\/img\/2016\/02\/nuovo_logo_ambasciata_vettoriale_90_anni.jpg\"><strong>novi logo<\/strong><\/a> odvijati kroz doga\u0111aje i inicijative tokom 2016. godine.<\/p>\n<p>Osim sve\u010danih doga\u0111aja, za devedesetogodi\u0161nji jubilej bi\u0107e vezan i projekat obnove i konzervacije umetni\u010dkih dela i name\u0161taja, kao i projekti <a href=\"http:\/\/www.ambbelgrado.esteri.it\/ambasciata_belgrado\/sr\/ambasciata\/la_sede\/giovane-a-90-anni.html\"><strong>pobolj\u0161anja struktura, naro\u010dito onih koje se ti\u010du energetske efikasnosti Ambasade<\/strong><\/a>, u okviru inicijative <a href=\"http:\/\/www.esteri.it\/mae\/it\/ministero\/farnesinaverde\/\"><strong>Zeleno Ministarstvo spoljnih poslova Italije<\/strong><\/a>, kako bi se naglasila \u017eelja da se sa\u010duva i stvarna i simboli\u010dka vrednost ovog zdanja za odnose izme\u0111u Italije i Srbije.<\/p>\n<p>Zna\u010dajno je i to \u0161to su neka preduze\u0107a kao i privatna lica, koji \u010dine sastavni deo mre\u017ee odnosa izme\u0111u Srbije i Italije, izrazila interesovanje za u\u010de\u0161\u0107e i <a href=\"http:\/\/www.ambbelgrado.esteri.it\/ambasciata_belgrado\/sr\/ambasciata\/la_sede\/sponsorizzazioni.html\"><strong>doprinos u ovom projektu<\/strong><\/a>.<\/p>\n<\/div>\n","protected":false},"excerpt":{"rendered":"&nbsp; 1926-2016: 90 godina Ambasade Italije u Beogradu &nbsp; Zgrada Ambasade Italije u Beogradu puni ove godine 90 godina. Sagra\u0111eno po \u017eelji kraljice Elene (crnogorske princeze Jelene) po projektu arhitekte Florestana di Fausta, zdanje i simboli\u010dki predstavlja dugu i bogatu tradiciju odnosa izme\u0111u Rima i Beograda: Ambasada je sagra\u0111ena u centralnoj zoni prestonice, u blizini [&hellip;]","protected":false},"author":5,"featured_media":0,"parent":163,"menu_order":3,"comment_status":"closed","ping_status":"closed","template":"","meta":{"footnotes":""},"class_list":["post-642","page","type-page","status-publish","hentry"],"_links":{"self":[{"href":"https:\/\/ambbelgrado.esteri.it\/sr\/wp-json\/wp\/v2\/pages\/642","targetHints":{"allow":["GET"]}}],"collection":[{"href":"https:\/\/ambbelgrado.esteri.it\/sr\/wp-json\/wp\/v2\/pages"}],"about":[{"href":"https:\/\/ambbelgrado.esteri.it\/sr\/wp-json\/wp\/v2\/types\/page"}],"author":[{"embeddable":true,"href":"https:\/\/ambbelgrado.esteri.it\/sr\/wp-json\/wp\/v2\/users\/5"}],"replies":[{"embeddable":true,"href":"https:\/\/ambbelgrado.esteri.it\/sr\/wp-json\/wp\/v2\/comments?post=642"}],"version-history":[{"count":2,"href":"https:\/\/ambbelgrado.esteri.it\/sr\/wp-json\/wp\/v2\/pages\/642\/revisions"}],"predecessor-version":[{"id":644,"href":"https:\/\/ambbelgrado.esteri.it\/sr\/wp-json\/wp\/v2\/pages\/642\/revisions\/644"}],"up":[{"embeddable":true,"href":"https:\/\/ambbelgrado.esteri.it\/sr\/wp-json\/wp\/v2\/pages\/163"}],"wp:attachment":[{"href":"https:\/\/ambbelgrado.esteri.it\/sr\/wp-json\/wp\/v2\/media?parent=642"}],"curies":[{"name":"wp","href":"https:\/\/api.w.org\/{rel}","templated":true}]}}