{"id":633,"date":"2023-10-24T16:22:08","date_gmt":"2023-10-24T14:22:08","guid":{"rendered":"https:\/\/ambbelgrado.esteri.it\/?page_id=633"},"modified":"2023-10-24T16:22:51","modified_gmt":"2023-10-24T14:22:51","slug":"produzenje-italijanske-vozacke-dozvole","status":"publish","type":"page","link":"https:\/\/ambbelgrado.esteri.it\/sr\/servizi-consolari-e-visti\/servizi-per-il-cittadino-italiano\/produzenje-italijanske-vozacke-dozvole\/","title":{"rendered":"PRODU\u017dENJE ITALIJANSKE VOZA\u010cKE DOZVOLE"},"content":{"rendered":"<div>\n<p><strong>Koja lica imaju mogu\u0107nost da produ\u017ee svoju italijansku voza\u010dku dozvolu u inostranstvu?<\/strong><\/p>\n<p>\u2022 Italijanski dr\u017eavljani, upisani u AIRE, koji ispunjavaju psiho-fizi\u010dke uslove u skladu s va\u017ee\u0107im propisima, koji za to imaju uverenje lekara preporu\u010denih od strane Ambasade, a \u010dija je voza\u010dka dozvola istekla pre ne vi\u0161e od pet godina<\/p>\n<p>\u2022 ne mogu produ\u017eiti voza\u010dku dozvolu u inostranstvu dijabeti\u010dari, lica sa invaliditetom ili fizi\u010dkim hendikepom; lica starija od 65 godina za vozila ukupne mase preko 3,5 t pod punim tovarom, za kamione s prikolicom i \u0161lepere za prevoz robe ukupne mase pod punim tovarom do 20 t, za gra\u0111evinska vozila i ma\u0161ine: za te kategorije je potreban sistematski lekarski pregled pri nadle\u017enim zdravstvenim slu\u017ebama (ASL) u Italiji<\/p>\n<p><strong>Za koje kategorije i na koji period se vr\u0161i produ\u017eenje voza\u010dke dozvole u inostranstvu?<\/strong><\/p>\n<p>Voza\u010dka dozvola se produ\u017eava tokom trajanja boravka nosioca u inostranstvu, uz slede\u0107a ograni\u010denja:<\/p>\n<table class=\"table\" border=\"2\" frame=\"border\" rules=\"all\">\n<tbody>\n<tr>\n<td>KATEGORIJA<br \/>\nDOZVOLE<\/td>\n<td colspan=\"5\">PERIOD VA\u017dENJA VOZA\u010cKE DOZVOLE<\/td>\n<\/tr>\n<tr>\n<td><\/td>\n<td>&lt; 50 godina<\/td>\n<td>&gt; 50 godina<\/td>\n<td>&gt; 60 godina<\/td>\n<td>&gt; 65 godina<\/td>\n<td>&gt; 70 godina<\/td>\n<\/tr>\n<tr>\n<td>A<\/td>\n<td>10<\/td>\n<td>5<\/td>\n<td>5<\/td>\n<td>5<\/td>\n<td>3<\/td>\n<\/tr>\n<tr>\n<td>B<\/td>\n<td>10<\/td>\n<td>5<\/td>\n<td>5<\/td>\n<td>5<\/td>\n<td>3<\/td>\n<\/tr>\n<tr>\n<td>C<\/td>\n<td>5<\/td>\n<td>5<\/td>\n<td>5<\/td>\n<td>2<\/td>\n<td>2<\/td>\n<\/tr>\n<tr>\n<td>D<\/td>\n<td>5<\/td>\n<td>5<\/td>\n<td>1<\/td>\n<td><\/td>\n<td><\/td>\n<\/tr>\n<tr>\n<td>E<\/td>\n<td colspan=\"5\">Voza\u010dke dozvole kategorije E (BE, CE, itd.) imaju isto va\u017eenje kao i dozvole uz koje su izdate<\/td>\n<\/tr>\n<\/tbody>\n<\/table>\n<p><strong>Dokumenti koje treba prilo\u017eiti za produ\u017eenje italijanske voza\u010dke dozvole<\/strong><\/p>\n<p>\u2022 Uverenje o zdravstvenoj sposobnosti za upravljanje motornim vozilima koje izdaje lekar kog preporu\u010duje Ambasada. Za uverenje je potrebno obaviti lekarski pregled u ordinaciji lekara od poverenja ove ambasade:<\/p>\n<ul>\n<li>dr Sne\u017eana \u010cAPRI\u0106<br \/>\nmob. 063 301094,<\/li>\n<\/ul>\n<p>ili<\/p>\n<ul>\n<li>dr Marija MILETI\u0106, lekar op\u0161te prakse i specijalista interne medicine<br \/>\n(jezici: srpski, engleski i italijanski)<br \/>\nmob. 063 7798111 &#8211; e-mail: <a href=\"mailto:drmarijamiletic@gmail.com\">drmarijamiletic@gmail.com<\/a><\/li>\n<\/ul>\n<p>\u2022 Zahtev za produ\u017eenje voza\u010dke dozvole. Formular je dostupan u ordinaciji lekara od poverenja<br \/>\n\u2022 Istekla voza\u010dka dozvola<br \/>\n\u2022 Cena usluge: 65,00 evra u gotovini. Pa\u017enja: ne prihvataju se druge valute<\/p>\n<p><strong>Kako se produ\u017eava dozvola?<\/strong><\/p>\n<p>Izdaje se posebna &#8222;Konzularna potvrda o va\u017eenju voza\u010dke dozvole&#8220;, koja va\u017ei isklju\u010divo za vreme boravka u inostranstvu i koja se \u010duva uz originalnu isteklu voza\u010dku dozvolu i, na zahtev, zajedno s njom se prila\u017ee na uvid<\/p>\n<p><strong>Dozvola produ\u017eena pri diplomatskom ili konzularnom predstavni\u0161tvu va\u017ei za upravljanje vozilom i u Italiji i u inostranstvu.<\/strong><\/p>\n<p>Pa\u017enja: Po kona\u010dnom povratku u Italiju, nosilac dozvole se mora obratiti nadle\u017enoj slu\u017ebi (Ufficio Provinciale della Motorizzazione Civile) za potvrdu produ\u017eenja dozvole u inostranstvu.<\/p>\n<\/div>\n","protected":false},"excerpt":{"rendered":"Koja lica imaju mogu\u0107nost da produ\u017ee svoju italijansku voza\u010dku dozvolu u inostranstvu? \u2022 Italijanski dr\u017eavljani, upisani u AIRE, koji ispunjavaju psiho-fizi\u010dke uslove u skladu s va\u017ee\u0107im propisima, koji za to imaju uverenje lekara preporu\u010denih od strane Ambasade, a \u010dija je voza\u010dka dozvola istekla pre ne vi\u0161e od pet godina \u2022 ne mogu produ\u017eiti voza\u010dku dozvolu [&hellip;]","protected":false},"author":5,"featured_media":0,"parent":169,"menu_order":1,"comment_status":"closed","ping_status":"closed","template":"","meta":{"footnotes":""},"class_list":["post-633","page","type-page","status-publish","hentry"],"_links":{"self":[{"href":"https:\/\/ambbelgrado.esteri.it\/sr\/wp-json\/wp\/v2\/pages\/633","targetHints":{"allow":["GET"]}}],"collection":[{"href":"https:\/\/ambbelgrado.esteri.it\/sr\/wp-json\/wp\/v2\/pages"}],"about":[{"href":"https:\/\/ambbelgrado.esteri.it\/sr\/wp-json\/wp\/v2\/types\/page"}],"author":[{"embeddable":true,"href":"https:\/\/ambbelgrado.esteri.it\/sr\/wp-json\/wp\/v2\/users\/5"}],"replies":[{"embeddable":true,"href":"https:\/\/ambbelgrado.esteri.it\/sr\/wp-json\/wp\/v2\/comments?post=633"}],"version-history":[{"count":1,"href":"https:\/\/ambbelgrado.esteri.it\/sr\/wp-json\/wp\/v2\/pages\/633\/revisions"}],"predecessor-version":[{"id":634,"href":"https:\/\/ambbelgrado.esteri.it\/sr\/wp-json\/wp\/v2\/pages\/633\/revisions\/634"}],"up":[{"embeddable":true,"href":"https:\/\/ambbelgrado.esteri.it\/sr\/wp-json\/wp\/v2\/pages\/169"}],"wp:attachment":[{"href":"https:\/\/ambbelgrado.esteri.it\/sr\/wp-json\/wp\/v2\/media?parent=633"}],"curies":[{"name":"wp","href":"https:\/\/api.w.org\/{rel}","templated":true}]}}