{"id":608,"date":"2023-10-24T12:36:41","date_gmt":"2023-10-24T10:36:41","guid":{"rendered":"https:\/\/ambbelgrado.esteri.it\/?page_id=608"},"modified":"2024-03-13T15:31:28","modified_gmt":"2024-03-13T14:31:28","slug":"uputstva-za-predupis-na-italijanske-univerzitete-za-strane-studente-sa-boravistem-u-republici-srbiji","status":"publish","type":"page","link":"https:\/\/ambbelgrado.esteri.it\/sr\/servizi-consolari-e-visti\/servizi-per-il-cittadino-straniero\/studiranje\/uputstva-za-predupis-na-italijanske-univerzitete-za-strane-studente-sa-boravistem-u-republici-srbiji\/","title":{"rendered":"UPUTSTVA ZA PREDUPIS NA ITALIJANSKE UNIVERZITETE ZA STRANE STUDENTE SA BORAVI\u0160TEM U REPUBLICI SRBIJI"},"content":{"rendered":"<p><strong>Univerzitet i predupis na univerzitete<\/strong><\/p>\n<p><strong>UNIVERZITET U ITALIJI<\/strong><\/p>\n<p>Op\u0161te informacije koje se ti\u010du organizacije italijanskih univerziteta i njihovog na\u010dina rada, dostupne su na internet stranici Ministarstva prosvete Republike Italije &#8211; <a href=\"http:\/\/www.miur.gov.it\">MIUR<\/a>.<\/p>\n<p>Spisak visoko\u0161kolskih institucija dostupan je preko specijalnog pretra\u017eiva\u010da <a href=\"https:\/\/cercauniversita.cineca.it\/\">CINECA<\/a>.<\/p>\n<p>Strani studenti koji \u017eele da studiraju na nekom od italijanskih univerziteta mogu prona\u0107i informacije o mestima rezervisanim za strance na stranici Ministarstva prosvete Republike Italije u odeljku sa obrazovnom ponudom &#8211; <a href=\"https:\/\/www.miur.gov.it\/web\/guest\/offerta-e-orientamento\"><em>Offerta formativa<\/em><\/a>.<\/p>\n<p>Ministarstvo prosvete Republike Italije (MIUR) je na svom portalu Universitaly kada se pristupi sa linka <a href=\"https:\/\/www.universitaly.it\/index.php\/public\/cercacorsiInglese\">https:\/\/www.universitaly.it\/index.php\/public\/cercacorsiInglese<\/a>, omogu\u0107ilo pretragu studijskih programa na engleskom jeziku sa ciljem da se olak\u0161a izbor stranim studentima koji \u017eele da deo svojih akademskih studija ostvare u Italiji.<\/p>\n<p><strong>VIZA ZA STUDIRANJE\/UPIS NA UNIVERZITET: ZA FAQ O DOBIJANJU VIZA KLIKNITE <a href=\"https:\/\/ambbelgrado.esteri.it\/ambasciata_belgrado\/resource\/doc\/2023\/07\/obavetenje_studentima__aa2023-24.pdf\">OVDE<\/a><\/strong>. Za vi\u0161e informacija o postupku izdavanja viza i spisak dokumentacije koju treba podneti posetite odeljak <a href=\"https:\/\/ambbelgrado.esteri.it\/ambasciata_belgrado\/sr\/informazioni_e_servizi\/visti\/\">VIZE<\/a> ovog sajta.<\/p>\n<p>&nbsp;<\/p>\n<p><strong>&#8211; VA\u017dNO &#8211;<br \/>\n<\/strong><\/p>\n<p><strong>AKADEMSKA GODINA 2024\/2025 \u2013 PROCEDURE ZA PREDUPIS NA STUDIJSKE PROGRAME PRVOG I DRUGOG STEPENA (LAUREA E LAUREA MAGISTRALE) I NA KURSEVE INSTITUCIJA AFAM<\/strong><\/p>\n<p>Obave\u0161tavamo vas da je predupis na univerzitete za akademsku 2024\/2025. godinu otvoren (<a href=\"https:\/\/www.studiare-in-italia.it\/studentistranieri\/\">https:\/\/www.studiare-in-italia.it\/studentistranieri\/<\/a>\u00a0).<\/p>\n<p>Rokove za predupis na studijske programe prvog i drugog stepena (Laurea, Laurea magistrale) i na kurseve AFAM institucija, sa izuzetkom studijskih programa sa programiranim pristupom, svaki univerzitet pojedina\u010dno odre\u0111uje i objavljuje na svojoj zvani\u010dnoj internet stranici.<\/p>\n<p>Strani studenti (dr\u017eavljani zemalja koje ne pripadaju EU) sa prebivali\u0161tem u Srbiji koji nameravaju da se upi\u0161u na studije u Italiji za akademsku 2023\/2024 godinu treba da slede digitalizovanu proceduru.<\/p>\n<ol>\n<li><strong>A)<\/strong>Studenti treba da pristupe portalu Universitaly i popune odgovaraju\u0107u prijavu \u201cdomanda di preiscrizione\u201d u elektronskoj formi (<a href=\"https:\/\/www.universitaly.it\/index.php\/registration\/firststep\">https:\/\/www.universitaly.it\/index.php\/registration\/firststep<\/a>). U okviru samog portala UNIVERSITALY dostupne su sve informacije koje imaju za cilj da olak\u0161aju kandidatima pristup studijskim programima i visoko\u0161kolskim institucijama i pomognu popunjavanje prijave za predupis.<\/li>\n<\/ol>\n<p><strong>VA\u017dNO<\/strong>: Prilikom prve registracije na portal UNIVERSITALY sistem \u0107e automatski dodeliti privremeni fiskalni kod\u00a0<em>codice fiscale provisorio.<\/em><\/p>\n<p>Informacije za podno\u0161enje zahteva za dobijanje definitivnog fiskalnog koda (<em>codice fiscale<\/em>) nalaze se na slede\u0107em linku:\u00a0<a href=\"https:\/\/ambbelgrado.esteri.it\/ambasciata_belgrado\/sr\/informazioni_e_servizi\/servizi_consolari\/codice-fiscale.html\">https:\/\/ambbelgrado.esteri.it\/ambasciata_belgrado\/sr\/informazioni_e_servizi\/servizi_consolari\/codice-fiscale.html<\/a><\/p>\n<ol>\n<li><strong>B)<\/strong>Odabrana institucija \u0107e izvr\u0161iti validaciju prijave za predupis uno\u0161enjem potrebnih podataka na portal UNIVERSITALY. Univerzitet \u0107e navesti da li je utvr\u0111ena autenti\u010dnost dokumenata i za koje dokumente je utvr\u0111ena, i nazna\u010diti da li je neophodno da diplomatsko-konzularno predstavni\u0161tvo izda potvrdu o validnosti diplome (Dichiarazione di valore). Univerzitet mo\u017ee izdati potvdu o podobnosti kandidata za predupis (Lettera di idoneit\u00e0 all\u2019immatricolazione) iprilo\u017eiti je uz prijavu za predupis (primer\u00a0<a href=\"https:\/\/www.studiare-in-italia.it\/studentistranieri\/moduli\/2022\/Modello_D.pdf\">Modello D<\/a>).<\/li>\n<li><strong>C) studijski programi sa programiranim pristupom<\/strong><\/li>\n<\/ol>\n<p>Obavezno je polaganje prijemnog ispita za upis na slede\u0107e studijske programe sa ograni\u010denim brojem mesta na nacionalnom nivou:<\/p>\n<ul>\n<li><em>Corsi di Laurea e di Laurea Magistrale direttamente finalizzati alla formazione di<\/em><\/li>\n<\/ul>\n<p><em>Architetto<\/em>\u00a0(Studijski programi prvog i drugog stepena iz arhitekture)<\/p>\n<ul>\n<li><em>Corso di Laurea Magistrale in Medicina e Chirurgia e Corso di Laurea Magistrale in Odontoiatria e Protesi Dentaria<\/em>(Integrisane studije medicine i hirurgije, Integrisane studije stomatologije i dentalne protetike)<\/li>\n<li><em>Corso di Laurea Magistrale in Medicina Veterinaria<\/em>(Integrisane studije veterine)<\/li>\n<li><em>Corsi di Laurea e di Laurea Magistrale delle Professioni Sanitarie<\/em>(Studijski programi prvog i drugog stepena za zdravstvene struke)<\/li>\n<li><em>Corso di Laurea Magistrale in Scienze della Formazione Primaria<\/em>(Integrisane studije za obrazovanje nastavnika \u2013 U\u010diteljski fakulteti)<\/li>\n<\/ul>\n<p>Studenti koji \u017eele da se upi\u0161u na studijske programe sa ograni\u010denim pristupom treba da se registruju za prijemni ispit u skladu sa procedurama aktiviranim na portalu\u00a0<a href=\"https:\/\/www.universitaly.it\/\">https:\/\/www.universitaly.it\/<\/a>.<\/p>\n<ol>\n<li>D) Podse\u0107amo kandidate koji \u017eele da se upi\u0161u na studijske programe koji se odr\u017eavaju na italijanskom jeziku da eventualne potvrde o znanju italijanskog jezika prilo\u017ee na portal UNIVERSITALY, a jednu kopiju \u0107e dostaviti i prilikom podno\u0161enja zahtjeva za vizu. Potvrde koje se prihvataju su slede\u0107e:<\/li>\n<\/ol>\n<ul>\n<li>sertifikati Univerziteta za strance u Sijeni (CILS) i Peru\u0111i (CELI), univerziteta Terza Universit\u00e0 degli studi u Rimu i Dru\u0161tva Dante Aligijeri. Nivo znanja ne treba da bude ni\u017ei od nivoa B2 zajedni\u010dkog evropskog referentnog okvira za poznavanje jezika . Dodatne informacije o CILS i CELI sertifikatima mogu se nac\u0301i na veb stranicama Univerziteta za strance u Sijeni (<a href=\"http:\/\/www.unistrasi.it\/\">www.unistrasi.it<\/a>) i Peru\u0111i (<a href=\"http:\/\/www.unistrapg.it\/\">www.unistrapg.it<\/a>)<\/li>\n<li>sertifikat o zavr\u0161enom kursu italijanskog jezika nivoa B2 na Italijanskom institutu za kulturu<\/li>\n<\/ul>\n<p>&nbsp;<\/p>\n<p><strong>UPIS NA DRUGE VRSTE KURSEVA<\/strong><\/p>\n<p>Za upis na studijske programe druge vrste (doktorati, masteri, pojedina\u010dni kursevi, stru\u010dne prakse, kursevi jezika, itd) pa\u017eljivo pro\u010ditajte informacije sadr\u017eane usaop\u0161tenju Ministarstva prosvete Republike Italije (MIUR) na linku\u00a0<a href=\"https:\/\/www.studiare-in-italia.it\/studentistranieri\/\">https:\/\/www.studiare-in-italia.it\/studentistranieri\/<\/a><\/p>\n<p><strong>VA\u017dNO: \u010cinjenica da je univerzitet prihvatio prijavu ne daje automatski pravo na dobijanje vize.<\/strong><\/p>\n<p>&nbsp;<\/p>\n<p><strong>DOKUMENTACIJA:<\/strong><\/p>\n<ul>\n<li>Student je du\u017ean da prilo\u017ei sve dokumente koje odabrana institucija tra\u017ei u cilju procene validnosti stranih diploma. U to spadaju prevodi, legalizacije, dodatak diplomi, potvrde o ispitima, potvrde o validnosti diplome i druga uverenja potrebna za proveru stranih kvalifikacija.<\/li>\n<li>Dokumentaciju potrebnu za zavr\u0161etak procedure upisa student mora dostaviti\u00a0<strong>direktno akademskim organima<\/strong>, na na\u010din i u rokovima koje svaka institucija pojedina\u010dno odre\u0111uje.<\/li>\n<li><strong>Diplome i uverenja na srpskom jeziku <\/strong>moraju biti legalizovani pe\u010datom Apostil i prevedeni na italijanski jezik od strane sudskog prevodioca, \u010diji potpis tako\u0111e mora biti legalizovan pe\u010datom Apostil (informacije na linku:\u00a0<a href=\"https:\/\/ambbelgrado.esteri.it\/ambasciata_belgrado\/sr\/informazioni_e_servizi\/servizi_consolari\/traduzione-e-legalizzazione-dei.html\">https:\/\/ambbelgrado.esteri.it\/ambasciata_belgrado\/sr\/informazioni_e_servizi\/servizi_consolari\/traduzione-e-legalizzazione-dei.html<\/a>)<\/li>\n<li><strong>Potvrde o polo\u017eenim ispitima<\/strong>koje izdaje nadle\u017eni univerzitet, kao i\u00a0<strong>detaljni programi<\/strong>\u00a0za svaki predmet sa studijskog programa na kom je ste\u010dena diploma. U slu\u010daju da su ovi dokumenti ve\u0107 izdati na nekom stranom jeziku, studenti mogu da provere sa odabranom institucijom u Italiji da li isti mogu biti izuzeti od prevo\u0111enja na italijasnki jezik. Kao potvrda o zavr\u0161enim studijama, ispitima i kreditima mo\u017ee da poslu\u017ei i Dodatak diplomi \u2013\u00a0<em>Diploma supplement<\/em>\u00a0\u2013 ukoliko se izdaje zajedno sa diplomom.<\/li>\n<li><strong>Potvrda o validnosti diplome \u2013 Dichiarazione di valore<\/strong>\u2013 za izdavanje ove potvrde informacije potra\u017eiti na slede\u0107em linku:<br \/>\n<a href=\"https:\/\/ambbelgrado.esteri.it\/sr\/servizi-consolari-e-visti\/servizi-per-il-cittadino-straniero\/studiranje\/priznavanje-skolskih-i-univerzitetskih-diploma-i-potvrde-o-validnosti-diploma\/\">https:\/\/ambbelgrado.esteri.it\/ambasciata_belgrado\/sr\/informazioni_e_servizi\/servizi_consolari\/studi\/equipollenza-titoli-e-dichiarazioni<\/a><\/li>\n<\/ul>\n<p><em>Sve dodatne informacije mo\u017eete tra\u017eiti putem mejla, na adresu\u00a0<\/em><a href=\"mailto:preiscrizioni.belgrado@esteri.it\"><em>preiscrizioni.belgrado@esteri.it<\/em><\/a><em>\u00a0ili putem poziva telefonom na broj i u vreme koji su nazna\u010deni u odeljku\u00a0<a href=\"https:\/\/ambbelgrado.esteri.it\/ambasciata_belgrado\/sr\/ambasciata\/gli-uffici.html\/\"><strong>kontakti<\/strong><\/a>.<\/em><\/p>\n<p>&nbsp;<\/p>\n<p>&nbsp;<\/p>\n","protected":false},"excerpt":{"rendered":"Univerzitet i predupis na univerzitete UNIVERZITET U ITALIJI Op\u0161te informacije koje se ti\u010du organizacije italijanskih univerziteta i njihovog na\u010dina rada, dostupne su na internet stranici Ministarstva prosvete Republike Italije &#8211; MIUR. Spisak visoko\u0161kolskih institucija dostupan je preko specijalnog pretra\u017eiva\u010da CINECA. Strani studenti koji \u017eele da studiraju na nekom od italijanskih univerziteta mogu prona\u0107i informacije o [&hellip;]","protected":false},"author":5,"featured_media":0,"parent":600,"menu_order":3,"comment_status":"closed","ping_status":"closed","template":"","meta":{"footnotes":""},"class_list":["post-608","page","type-page","status-publish","hentry"],"_links":{"self":[{"href":"https:\/\/ambbelgrado.esteri.it\/sr\/wp-json\/wp\/v2\/pages\/608","targetHints":{"allow":["GET"]}}],"collection":[{"href":"https:\/\/ambbelgrado.esteri.it\/sr\/wp-json\/wp\/v2\/pages"}],"about":[{"href":"https:\/\/ambbelgrado.esteri.it\/sr\/wp-json\/wp\/v2\/types\/page"}],"author":[{"embeddable":true,"href":"https:\/\/ambbelgrado.esteri.it\/sr\/wp-json\/wp\/v2\/users\/5"}],"replies":[{"embeddable":true,"href":"https:\/\/ambbelgrado.esteri.it\/sr\/wp-json\/wp\/v2\/comments?post=608"}],"version-history":[{"count":3,"href":"https:\/\/ambbelgrado.esteri.it\/sr\/wp-json\/wp\/v2\/pages\/608\/revisions"}],"predecessor-version":[{"id":9680,"href":"https:\/\/ambbelgrado.esteri.it\/sr\/wp-json\/wp\/v2\/pages\/608\/revisions\/9680"}],"up":[{"embeddable":true,"href":"https:\/\/ambbelgrado.esteri.it\/sr\/wp-json\/wp\/v2\/pages\/600"}],"wp:attachment":[{"href":"https:\/\/ambbelgrado.esteri.it\/sr\/wp-json\/wp\/v2\/media?parent=608"}],"curies":[{"name":"wp","href":"https:\/\/api.w.org\/{rel}","templated":true}]}}