{"id":600,"date":"2023-10-24T12:32:01","date_gmt":"2023-10-24T10:32:01","guid":{"rendered":"https:\/\/ambbelgrado.esteri.it\/?page_id=600"},"modified":"2023-11-28T15:55:11","modified_gmt":"2023-11-28T14:55:11","slug":"studiranje","status":"publish","type":"page","link":"https:\/\/ambbelgrado.esteri.it\/sr\/servizi-consolari-e-visti\/servizi-per-il-cittadino-straniero\/studiranje\/","title":{"rendered":"Studiranje"},"content":{"rendered":"<hr \/>\n<div class=\"sr-only\">\n<div><\/div>\n<\/div>\n<div>\n<h2><span id=\"Testo_pag_int\"><img decoding=\"async\" src=\"https:\/\/ambbelgrado.esteri.it\/ambasciata_belgrado\/resource\/img\/2015\/07\/la_citta_ideale_min.jpg\" alt=\"La citta' ideale \" \/><\/span><\/h2>\n<h2><\/h2>\n<p>Odeljenje za studentska pitanja pru\u017ea usluge I informacije u vezi predupisa na \u0161kole I Univerzitete u Italiji I izdaje potvrde o validnosti diploma (Dichiarazioni di valore) za \u0161kolske i univerzitetske diplome izdate na teritoriji Republike Srbije u cilju da bi zainteresovane osobe mogle tra\u017eiti izjedna\u010davanje svojih osnovno\u0161kolskih i srednjo\u0161kolskih isprava sa analognim italijanskim ispravama, da bi se upisale na \u0161kole I Univerzitete u Italiji, radi priznavanja u Italiji univerziteteskih studija I radi dobijanja stipendija.<\/p>\n<p>\u2022 <a href=\"https:\/\/ambbelgrado.esteri.it\/ambasciata_belgrado\/sr\/informazioni_e_servizi\/servizi_consolari\/studi\/scuole\/\">\u0160kole<\/a><\/p>\n<p>\u2022 <a href=\"https:\/\/ambbelgrado.esteri.it\/sr\/servizi-consolari-e-visti\/servizi-per-il-cittadino-straniero\/studiranje\/uputstva-za-predupis-na-italijanske-univerzitete-za-strane-studente-sa-boravistem-u-republici-srbiji\/\">Univerziteti i Predupis na univerzitete i umetni\u010dke akademije<\/a><\/p>\n<p>\u2022 <a href=\"https:\/\/ambbelgrado.esteri.it\/sr\/servizi-consolari-e-visti\/servizi-per-il-cittadino-straniero\/studiranje\/priznavanje-skolskih-i-univerzitetskih-diploma-i-potvrde-o-validnosti-diploma\/\">Priznavanje \u0161kolskih i univerzitetskih diploma i potvrde o validnosti diploma<\/a><\/p>\n<p>\u2022 <a href=\"https:\/\/iicbelgrado.esteri.it\/iic_belgrado\/sr\/imparare_italiano\/i_corsi_di_lingua\/come_e_quando_iscriversi\/\">Kursevi jezika<\/a><\/p>\n<\/div>\n","protected":false},"excerpt":{"rendered":"Odeljenje za studentska pitanja pru\u017ea usluge I informacije u vezi predupisa na \u0161kole I Univerzitete u Italiji I izdaje potvrde o validnosti diploma (Dichiarazioni di valore) za \u0161kolske i univerzitetske diplome izdate na teritoriji Republike Srbije u cilju da bi zainteresovane osobe mogle tra\u017eiti izjedna\u010davanje svojih osnovno\u0161kolskih i srednjo\u0161kolskih isprava sa analognim italijanskim ispravama, da [&hellip;]","protected":false},"author":5,"featured_media":0,"parent":182,"menu_order":1,"comment_status":"closed","ping_status":"closed","template":"","meta":{"footnotes":""},"class_list":["post-600","page","type-page","status-publish","hentry"],"_links":{"self":[{"href":"https:\/\/ambbelgrado.esteri.it\/sr\/wp-json\/wp\/v2\/pages\/600","targetHints":{"allow":["GET"]}}],"collection":[{"href":"https:\/\/ambbelgrado.esteri.it\/sr\/wp-json\/wp\/v2\/pages"}],"about":[{"href":"https:\/\/ambbelgrado.esteri.it\/sr\/wp-json\/wp\/v2\/types\/page"}],"author":[{"embeddable":true,"href":"https:\/\/ambbelgrado.esteri.it\/sr\/wp-json\/wp\/v2\/users\/5"}],"replies":[{"embeddable":true,"href":"https:\/\/ambbelgrado.esteri.it\/sr\/wp-json\/wp\/v2\/comments?post=600"}],"version-history":[{"count":3,"href":"https:\/\/ambbelgrado.esteri.it\/sr\/wp-json\/wp\/v2\/pages\/600\/revisions"}],"predecessor-version":[{"id":8837,"href":"https:\/\/ambbelgrado.esteri.it\/sr\/wp-json\/wp\/v2\/pages\/600\/revisions\/8837"}],"up":[{"embeddable":true,"href":"https:\/\/ambbelgrado.esteri.it\/sr\/wp-json\/wp\/v2\/pages\/182"}],"wp:attachment":[{"href":"https:\/\/ambbelgrado.esteri.it\/sr\/wp-json\/wp\/v2\/media?parent=600"}],"curies":[{"name":"wp","href":"https:\/\/api.w.org\/{rel}","templated":true}]}}