{"id":565,"date":"2023-10-24T10:55:18","date_gmt":"2023-10-24T08:55:18","guid":{"rendered":"https:\/\/ambbelgrado.esteri.it\/?page_id=565"},"modified":"2023-10-24T10:55:52","modified_gmt":"2023-10-24T08:55:52","slug":"vracanje-ukradenih-ili-izgubljenih-pasosa","status":"publish","type":"page","link":"https:\/\/ambbelgrado.esteri.it\/sr\/servizi-consolari-e-visti\/servizi-per-il-cittadino-italiano\/passaporti-e-carte-didentita\/vracanje-ukradenih-ili-izgubljenih-pasosa\/","title":{"rendered":"VRA\u0106ANJE UKRADENIH ILI IZGUBLJENIH PASO\u0160A"},"content":{"rendered":"<div>\n<p>VRA\u0106ANJE UKRADENIH ILI IZGUBLJENIH PASO\u0160A<\/p>\n<p>Ukradeni ili izgubljeni paso\u0161i koje lokalni nadle\u017eni organi naknadno prona\u0111u vra\u0107aju se ovom Konzularnom odeljenju.<\/p>\n<p>S tim u vezi, lica koja su u okviru ovog konzularnog podru\u010dja nedavno izgubila paso\u0161 ili im je isti ukraden mogu da provere jesu li njihove isprave prona\u0111ene tako \u0161to \u0107e kontaktirati ovo Konzularno odeljenje od ponedeljka do petka izme\u0111u 11.00 i 13.00 \u010dasova a utorkom i \u010detvrtkom i izme\u0111u 14.00 i 16.00 \u010dasova, pozivom na broj telefona +381.11.3066173 ili putem elektronske po\u0161te na adresu <a href=\"mailto:consolare.belgrado@esteri.it\">consolare.belgrado@esteri.it<\/a><\/p>\n<p>Napominjemo da se eventualno preuzimanje paso\u0161a mo\u017ee izvr\u0161iti na slede\u0107e na\u010dine:<\/p>\n<p>&#8211; direktno preuzimanje pri Konzularnom odeljenju od ponedeljka do petka izme\u0111u 11.00 i 13.00 \u010dasova a utorkom i \u010detvrtkom i izme\u0111u 14.00 i 16.00 \u010dasova;<br \/>\n&#8211; slanje po\u0161tom, sa po\u0161tanskim tro\u0161kovima na teret podnosioca zahteva<\/p>\n<p>Podse\u0107amo da se ukradeni ili izgubljeni paso\u0161i \u010duvaju u Konzularnom odeljenju najdu\u017ee godinu dana od datuma njihovog vra\u0107anja od strane lokalnih nadle\u017enih organa. Ukoliko u tom roku zakoniti vlasnici ne preuzmu svoje isprave, pristupa se njihovom uni\u0161tavanju bez daljih saop\u0161tenja.<\/p>\n<\/div>\n","protected":false},"excerpt":{"rendered":"VRA\u0106ANJE UKRADENIH ILI IZGUBLJENIH PASO\u0160A Ukradeni ili izgubljeni paso\u0161i koje lokalni nadle\u017eni organi naknadno prona\u0111u vra\u0107aju se ovom Konzularnom odeljenju. S tim u vezi, lica koja su u okviru ovog konzularnog podru\u010dja nedavno izgubila paso\u0161 ili im je isti ukraden mogu da provere jesu li njihove isprave prona\u0111ene tako \u0161to \u0107e kontaktirati ovo Konzularno odeljenje [&hellip;]","protected":false},"author":5,"featured_media":0,"parent":170,"menu_order":11,"comment_status":"closed","ping_status":"closed","template":"","meta":{"footnotes":""},"class_list":["post-565","page","type-page","status-publish","hentry"],"_links":{"self":[{"href":"https:\/\/ambbelgrado.esteri.it\/sr\/wp-json\/wp\/v2\/pages\/565","targetHints":{"allow":["GET"]}}],"collection":[{"href":"https:\/\/ambbelgrado.esteri.it\/sr\/wp-json\/wp\/v2\/pages"}],"about":[{"href":"https:\/\/ambbelgrado.esteri.it\/sr\/wp-json\/wp\/v2\/types\/page"}],"author":[{"embeddable":true,"href":"https:\/\/ambbelgrado.esteri.it\/sr\/wp-json\/wp\/v2\/users\/5"}],"replies":[{"embeddable":true,"href":"https:\/\/ambbelgrado.esteri.it\/sr\/wp-json\/wp\/v2\/comments?post=565"}],"version-history":[{"count":1,"href":"https:\/\/ambbelgrado.esteri.it\/sr\/wp-json\/wp\/v2\/pages\/565\/revisions"}],"predecessor-version":[{"id":566,"href":"https:\/\/ambbelgrado.esteri.it\/sr\/wp-json\/wp\/v2\/pages\/565\/revisions\/566"}],"up":[{"embeddable":true,"href":"https:\/\/ambbelgrado.esteri.it\/sr\/wp-json\/wp\/v2\/pages\/170"}],"wp:attachment":[{"href":"https:\/\/ambbelgrado.esteri.it\/sr\/wp-json\/wp\/v2\/media?parent=565"}],"curies":[{"name":"wp","href":"https:\/\/api.w.org\/{rel}","templated":true}]}}