{"id":561,"date":"2023-10-24T10:54:01","date_gmt":"2023-10-24T08:54:01","guid":{"rendered":"https:\/\/ambbelgrado.esteri.it\/?page_id=561"},"modified":"2024-01-16T10:36:29","modified_gmt":"2024-01-16T09:36:29","slug":"dokumentacija-koju-podnose-maloletna-lica","status":"publish","type":"page","link":"https:\/\/ambbelgrado.esteri.it\/sr\/servizi-consolari-e-visti\/servizi-per-il-cittadino-italiano\/passaporti-e-carte-didentita\/dokumentacija-koju-podnose-maloletna-lica\/","title":{"rendered":"Dokumentacija koju podnose MALOLETNA LICA"},"content":{"rendered":"<ul>\n<li><a href=\"https:\/\/ambbelgrado.esteri.it\/wp-content\/uploads\/2023\/11\/modello_passaporto_per_minori_ita_ser1.doc\"><strong>Formular za zahtev<\/strong><\/a> \u010ditko popunjen i potpisan od strane oba roditelja<\/li>\n<li>Potrebno je prilo\u017eiti na uvid li\u010dne isprave roditelja sa fotografijom i potpisom (li\u010dna karta ili paso\u0161)<\/li>\n<li><strong>Prethodni paso\u0161<\/strong> maloletnog lica<\/li>\n<\/ul>\n<p>U slu\u010daju gubitka\/kra\u0111e paso\u0161a maloletnog lica potrebno je prilo\u017eiti potvrdu lokalnih organa vlasti ili popuniti <a href=\"https:\/\/ambbelgrado.esteri.it\/wp-content\/uploads\/2023\/11\/denuncia_smarrimento_furto_documenti_it-en_2.doc\">formular za prijavu gubitka\/kra\u0111e<\/a>. U tom slu\u010daju neophodno je prilo\u017eiti fotokopiju nekog drugog skora\u0161njeg dokumenta va\u017ee\u0107eg za identifikaciju maloletnog lica ili podneti izjavu pod punom materijalnom i krivi\u010dnom odgovorno\u0161\u0107u izjavu u tom smislu (\u201eDichiarazione sostitutiva dell\u2019atto di notoriet\u00e0\u201c)<\/p>\n<ul>\n<li>2 fotografije formata za paso\u0161, identi\u010dne i skora\u0161nje (ne starije od 6 meseci), u skladu sa standardima ICAO.<\/li>\n<li><strong>U slu\u010daju da je jedan od roditelja preminuo<\/strong>, neophodno je prilo\u017eiti original izvoda iz mati\u010dne knjige umrlih. Ukoliko lice nije preminulo u Srbiji ili u Italiji, izvod iz mati\u010dne knjige umrlih mora biti <a href=\"https:\/\/ambbelgrado.esteri.it\/sr\/servizi-consolari-e-visti\/servizi-per-il-cittadino-italiano\/traduzione-e-legalizzazione-dei-documenti\/\">legalizovan i preveden<\/a> na italijanski, ili izdat na vi\u0161ejezi\u010dnom formularu.<\/li>\n<\/ul>\n<p><strong>Saglasnost oba roditelja<\/strong><\/p>\n<p><a href=\"https:\/\/ambbelgrado.esteri.it\/wp-content\/uploads\/2024\/01\/Atto-di-assenso-Passaporto-per-figlio-minore.doc\"><strong>Saglasnost oba roditelja<\/strong><\/a> je neophodna i u slu\u010daju kada roditelji nisu u braku, \u017eive rastavljeni ili su razvedeni.<br \/>\nUkoliko je jedan od roditelja spre\u010den da do\u0111e u zakazanom terminu, izjavu saglasnosti mo\u017ee da podnese odvojeno.<br \/>\nUkoliko je jedan od roditelja dr\u017eavljanin zemlje koja nije \u010dlanica Evropske unije, formular zahteva za izdavanje paso\u0161a treba da bude potpisan pred slu\u017ebenikom Konzularnog odeljenja u Beogradu ili pred Po\u010dasnim konzulom u Subotici (link Subotica), uz podno\u0161enje na uvid nekog dokumenta za identifikaciju.<br \/>\nUkoliko drugi roditelj, koji nije dr\u017eavljanin EU, nije u mogu\u0107nosti da li\u010dno do\u0111e, a nalazi se van teritorije Srbije, izjavu saglasnosti treba da potpi\u0161e u prisustvu javnog slu\u017ebenika u Italiji, ili u Ambasadi ili Konzularnom predstavni\u0161tvu Italije u zemlji u kojoj ima prebivali\u0161te.<br \/>\nU slu\u010dajevima kada nije mogu\u0107e dobiti izjavu saglasnosti od drugog roditelja, neophodna je <em>Odluka sudije za pitanja starateljstva<\/em>. \u0160ef Konzularnog odeljenja obavlja funkcije sudije za pitanja starateljstva za maloletna lica koja imaju prebivali\u0161te\/upisani su na podru\u010dju Beograda. U slu\u010daju maloletnog lica sa prebivali\u0161tem u Italiji, nadle\u017ean je Sud za maloletnike.<\/p>\n<p>&nbsp;<\/p>\n<p><strong>NOVORO\u0110EN\u010cAD<\/strong>: Pre podno\u0161enja zahteva za izdavanje paso\u0161a novoro\u0111enom detetu, potrebno je dostaviti Konzularnom odeljenju u Beogradu izvod iz mati\u010dne knjige ro\u0111enih za novoro\u0111eno dete na me\u0111unarodnom obrascu radi prepisa i registracije. Ovaj dokument je potrebno podneti u cilju utvr\u0111ivanja da je bar jedan od roditelja dr\u017eavljanin Italije.<\/p>\n","protected":false},"excerpt":{"rendered":"Formular za zahtev \u010ditko popunjen i potpisan od strane oba roditelja Potrebno je prilo\u017eiti na uvid li\u010dne isprave roditelja sa fotografijom i potpisom (li\u010dna karta ili paso\u0161) Prethodni paso\u0161 maloletnog lica U slu\u010daju gubitka\/kra\u0111e paso\u0161a maloletnog lica potrebno je prilo\u017eiti potvrdu lokalnih organa vlasti ili popuniti formular za prijavu gubitka\/kra\u0111e. U tom slu\u010daju neophodno je [&hellip;]","protected":false},"author":5,"featured_media":0,"parent":170,"menu_order":9,"comment_status":"closed","ping_status":"closed","template":"","meta":{"footnotes":""},"class_list":["post-561","page","type-page","status-publish","hentry"],"_links":{"self":[{"href":"https:\/\/ambbelgrado.esteri.it\/sr\/wp-json\/wp\/v2\/pages\/561","targetHints":{"allow":["GET"]}}],"collection":[{"href":"https:\/\/ambbelgrado.esteri.it\/sr\/wp-json\/wp\/v2\/pages"}],"about":[{"href":"https:\/\/ambbelgrado.esteri.it\/sr\/wp-json\/wp\/v2\/types\/page"}],"author":[{"embeddable":true,"href":"https:\/\/ambbelgrado.esteri.it\/sr\/wp-json\/wp\/v2\/users\/5"}],"replies":[{"embeddable":true,"href":"https:\/\/ambbelgrado.esteri.it\/sr\/wp-json\/wp\/v2\/comments?post=561"}],"version-history":[{"count":3,"href":"https:\/\/ambbelgrado.esteri.it\/sr\/wp-json\/wp\/v2\/pages\/561\/revisions"}],"predecessor-version":[{"id":9249,"href":"https:\/\/ambbelgrado.esteri.it\/sr\/wp-json\/wp\/v2\/pages\/561\/revisions\/9249"}],"up":[{"embeddable":true,"href":"https:\/\/ambbelgrado.esteri.it\/sr\/wp-json\/wp\/v2\/pages\/170"}],"wp:attachment":[{"href":"https:\/\/ambbelgrado.esteri.it\/sr\/wp-json\/wp\/v2\/media?parent=561"}],"curies":[{"name":"wp","href":"https:\/\/api.w.org\/{rel}","templated":true}]}}