{"id":557,"date":"2023-10-24T10:52:33","date_gmt":"2023-10-24T08:52:33","guid":{"rendered":"https:\/\/ambbelgrado.esteri.it\/?page_id=557"},"modified":"2023-11-10T10:52:50","modified_gmt":"2023-11-10T09:52:50","slug":"dokumentacija-koju-podnose-punoletna-lica","status":"publish","type":"page","link":"https:\/\/ambbelgrado.esteri.it\/sr\/servizi-consolari-e-visti\/servizi-per-il-cittadino-italiano\/passaporti-e-carte-didentita\/dokumentacija-koju-podnose-punoletna-lica\/","title":{"rendered":"Dokumentacija koju podnose punoletna lica"},"content":{"rendered":"<div>\n<ul>\n<li>Molimo Vas da pa\u017eljivo pro\u010ditate spisak dokumentacije koju treba prilo\u017eiti uz obrazac zahteva.<\/li>\n<\/ul>\n<p>Neophodno je do\u0107i na \u0161alter sa ve\u0107 popunjenim obrascem. Paso\u0161 ne\u0107e biti izdat ukoliko ne bude podneta dokumentacija u skladu va\u017ee\u0107im propisima.<\/p>\n<ul>\n<li><a href=\"https:\/\/ambbelgrado.esteri.it\/wp-content\/uploads\/2023\/10\/4.formulario_x_passaporto_ordinario___-_it-srb1.doc\"><strong>obrazac zahteva<\/strong><\/a> \u010ditko popunjen<\/li>\n<li>prethodni paso\u0161 (neva\u017ee\u0107i ili o\u0161te\u0107en)<\/li>\n<li>U slu\u010daju gubitka\/kra\u0111e paso\u0161a prila\u017ee se potvrda lokalnih organa vlasti ili se mo\u017ee popuniti <a href=\"https:\/\/ambbelgrado.esteri.it\/wp-content\/uploads\/2023\/11\/5.denuncia_smarrimento_furto_documenti_it-en_2.doc\"><strong>formular za prijavu gubitka odnosno kra\u0111e isprave<\/strong><\/a>. U tom slu\u010daju je potrebno poneti sa sobom neki drugi va\u017ee\u0107i dokument za identifikaciju ili podneti izjavu pod punom materijalnom i krivi\u010dnom odgovorno\u0161\u0107u (\u201eDichiarazione sostitutiva dell\u2019atto di notoriet\u00e0\u201c)<\/li>\n<li>Za predavanje zahteva za prvi italijanski paso\u0161 poneti sa sobom:<\/li>\n<\/ul>\n<p>&#8211; jedan italijanski dokument za dokazivanje identiteta (li\u010dna karta ili voza\u010dka dozvola)<br \/>\n&#8211; jedan strani dokument za dokazivanje identiteta (paso\u0161)<\/p>\n<p><strong>VA\u017dNO Kada podnosilac ima maloletnu decu,<\/strong><\/p>\n<ul>\n<li>neophodno je popuniti <a href=\"https:\/\/ambbelgrado.esteri.it\/wp-content\/uploads\/2023\/11\/dichiarazione_assenza_ostative_passaporto_-_it-srb.docx\"><strong>izjavu o odsustvu smetnji za izdavanje paso\u0161a<\/strong><\/a>.<\/li>\n<\/ul>\n<p>VA\u017dNO izjava je neophodna i u slu\u010daju neven\u010danih, razdvojenih ili razvedenih parova.<\/p>\n<ul>\n<li><strong>Zabrana izdavanja paso\u0161a<\/strong><\/li>\n<\/ul>\n<p>\u010dlan 3-bis zakona 1185\/1967 ukazuje da c\u0301e, kada postoji konkretna i prisutna opasnost da roditelj zbog preseljenja u inostranstvo izbegne ispunjavanje obaveza prema deci, biti moguc\u0301e da drugi roditelj zatra\u017ei zabranu izdavanja isprave.<\/p>\n<p>Zahtev se mo\u017ee podneti nadle\u017enom sudiji u osnovnom sudu u kome maloletnik ima prebivali\u0161te ili, ako maloletnik ima prebivali\u0161te u inostranstvu, sudu u \u010dijem okrugu se nalazi op\u0161tina upisa u AIRE (registar Italijana u inostranstvu).<\/p>\n<ul>\n<li><strong>U slu\u010daju smrti jednog roditelja<\/strong><\/li>\n<\/ul>\n<p>U slu\u010daju da je jedan od roditelja preminuo, neophodno je doneti original izvoda iz mati\u010dne knjige umrlih. Ukoliko lice nije preminulo u Srbiji ili u Italiji, izvod iz mati\u010dne knjige umrlih mora biti <a href=\"https:\/\/ambbelgrado.esteri.it\/sr\/servizi-consolari-e-visti\/servizi-per-il-cittadino-straniero\/traduzione-e-legalizzazione-dei-documenti\/\"><strong>legalizovan i preveden<\/strong><\/a> na italijanski, ili izdat na vi\u0161ejezi\u010dnom formularu.<\/p>\n<\/div>\n","protected":false},"excerpt":{"rendered":"Molimo Vas da pa\u017eljivo pro\u010ditate spisak dokumentacije koju treba prilo\u017eiti uz obrazac zahteva. Neophodno je do\u0107i na \u0161alter sa ve\u0107 popunjenim obrascem. Paso\u0161 ne\u0107e biti izdat ukoliko ne bude podneta dokumentacija u skladu va\u017ee\u0107im propisima. obrazac zahteva \u010ditko popunjen prethodni paso\u0161 (neva\u017ee\u0107i ili o\u0161te\u0107en) U slu\u010daju gubitka\/kra\u0111e paso\u0161a prila\u017ee se potvrda lokalnih organa vlasti ili [&hellip;]","protected":false},"author":5,"featured_media":0,"parent":170,"menu_order":7,"comment_status":"closed","ping_status":"closed","template":"","meta":{"footnotes":""},"class_list":["post-557","page","type-page","status-publish","hentry"],"_links":{"self":[{"href":"https:\/\/ambbelgrado.esteri.it\/sr\/wp-json\/wp\/v2\/pages\/557","targetHints":{"allow":["GET"]}}],"collection":[{"href":"https:\/\/ambbelgrado.esteri.it\/sr\/wp-json\/wp\/v2\/pages"}],"about":[{"href":"https:\/\/ambbelgrado.esteri.it\/sr\/wp-json\/wp\/v2\/types\/page"}],"author":[{"embeddable":true,"href":"https:\/\/ambbelgrado.esteri.it\/sr\/wp-json\/wp\/v2\/users\/5"}],"replies":[{"embeddable":true,"href":"https:\/\/ambbelgrado.esteri.it\/sr\/wp-json\/wp\/v2\/comments?post=557"}],"version-history":[{"count":4,"href":"https:\/\/ambbelgrado.esteri.it\/sr\/wp-json\/wp\/v2\/pages\/557\/revisions"}],"predecessor-version":[{"id":880,"href":"https:\/\/ambbelgrado.esteri.it\/sr\/wp-json\/wp\/v2\/pages\/557\/revisions\/880"}],"up":[{"embeddable":true,"href":"https:\/\/ambbelgrado.esteri.it\/sr\/wp-json\/wp\/v2\/pages\/170"}],"wp:attachment":[{"href":"https:\/\/ambbelgrado.esteri.it\/sr\/wp-json\/wp\/v2\/media?parent=557"}],"curies":[{"name":"wp","href":"https:\/\/api.w.org\/{rel}","templated":true}]}}