{"id":553,"date":"2023-10-24T10:44:15","date_gmt":"2023-10-24T08:44:15","guid":{"rendered":"https:\/\/ambbelgrado.esteri.it\/?page_id=553"},"modified":"2023-11-24T15:06:25","modified_gmt":"2023-11-24T14:06:25","slug":"termini-za-izdavanje-pasosa","status":"publish","type":"page","link":"https:\/\/ambbelgrado.esteri.it\/sr\/servizi-consolari-e-visti\/servizi-per-il-cittadino-italiano\/passaporti-e-carte-didentita\/termini-za-izdavanje-pasosa\/","title":{"rendered":"Termini za izdavanje paso\u0161a"},"content":{"rendered":"<p>Zahtevi za paso\u0161 mogu se podneti Konzularnom odeljenju u Beogradu <strong>samo uz prethodno zakazani termin<\/strong> (osim u hitnim slu\u010dajevima uz odgovaraju\u0107e dokaze i dokumentaciju).<\/p>\n<p>Zakazivanje termina vr\u0161i se slanjem mejla na adresu <a href=\"mailto:consolare.belgrado@esteri.it\">consolare.belgrado@esteri.it<\/a>\u00a0.<\/p>\n<p>Zahtev za izdavanje paso\u0161a Konzularnom odeljenju Ambasade Italije u Beogradu mogu podneti italijanski dr\u017eavljani sa prebivali\u0161tem u Srbiji, uredno upisani u AIRE. Za infomacije kako izvr\u0161iti upis u AIRE <a href=\"https:\/\/serviziconsolari.esteri.it\/ScoFE\/index.sco\"><strong>kliknuti ovde<\/strong><\/a>.<\/p>\n<p>Italijanskim dr\u017eavljanima upisanim u AIRE na podru\u010dju Ambasade Italije u Beogradu paso\u0161 se izdaje odmah ukoliko je dokumentacija prilo\u017eena uz zahtev kompletna, i ne postoje prepreke za odobrenje postupka.<\/p>\n<p>Zahtev za paso\u0161 mogu podneti i italijanski dr\u017eavljani koji nisu upisani u AIRE. U tom slu\u010daju Konzularno odeljenje mora prethodno da dobije odobrenje (Nulla Osta) i ovla\u0161\u0107enje za izdavanje paso\u0161a, zbog \u010dega paso\u0161 ne mo\u017ee biti izdat odmah.<\/p>\n","protected":false},"excerpt":{"rendered":"Zahtevi za paso\u0161 mogu se podneti Konzularnom odeljenju u Beogradu samo uz prethodno zakazani termin (osim u hitnim slu\u010dajevima uz odgovaraju\u0107e dokaze i dokumentaciju). Zakazivanje termina vr\u0161i se slanjem mejla na adresu consolare.belgrado@esteri.it\u00a0. Zahtev za izdavanje paso\u0161a Konzularnom odeljenju Ambasade Italije u Beogradu mogu podneti italijanski dr\u017eavljani sa prebivali\u0161tem u Srbiji, uredno upisani u AIRE. [&hellip;]","protected":false},"author":5,"featured_media":0,"parent":170,"menu_order":5,"comment_status":"closed","ping_status":"closed","template":"","meta":{"footnotes":""},"class_list":["post-553","page","type-page","status-publish","hentry"],"_links":{"self":[{"href":"https:\/\/ambbelgrado.esteri.it\/sr\/wp-json\/wp\/v2\/pages\/553","targetHints":{"allow":["GET"]}}],"collection":[{"href":"https:\/\/ambbelgrado.esteri.it\/sr\/wp-json\/wp\/v2\/pages"}],"about":[{"href":"https:\/\/ambbelgrado.esteri.it\/sr\/wp-json\/wp\/v2\/types\/page"}],"author":[{"embeddable":true,"href":"https:\/\/ambbelgrado.esteri.it\/sr\/wp-json\/wp\/v2\/users\/5"}],"replies":[{"embeddable":true,"href":"https:\/\/ambbelgrado.esteri.it\/sr\/wp-json\/wp\/v2\/comments?post=553"}],"version-history":[{"count":2,"href":"https:\/\/ambbelgrado.esteri.it\/sr\/wp-json\/wp\/v2\/pages\/553\/revisions"}],"predecessor-version":[{"id":8625,"href":"https:\/\/ambbelgrado.esteri.it\/sr\/wp-json\/wp\/v2\/pages\/553\/revisions\/8625"}],"up":[{"embeddable":true,"href":"https:\/\/ambbelgrado.esteri.it\/sr\/wp-json\/wp\/v2\/pages\/170"}],"wp:attachment":[{"href":"https:\/\/ambbelgrado.esteri.it\/sr\/wp-json\/wp\/v2\/media?parent=553"}],"curies":[{"name":"wp","href":"https:\/\/api.w.org\/{rel}","templated":true}]}}