{"id":520,"date":"2023-10-23T17:13:30","date_gmt":"2023-10-23T15:13:30","guid":{"rendered":"https:\/\/ambbelgrado.esteri.it\/?page_id=520"},"modified":"2025-01-13T11:43:44","modified_gmt":"2025-01-13T10:43:44","slug":"odricanje-od-italijanskog-drzavljanstva","status":"publish","type":"page","link":"https:\/\/ambbelgrado.esteri.it\/sr\/servizi-consolari-e-visti\/servizi-per-il-cittadino-straniero\/cittadinanza\/odricanje-od-italijanskog-drzavljanstva\/","title":{"rendered":"Odricanje od italijanskog dr\u017eavljanstva"},"content":{"rendered":"<p>Za postupak odricanja od dr\u017eavljanstva Italije potrebno je dostaviti:<\/p>\n<p>\u2022 Izvod iz mati\u010dne knjige ro\u0111enih<br \/>\n\u2022 Dokumentaciju kojom se potvr\u0111uje posedovanje stranog dr\u017eavljanstva (Re\u0161enje ili potvrda o prijemu u dr\u017eavljanstvo, itd.)<br \/>\n\u2022 Dokaz o prebivali\u0161tu u Srbiji (ra\u010duni, itd.)<br \/>\n\u2022 Strani paso\u0161<br \/>\n\u2022 Sve italijanske isprave<br \/>\n\u2022 Priznanica o uplati 250 evra: <strong>od 5. oktobra 2018. godine, u skladu sa \u010dl. 14 Zakonske uredbe br. 113 od 4. oktobra 2018. godine, zahtevi i izjave vezane za izbor, sticanje, ponovno sticanje, dodelu ili odricanje od dr\u017eavljanstva podlo\u017eni su pla\u0107anju takse u iznosu od 250,00 evra.<\/strong><\/p>\n<p>Uplatu je mogu\u0107e izvr\u0161iti putem doznake u inostranstvo. Podnosioci zahteva, \u0107e za uplate obavezno morati da koriste slede\u0107e identifikacione elemente:<br \/>\n1) Naziv Korisnika teku\u0107eg ra\u010duna:<br \/>\nMINISTERO DELL&#8217;INTERNO D.L.C.I. \u2013 CITTADINANZA;<br \/>\n2) Svrha uplate: Rinuncia cittadinanza italiana: nome e cognome (ime i prezime);<br \/>\n3) IBAN vezan za TR: IT54D0760103200000000809020<br \/>\n4) Naziv Banke: POSTE ITALIANE S.P.A.<br \/>\n5) BIC\/SWIFT Poste italiane: BPPIITRRXXX<\/p>\n<p>\u2022 Pla\u0107anje konzularne takse u skladu sa \u010dl. 4 stav b) u iznosu od 50,00 evro vr\u0161i se u gotovini u Konzularnom odeljenju na dan zakazanog termina.<\/p>\n<p>Po ispunjenim svim navedenim uslovima, stranka mo\u017ee tra\u017eiti zakazivanje termina slanjem mejla Konzularnom odeljenju na adresu <a href=\"mailto:consolare.belgrado@esteri.it\">consolare.belgrado@esteri.it<\/a><\/p>\n","protected":false},"excerpt":{"rendered":"Za postupak odricanja od dr\u017eavljanstva Italije potrebno je dostaviti: \u2022 Izvod iz mati\u010dne knjige ro\u0111enih \u2022 Dokumentaciju kojom se potvr\u0111uje posedovanje stranog dr\u017eavljanstva (Re\u0161enje ili potvrda o prijemu u dr\u017eavljanstvo, itd.) \u2022 Dokaz o prebivali\u0161tu u Srbiji (ra\u010duni, itd.) \u2022 Strani paso\u0161 \u2022 Sve italijanske isprave \u2022 Priznanica o uplati 250 evra: od 5. oktobra [&hellip;]","protected":false},"author":5,"featured_media":0,"parent":184,"menu_order":17,"comment_status":"closed","ping_status":"closed","template":"","meta":{"footnotes":""},"class_list":["post-520","page","type-page","status-publish","hentry"],"_links":{"self":[{"href":"https:\/\/ambbelgrado.esteri.it\/sr\/wp-json\/wp\/v2\/pages\/520","targetHints":{"allow":["GET"]}}],"collection":[{"href":"https:\/\/ambbelgrado.esteri.it\/sr\/wp-json\/wp\/v2\/pages"}],"about":[{"href":"https:\/\/ambbelgrado.esteri.it\/sr\/wp-json\/wp\/v2\/types\/page"}],"author":[{"embeddable":true,"href":"https:\/\/ambbelgrado.esteri.it\/sr\/wp-json\/wp\/v2\/users\/5"}],"replies":[{"embeddable":true,"href":"https:\/\/ambbelgrado.esteri.it\/sr\/wp-json\/wp\/v2\/comments?post=520"}],"version-history":[{"count":2,"href":"https:\/\/ambbelgrado.esteri.it\/sr\/wp-json\/wp\/v2\/pages\/520\/revisions"}],"predecessor-version":[{"id":11980,"href":"https:\/\/ambbelgrado.esteri.it\/sr\/wp-json\/wp\/v2\/pages\/520\/revisions\/11980"}],"up":[{"embeddable":true,"href":"https:\/\/ambbelgrado.esteri.it\/sr\/wp-json\/wp\/v2\/pages\/184"}],"wp:attachment":[{"href":"https:\/\/ambbelgrado.esteri.it\/sr\/wp-json\/wp\/v2\/media?parent=520"}],"curies":[{"name":"wp","href":"https:\/\/api.w.org\/{rel}","templated":true}]}}