{"id":516,"date":"2023-10-23T17:12:01","date_gmt":"2023-10-23T15:12:01","guid":{"rendered":"https:\/\/ambbelgrado.esteri.it\/?page_id=516"},"modified":"2023-10-23T17:12:35","modified_gmt":"2023-10-23T15:12:35","slug":"ponovno-sticanje-italijanskog-drzavljanstva","status":"publish","type":"page","link":"https:\/\/ambbelgrado.esteri.it\/sr\/servizi-consolari-e-visti\/servizi-per-il-cittadino-straniero\/cittadinanza\/ponovno-sticanje-italijanskog-drzavljanstva\/","title":{"rendered":"PONOVNO STICANJE ITALIJANSKOG DR\u017dAVLJANSTVA"},"content":{"rendered":"<div>\n<p>Italijanski dr\u017eavljani ro\u0111eni u Italiji koji su stekli strano dr\u017eavljanstvo pre 16. avgusta 1992. izgubili su italijansko dr\u017eavljanstvo.<br \/>\nMogu ga ponovo ste\u0107i, bez gubitka dr\u017eavljanstva kojeg su trenutno nosioci, na osnovu boravka u Italiji:<\/p>\n<p>1) <strong>automatski<\/strong> posle godinu dana od datuma naseljavanja na teritoriji Republike Italije.<br \/>\n2) <strong>izjavom koju podnose<\/strong>:<br \/>\n\u2022 <strong>direktno pri Op\u0161tini boravka u Italiji<\/strong>;<br \/>\n\u2022<strong> ili, alternativno, pri italijanskoj Konzularnoj slu\u017ebi<\/strong> uz naseljavanje u Italiji u roku od godinu dana od podno\u0161enja izjave.<\/p>\n<p>Pre odlaska u Italiju, potrebno je prijaviti gubitak italijanskog dr\u017eavljanstva Op\u0161tini preko ove Ambasade uz podno\u0161enje slede\u0107e dokumentacije, li\u010dno ili po\u0161tom:<br \/>\n\u2022 potvrda o prijemu u dr\u017eavljanstvo, overena Apostilom i prevedena na italijanski<br \/>\n\u2022 izvod iz mati\u010dne knjige ro\u0111enih (estratto per riassunto)<br \/>\n\u2022 paso\u0161<\/p>\n<p>Po pribavljanju kompletne navedene dokumentacije, potrebno je zakazati termin za sastanak putem elektronske po\u0161te na adresu: <a href=\"mailto:consolare.belgrado@esteri.it\">consolare.belgrado@esteri.it<\/a>.<br \/>\nU Italiji je stranka du\u017ena da podnese zahtev nadle\u017enoj Policijskoj upravi za izdavanje posebne boravi\u0161ne dozvole radi ponovnog sticanja italijanskog dr\u017eavljanstva. Po dobijanju boravi\u0161ne dozvole, mogu\u0107e je tra\u017eiti i izvr\u0161iti upis u mati\u010dne knjige pri izabranoj Op\u0161tini.<\/p>\n<\/div>\n","protected":false},"excerpt":{"rendered":"Italijanski dr\u017eavljani ro\u0111eni u Italiji koji su stekli strano dr\u017eavljanstvo pre 16. avgusta 1992. izgubili su italijansko dr\u017eavljanstvo. Mogu ga ponovo ste\u0107i, bez gubitka dr\u017eavljanstva kojeg su trenutno nosioci, na osnovu boravka u Italiji: 1) automatski posle godinu dana od datuma naseljavanja na teritoriji Republike Italije. 2) izjavom koju podnose: \u2022 direktno pri Op\u0161tini boravka [&hellip;]","protected":false},"author":5,"featured_media":0,"parent":184,"menu_order":15,"comment_status":"closed","ping_status":"closed","template":"","meta":{"footnotes":""},"class_list":["post-516","page","type-page","status-publish","hentry"],"_links":{"self":[{"href":"https:\/\/ambbelgrado.esteri.it\/sr\/wp-json\/wp\/v2\/pages\/516","targetHints":{"allow":["GET"]}}],"collection":[{"href":"https:\/\/ambbelgrado.esteri.it\/sr\/wp-json\/wp\/v2\/pages"}],"about":[{"href":"https:\/\/ambbelgrado.esteri.it\/sr\/wp-json\/wp\/v2\/types\/page"}],"author":[{"embeddable":true,"href":"https:\/\/ambbelgrado.esteri.it\/sr\/wp-json\/wp\/v2\/users\/5"}],"replies":[{"embeddable":true,"href":"https:\/\/ambbelgrado.esteri.it\/sr\/wp-json\/wp\/v2\/comments?post=516"}],"version-history":[{"count":1,"href":"https:\/\/ambbelgrado.esteri.it\/sr\/wp-json\/wp\/v2\/pages\/516\/revisions"}],"predecessor-version":[{"id":517,"href":"https:\/\/ambbelgrado.esteri.it\/sr\/wp-json\/wp\/v2\/pages\/516\/revisions\/517"}],"up":[{"embeddable":true,"href":"https:\/\/ambbelgrado.esteri.it\/sr\/wp-json\/wp\/v2\/pages\/184"}],"wp:attachment":[{"href":"https:\/\/ambbelgrado.esteri.it\/sr\/wp-json\/wp\/v2\/media?parent=516"}],"curies":[{"name":"wp","href":"https:\/\/api.w.org\/{rel}","templated":true}]}}