{"id":512,"date":"2023-10-23T17:10:43","date_gmt":"2023-10-23T15:10:43","guid":{"rendered":"https:\/\/ambbelgrado.esteri.it\/?page_id=512"},"modified":"2023-10-23T17:11:13","modified_gmt":"2023-10-23T15:11:13","slug":"sticanje-drzavljanstva-rodenjem-na-teritoriji-italije","status":"publish","type":"page","link":"https:\/\/ambbelgrado.esteri.it\/sr\/servizi-consolari-e-visti\/servizi-per-il-cittadino-straniero\/cittadinanza\/sticanje-drzavljanstva-rodenjem-na-teritoriji-italije\/","title":{"rendered":"STICANJE DR\u017dAVLJANSTVA RO\u0110ENJEM NA TERITORIJI ITALIJE"},"content":{"rendered":"<div>\n<p>STICANJE DR\u017dAVLJANSTVA RO\u0110ENJEM NA TERITORIJI ITALIJE<\/p>\n<p>\u2022 ako su oba roditelja nepoznata ili bez dr\u017eavljanstva ili ne prenose dr\u017eavljanstvo na dete u skladu sa zakonom dr\u017eave \u010diji su gra\u0111ani<br \/>\n\u2022 ako je dete nepoznatih roditelja na\u0111eno na teritoriji Italije (naho\u010de) i nije mogu\u0107e utvrditi njegovo dr\u017eavljanstvo (status civitatis)<\/p>\n<p>Stranac ro\u0111en na teritoriji Italije mo\u017ee ste\u0107i dr\u017eavljanstvo ukoliko boravi legalno i neprekidno u Italiji od ro\u0111enja do navr\u0161enog punoletstva.<\/p>\n<\/div>\n","protected":false},"excerpt":{"rendered":"STICANJE DR\u017dAVLJANSTVA RO\u0110ENJEM NA TERITORIJI ITALIJE \u2022 ako su oba roditelja nepoznata ili bez dr\u017eavljanstva ili ne prenose dr\u017eavljanstvo na dete u skladu sa zakonom dr\u017eave \u010diji su gra\u0111ani \u2022 ako je dete nepoznatih roditelja na\u0111eno na teritoriji Italije (naho\u010de) i nije mogu\u0107e utvrditi njegovo dr\u017eavljanstvo (status civitatis) Stranac ro\u0111en na teritoriji Italije mo\u017ee ste\u0107i [&hellip;]","protected":false},"author":5,"featured_media":0,"parent":184,"menu_order":13,"comment_status":"closed","ping_status":"closed","template":"","meta":{"footnotes":""},"class_list":["post-512","page","type-page","status-publish","hentry"],"_links":{"self":[{"href":"https:\/\/ambbelgrado.esteri.it\/sr\/wp-json\/wp\/v2\/pages\/512","targetHints":{"allow":["GET"]}}],"collection":[{"href":"https:\/\/ambbelgrado.esteri.it\/sr\/wp-json\/wp\/v2\/pages"}],"about":[{"href":"https:\/\/ambbelgrado.esteri.it\/sr\/wp-json\/wp\/v2\/types\/page"}],"author":[{"embeddable":true,"href":"https:\/\/ambbelgrado.esteri.it\/sr\/wp-json\/wp\/v2\/users\/5"}],"replies":[{"embeddable":true,"href":"https:\/\/ambbelgrado.esteri.it\/sr\/wp-json\/wp\/v2\/comments?post=512"}],"version-history":[{"count":1,"href":"https:\/\/ambbelgrado.esteri.it\/sr\/wp-json\/wp\/v2\/pages\/512\/revisions"}],"predecessor-version":[{"id":513,"href":"https:\/\/ambbelgrado.esteri.it\/sr\/wp-json\/wp\/v2\/pages\/512\/revisions\/513"}],"up":[{"embeddable":true,"href":"https:\/\/ambbelgrado.esteri.it\/sr\/wp-json\/wp\/v2\/pages\/184"}],"wp:attachment":[{"href":"https:\/\/ambbelgrado.esteri.it\/sr\/wp-json\/wp\/v2\/media?parent=512"}],"curies":[{"name":"wp","href":"https:\/\/api.w.org\/{rel}","templated":true}]}}