{"id":508,"date":"2023-10-23T17:09:19","date_gmt":"2023-10-23T15:09:19","guid":{"rendered":"https:\/\/ambbelgrado.esteri.it\/?page_id=508"},"modified":"2023-10-23T17:09:50","modified_gmt":"2023-10-23T15:09:50","slug":"sticanje-drzavljanstva-putem-zahteva-za-prijem-u-drzavljanstvo-po-vlastitom-izboru-pojedinca","status":"publish","type":"page","link":"https:\/\/ambbelgrado.esteri.it\/sr\/servizi-consolari-e-visti\/servizi-per-il-cittadino-straniero\/cittadinanza\/sticanje-drzavljanstva-putem-zahteva-za-prijem-u-drzavljanstvo-po-vlastitom-izboru-pojedinca\/","title":{"rendered":"STICANJE DR\u017dAVLJANSTVA PUTEM ZAHTEVA ZA PRIJEM U DR\u017dAVLJANSTVO PO VLASTITOM IZBORU POJEDINCA"},"content":{"rendered":"<p>Ukoliko je potomak italijanskog dr\u017eavljanina po ro\u0111enju (do drugog kolena), stranac mo\u017ee ste\u0107i italijansko dr\u017eavljanstvo u jednom od slede\u0107ih slu\u010dajeva:<\/p>\n<p>\u2022 Ukoliko odslu\u017ei vojni rok u Vojsci Italije<br \/>\n\u2022 Ukoliko je zaposlen u dr\u017eavnoj slu\u017ebi Italije, u zemlji ili inostranstvu<br \/>\n\u2022 Ukoliko legalno boravi u Italiji najmanje dve godine pre sticanja punoletstva<\/p>\n","protected":false},"excerpt":{"rendered":"Ukoliko je potomak italijanskog dr\u017eavljanina po ro\u0111enju (do drugog kolena), stranac mo\u017ee ste\u0107i italijansko dr\u017eavljanstvo u jednom od slede\u0107ih slu\u010dajeva: \u2022 Ukoliko odslu\u017ei vojni rok u Vojsci Italije \u2022 Ukoliko je zaposlen u dr\u017eavnoj slu\u017ebi Italije, u zemlji ili inostranstvu \u2022 Ukoliko legalno boravi u Italiji najmanje dve godine pre sticanja punoletstva","protected":false},"author":5,"featured_media":0,"parent":184,"menu_order":11,"comment_status":"closed","ping_status":"closed","template":"","meta":{"footnotes":""},"class_list":["post-508","page","type-page","status-publish","hentry"],"_links":{"self":[{"href":"https:\/\/ambbelgrado.esteri.it\/sr\/wp-json\/wp\/v2\/pages\/508","targetHints":{"allow":["GET"]}}],"collection":[{"href":"https:\/\/ambbelgrado.esteri.it\/sr\/wp-json\/wp\/v2\/pages"}],"about":[{"href":"https:\/\/ambbelgrado.esteri.it\/sr\/wp-json\/wp\/v2\/types\/page"}],"author":[{"embeddable":true,"href":"https:\/\/ambbelgrado.esteri.it\/sr\/wp-json\/wp\/v2\/users\/5"}],"replies":[{"embeddable":true,"href":"https:\/\/ambbelgrado.esteri.it\/sr\/wp-json\/wp\/v2\/comments?post=508"}],"version-history":[{"count":1,"href":"https:\/\/ambbelgrado.esteri.it\/sr\/wp-json\/wp\/v2\/pages\/508\/revisions"}],"predecessor-version":[{"id":509,"href":"https:\/\/ambbelgrado.esteri.it\/sr\/wp-json\/wp\/v2\/pages\/508\/revisions\/509"}],"up":[{"embeddable":true,"href":"https:\/\/ambbelgrado.esteri.it\/sr\/wp-json\/wp\/v2\/pages\/184"}],"wp:attachment":[{"href":"https:\/\/ambbelgrado.esteri.it\/sr\/wp-json\/wp\/v2\/media?parent=508"}],"curies":[{"name":"wp","href":"https:\/\/api.w.org\/{rel}","templated":true}]}}