{"id":504,"date":"2023-10-23T17:07:47","date_gmt":"2023-10-23T15:07:47","guid":{"rendered":"https:\/\/ambbelgrado.esteri.it\/?page_id=504"},"modified":"2023-10-23T17:08:22","modified_gmt":"2023-10-23T15:08:22","slug":"sticanje-drzavljanstva-prijemom-na-osnovu-stalnog-nastanjenja-u-italiji","status":"publish","type":"page","link":"https:\/\/ambbelgrado.esteri.it\/sr\/servizi-consolari-e-visti\/servizi-per-il-cittadino-straniero\/cittadinanza\/sticanje-drzavljanstva-prijemom-na-osnovu-stalnog-nastanjenja-u-italiji\/","title":{"rendered":"STICANJE DR\u017dAVLJANSTVA PRIJEMOM NA OSNOVU STALNOG NASTANJENJA U ITALIJI"},"content":{"rendered":"<p>Uslovi za sticanje dr\u017eavljanstva prijemom su slede\u0107i:<\/p>\n<p>\u2022 deset godina legalnog boravka u Italiji;<br \/>\n\u2022 dovoljna primanja;<br \/>\n\u2022 nepostojanje ranijih krivi\u010dnih osuda<br \/>\n\u2022 odricanje od prethodnog dr\u017eavljanstva (kada je to predvi\u0111eno)<\/p>\n<p>Trajanje boravka mo\u017ee biti skra\u0107eno na:<\/p>\n<p>\u2022 tri godine legalnog boravka za potomke biv\u0161ih italijanskih dr\u017eavljana po ro\u0111enju do drugog kolena i za strance ro\u0111ene na teritoriji Italije;<br \/>\n\u2022 \u010detiri godine legalnog boravka za dr\u017eavljane neke od zemalja EU;<br \/>\n\u2022 pet godina legalnog boravka za lica bez dr\u017eavljanstva i za izbeglice, kao i za punoletne strane usvojenike italijanskih usvojilaca;<br \/>\n\u2022 za lica koja su tokom najmanje pet godina bila zaposlena u italijanskoj dr\u017eavnoj slu\u017ebi, uklju\u010duju\u0107i u inostranstvu, ne zahteva se nikakav period boravka u Italiji.<\/p>\n<p>Zahtev za prijem u dr\u017eavljanstvo upu\u0107uje se Predsedniku Republike i podnosi se u Prefekturi nadle\u017enoj za mesto boravka u Italiji.<\/p>\n","protected":false},"excerpt":{"rendered":"Uslovi za sticanje dr\u017eavljanstva prijemom su slede\u0107i: \u2022 deset godina legalnog boravka u Italiji; \u2022 dovoljna primanja; \u2022 nepostojanje ranijih krivi\u010dnih osuda \u2022 odricanje od prethodnog dr\u017eavljanstva (kada je to predvi\u0111eno) Trajanje boravka mo\u017ee biti skra\u0107eno na: \u2022 tri godine legalnog boravka za potomke biv\u0161ih italijanskih dr\u017eavljana po ro\u0111enju do drugog kolena i za strance [&hellip;]","protected":false},"author":5,"featured_media":0,"parent":184,"menu_order":9,"comment_status":"closed","ping_status":"closed","template":"","meta":{"footnotes":""},"class_list":["post-504","page","type-page","status-publish","hentry"],"_links":{"self":[{"href":"https:\/\/ambbelgrado.esteri.it\/sr\/wp-json\/wp\/v2\/pages\/504","targetHints":{"allow":["GET"]}}],"collection":[{"href":"https:\/\/ambbelgrado.esteri.it\/sr\/wp-json\/wp\/v2\/pages"}],"about":[{"href":"https:\/\/ambbelgrado.esteri.it\/sr\/wp-json\/wp\/v2\/types\/page"}],"author":[{"embeddable":true,"href":"https:\/\/ambbelgrado.esteri.it\/sr\/wp-json\/wp\/v2\/users\/5"}],"replies":[{"embeddable":true,"href":"https:\/\/ambbelgrado.esteri.it\/sr\/wp-json\/wp\/v2\/comments?post=504"}],"version-history":[{"count":1,"href":"https:\/\/ambbelgrado.esteri.it\/sr\/wp-json\/wp\/v2\/pages\/504\/revisions"}],"predecessor-version":[{"id":505,"href":"https:\/\/ambbelgrado.esteri.it\/sr\/wp-json\/wp\/v2\/pages\/504\/revisions\/505"}],"up":[{"embeddable":true,"href":"https:\/\/ambbelgrado.esteri.it\/sr\/wp-json\/wp\/v2\/pages\/184"}],"wp:attachment":[{"href":"https:\/\/ambbelgrado.esteri.it\/sr\/wp-json\/wp\/v2\/media?parent=504"}],"curies":[{"name":"wp","href":"https:\/\/api.w.org\/{rel}","templated":true}]}}