{"id":500,"date":"2023-10-23T17:05:50","date_gmt":"2023-10-23T15:05:50","guid":{"rendered":"https:\/\/ambbelgrado.esteri.it\/?page_id=500"},"modified":"2023-11-10T10:51:38","modified_gmt":"2023-11-10T09:51:38","slug":"sticanje-drzavljanstva-putem-usvajanja","status":"publish","type":"page","link":"https:\/\/ambbelgrado.esteri.it\/sr\/servizi-consolari-e-visti\/servizi-per-il-cittadino-straniero\/cittadinanza\/sticanje-drzavljanstva-putem-usvajanja\/","title":{"rendered":"Sticanje dr\u017eavljanstva putem usvajanja"},"content":{"rendered":"<div>\n<p>Dr\u017eavljanstvo se sti\u010de usvajanjem bilo u slu\u010daju da italijanski gra\u0111anin usvoji maloletno strano lice re\u0161enjem nadle\u017enih italijanskih organa, bilo u slu\u010daju da je presuda o usvajanju doneta u inostranstvu a zatim u\u010dinjena pravosna\u017enom ukazom Suda za maloletnike uz zahtev za upis u mati\u010dne knjige.<\/p>\n<p>Ukoliko je usvojeno lice starije od 18 godina, ono mo\u017ee ste\u0107i italijansko dr\u017eavljanstvo prijemom na osnovu stalnog nastanjenja u Italiji tokom najmanje 5 godina od dana usvajanja.<\/p>\n<\/div>\n","protected":false},"excerpt":{"rendered":"Dr\u017eavljanstvo se sti\u010de usvajanjem bilo u slu\u010daju da italijanski gra\u0111anin usvoji maloletno strano lice re\u0161enjem nadle\u017enih italijanskih organa, bilo u slu\u010daju da je presuda o usvajanju doneta u inostranstvu a zatim u\u010dinjena pravosna\u017enom ukazom Suda za maloletnike uz zahtev za upis u mati\u010dne knjige. Ukoliko je usvojeno lice starije od 18 godina, ono mo\u017ee ste\u0107i [&hellip;]","protected":false},"author":5,"featured_media":0,"parent":184,"menu_order":7,"comment_status":"closed","ping_status":"closed","template":"","meta":{"footnotes":""},"class_list":["post-500","page","type-page","status-publish","hentry"],"_links":{"self":[{"href":"https:\/\/ambbelgrado.esteri.it\/sr\/wp-json\/wp\/v2\/pages\/500","targetHints":{"allow":["GET"]}}],"collection":[{"href":"https:\/\/ambbelgrado.esteri.it\/sr\/wp-json\/wp\/v2\/pages"}],"about":[{"href":"https:\/\/ambbelgrado.esteri.it\/sr\/wp-json\/wp\/v2\/types\/page"}],"author":[{"embeddable":true,"href":"https:\/\/ambbelgrado.esteri.it\/sr\/wp-json\/wp\/v2\/users\/5"}],"replies":[{"embeddable":true,"href":"https:\/\/ambbelgrado.esteri.it\/sr\/wp-json\/wp\/v2\/comments?post=500"}],"version-history":[{"count":2,"href":"https:\/\/ambbelgrado.esteri.it\/sr\/wp-json\/wp\/v2\/pages\/500\/revisions"}],"predecessor-version":[{"id":877,"href":"https:\/\/ambbelgrado.esteri.it\/sr\/wp-json\/wp\/v2\/pages\/500\/revisions\/877"}],"up":[{"embeddable":true,"href":"https:\/\/ambbelgrado.esteri.it\/sr\/wp-json\/wp\/v2\/pages\/184"}],"wp:attachment":[{"href":"https:\/\/ambbelgrado.esteri.it\/sr\/wp-json\/wp\/v2\/media?parent=500"}],"curies":[{"name":"wp","href":"https:\/\/api.w.org\/{rel}","templated":true}]}}