{"id":496,"date":"2023-10-23T17:04:11","date_gmt":"2023-10-23T15:04:11","guid":{"rendered":"https:\/\/ambbelgrado.esteri.it\/?page_id=496"},"modified":"2023-11-10T10:49:10","modified_gmt":"2023-11-10T09:49:10","slug":"sticanje-drzavljanstva-priznavanjem-ocinstva-ili-majcinstva","status":"publish","type":"page","link":"https:\/\/ambbelgrado.esteri.it\/sr\/servizi-consolari-e-visti\/servizi-per-il-cittadino-straniero\/cittadinanza\/sticanje-drzavljanstva-priznavanjem-ocinstva-ili-majcinstva\/","title":{"rendered":"Sticanje dr\u017eavljanstva priznavanjem o\u010dinstva ili maj\u010dinstva"},"content":{"rendered":"<p>Priznavanje o\u010dinstva ili maj\u010dinstva maloletnog deteta automatski vodi njegovom sticanju italijanskog dr\u017eavljanstva<\/p>\n<p>U slu\u010daju da se priznaje o\u010dinstvo odnosno maj\u010dinstvo punoletnog deteta, potrebno je da ono u roku od godinu dana od priznavanja podnese zahtev za prijem u dr\u017eavljanstvo po vlastitom izboru<\/p>\n","protected":false},"excerpt":{"rendered":"Priznavanje o\u010dinstva ili maj\u010dinstva maloletnog deteta automatski vodi njegovom sticanju italijanskog dr\u017eavljanstva U slu\u010daju da se priznaje o\u010dinstvo odnosno maj\u010dinstvo punoletnog deteta, potrebno je da ono u roku od godinu dana od priznavanja podnese zahtev za prijem u dr\u017eavljanstvo po vlastitom izboru","protected":false},"author":5,"featured_media":0,"parent":184,"menu_order":5,"comment_status":"closed","ping_status":"closed","template":"","meta":{"footnotes":""},"class_list":["post-496","page","type-page","status-publish","hentry"],"_links":{"self":[{"href":"https:\/\/ambbelgrado.esteri.it\/sr\/wp-json\/wp\/v2\/pages\/496","targetHints":{"allow":["GET"]}}],"collection":[{"href":"https:\/\/ambbelgrado.esteri.it\/sr\/wp-json\/wp\/v2\/pages"}],"about":[{"href":"https:\/\/ambbelgrado.esteri.it\/sr\/wp-json\/wp\/v2\/types\/page"}],"author":[{"embeddable":true,"href":"https:\/\/ambbelgrado.esteri.it\/sr\/wp-json\/wp\/v2\/users\/5"}],"replies":[{"embeddable":true,"href":"https:\/\/ambbelgrado.esteri.it\/sr\/wp-json\/wp\/v2\/comments?post=496"}],"version-history":[{"count":2,"href":"https:\/\/ambbelgrado.esteri.it\/sr\/wp-json\/wp\/v2\/pages\/496\/revisions"}],"predecessor-version":[{"id":875,"href":"https:\/\/ambbelgrado.esteri.it\/sr\/wp-json\/wp\/v2\/pages\/496\/revisions\/875"}],"up":[{"embeddable":true,"href":"https:\/\/ambbelgrado.esteri.it\/sr\/wp-json\/wp\/v2\/pages\/184"}],"wp:attachment":[{"href":"https:\/\/ambbelgrado.esteri.it\/sr\/wp-json\/wp\/v2\/media?parent=496"}],"curies":[{"name":"wp","href":"https:\/\/api.w.org\/{rel}","templated":true}]}}