{"id":492,"date":"2023-10-23T17:02:31","date_gmt":"2023-10-23T15:02:31","guid":{"rendered":"https:\/\/ambbelgrado.esteri.it\/?page_id=492"},"modified":"2025-10-07T16:30:21","modified_gmt":"2025-10-07T14:30:21","slug":"drzavlsanstvo-steceno-poreklom","status":"publish","type":"page","link":"https:\/\/ambbelgrado.esteri.it\/sr\/servizi-consolari-e-visti\/servizi-per-il-cittadino-straniero\/cittadinanza\/drzavlsanstvo-steceno-poreklom\/","title":{"rendered":"Dr\u017eavljanstvo ste\u010deno poreklom"},"content":{"rendered":"<div>\n<p>Potrebno je izvr\u0161iti upis \u010dina ro\u0111enja deteta italijanskog dr\u017eavljanina\/dr\u017eavljanke ro\u0111enog u inostranstvu\u00a0 u mati\u010dnu knjigu ro\u0111enih u Op\u0161tini u Italiji.<\/p>\n<p>Italijansko dr\u017eavljanstvo se sti\u010de ro\u0111enjem po o\u010devoj liniji (do drugog kolena) ili po maj\u010dinoj liniji (do drugog kolena, samo za lica ro\u0111ena posle 1.1.1948. godine).<\/p>\n<p>Stranka treba da se li\u010dno javi u ovo Konzularno odeljenje.<\/p>\n<p>Za zakazivanje termina potrebno je poslati <em>e-mail<\/em> na:\u00a0<a href=\"mailto:consolare.belgrado@esteri.it\">consolare.belgrado@esteri.it<\/a>.<\/p>\n<p><strong>VA\u017dNO<\/strong><\/p>\n<p>Podse\u0107amo da od 8.7.2014. god. postupak priznavanja dr\u017eavljanstva <em>iure sanguinis<\/em> (po osnovu krvnog srodstva) i <em>iure matrimonii<\/em> (po osnovu braka, ograni\u010deno na slu\u010daj stranih dr\u017eavljanki koje su stupile u brak sa italijanskim dr\u017eavljaninom pre 27.4.1983. god.) podle\u017ee taksi u iznosu od 600 \u20ac (\u010dlan 5-bis zakonske uredbe br. 66 od 24.4.2014. god. preina\u010den, uz izmene, Zakonom br. 89 od 23.6.2014. objavljenom u Slu\u017ebenom glasniku br. 143 od 23.6.2014); pla\u0107anje se vr\u0161i u gotovini u evrima na dan zakazanog termina u Konzularnom odeljenju.<\/p>\n<p>Napominjemo da pla\u0107anje nije vezano za ishod postupka i da se NE VR\u0160I povra\u0107aj novca.<\/p>\n<p>Dokumenta tra\u017eena za priznavanje italijanskog dr\u017eavljanstva nemaju ograni\u010den rok va\u017eenja.<\/p>\n<p>Potrebna dokumenta:<\/p>\n<p>\u2022 Popunjen <a href=\"https:\/\/ambbelgrado.esteri.it\/wp-content\/uploads\/2023\/11\/istanza_iure_sanguinis.docx\">zahtev<\/a> ali bez datuma i potpisa.<br \/>\n\u2022 Originalni izvodi iz mati\u010dnih knjiga ro\u0111enih, ven\u010danih i umrlih pretka ro\u0111enog u Italiji (potrebno je tra\u017eiti od Op\u0161tine ro\u0111enja u Italiji \u201eestratto per riassunto dell\u2019atto di nascita\u201c). Ukoliko je italijanski predak stekao neko drugo dr\u017eavljanstvo pre ro\u0111enja svog deteta, ne mo\u017ee se tra\u017eiti priznavanje italijanskog dr\u017eavljanstva za potomke istog.<br \/>\n\u2022 Izvod iz mati\u010dne knjige ro\u0111enih, ven\u010danih i umrlih za sve potomke italijanskog pretka, uklju\u010duju\u0107i i stranku.<br \/>\n\u2022 Izjava nadle\u017enih organa strane dr\u017eave boravka kojom se potvr\u0111uje da italijanski predak koji se svojevremeno iselio iz Italije nije stekao dr\u017eavljanstvo zemlje iseljenja pre ro\u0111enja direktnog pretka stranke.<br \/>\nU slu\u010daju sticanja stranog dr\u017eavljanstva, potrebno je da u izjavi bude naveden datum prijema u dr\u017eavljanstvo.<br \/>\nUKOLIKO SE JEDAN OD DIREKTNIH PREDAKA ODREKAO ITALIJANSKOG DR\u017dAVLJANSTVA, ONO NE MO\u017dE BITI PRIZNATO POTOMCIMA.<br \/>\n\u2022 Paso\u0161 podnosioca zahteva sa fotokopijom stranica sa slikom i potpisom.<br \/>\n\u2022 Lica koja nisu nosioci srpskog dr\u017eavljanstva moraju doneti na uvid boravi\u0161nu dozvolu i fotokopiju iste ili radnu vizu. Nosioci turisti\u010dkih ili studentskih viza NE MOGU da podnesu zahtev pri ovoj Ambasadi. Potrebno je da u trenutku zakazanog sastanka stranka ima boravi\u0161nu dozvolu ili radnu vizu va\u017eenja godinu dana.<br \/>\n\u2022 Formular AIRE i dokaz o mestu stanovanja (ra\u010duni, ugovor o najmu, itd.)<br \/>\n\u2022 Konzularna taksa u iznosu od 600,00 \u20ac koja se pla\u0107a u gotovini na dan zakazanog termina.<\/p>\n<p>Potrebno je da sve navedene potvrde i Izjava (izuzev Izvoda iz mati\u010dne knjige ro\u0111enih koje izdaje Op\u0161tina u Italiji) budu legalizovane Apostilom i prevedene na italijanski jezik. Prevod na italijanski zvani\u010dnog prevodioca potrebno je overiti u nadle\u017enoj italijanskoj Ambasadi\/Konzulatu (spisak italijanskih Ambasada i Konzulata u svetu dostupan je na sajtu www.esteri.it) ili legalizovati Apostilom, ukoliko je dr\u017eava koja izdaje dokumenta potpisnica Ha\u0161kog sporazuma od 05.10.1961. god.<\/p>\n<p>Lica koja borave u Srbiji, a \u010dijim je srodnicima ve\u0107 priznato italijansko dr\u017eavljanstvo pri nekom od italijanskih Konzulata ili u nekoj od Op\u0161tina u Italiji, treba da prilo\u017ee kompletnu tra\u017eenu dokumentaciju u originalu za sve direktne pretke.<\/p>\n<p>SVA DOKUMENTA MORAJU BITI PRILO\u017dENA U ORIGINALU UZ FOTOKOPIJU. FOTOKOPIJE NE MOGU BITI DVOSTRANE: ZA SVAKU STRANICU DOKUMENATA POTREBNA JE PO JEDNA FOTOKOPIJA.<\/p>\n<p><strong>Originali prilo\u017eenih dokumenata se ne vra\u0107aju<\/strong><\/p>\n<\/div>\n","protected":false},"excerpt":{"rendered":"Potrebno je izvr\u0161iti upis \u010dina ro\u0111enja deteta italijanskog dr\u017eavljanina\/dr\u017eavljanke ro\u0111enog u inostranstvu\u00a0 u mati\u010dnu knjigu ro\u0111enih u Op\u0161tini u Italiji. Italijansko dr\u017eavljanstvo se sti\u010de ro\u0111enjem po o\u010devoj liniji (do drugog kolena) ili po maj\u010dinoj liniji (do drugog kolena, samo za lica ro\u0111ena posle 1.1.1948. godine). Stranka treba da se li\u010dno javi u ovo Konzularno odeljenje. [&hellip;]","protected":false},"author":5,"featured_media":0,"parent":184,"menu_order":3,"comment_status":"closed","ping_status":"closed","template":"","meta":{"footnotes":""},"class_list":["post-492","page","type-page","status-publish","hentry"],"_links":{"self":[{"href":"https:\/\/ambbelgrado.esteri.it\/sr\/wp-json\/wp\/v2\/pages\/492","targetHints":{"allow":["GET"]}}],"collection":[{"href":"https:\/\/ambbelgrado.esteri.it\/sr\/wp-json\/wp\/v2\/pages"}],"about":[{"href":"https:\/\/ambbelgrado.esteri.it\/sr\/wp-json\/wp\/v2\/types\/page"}],"author":[{"embeddable":true,"href":"https:\/\/ambbelgrado.esteri.it\/sr\/wp-json\/wp\/v2\/users\/5"}],"replies":[{"embeddable":true,"href":"https:\/\/ambbelgrado.esteri.it\/sr\/wp-json\/wp\/v2\/comments?post=492"}],"version-history":[{"count":6,"href":"https:\/\/ambbelgrado.esteri.it\/sr\/wp-json\/wp\/v2\/pages\/492\/revisions"}],"predecessor-version":[{"id":13776,"href":"https:\/\/ambbelgrado.esteri.it\/sr\/wp-json\/wp\/v2\/pages\/492\/revisions\/13776"}],"up":[{"embeddable":true,"href":"https:\/\/ambbelgrado.esteri.it\/sr\/wp-json\/wp\/v2\/pages\/184"}],"wp:attachment":[{"href":"https:\/\/ambbelgrado.esteri.it\/sr\/wp-json\/wp\/v2\/media?parent=492"}],"curies":[{"name":"wp","href":"https:\/\/api.w.org\/{rel}","templated":true}]}}