{"id":464,"date":"2023-10-23T13:10:46","date_gmt":"2023-10-23T11:10:46","guid":{"rendered":"https:\/\/ambbelgrado.esteri.it\/?page_id=464"},"modified":"2025-11-27T13:32:28","modified_gmt":"2025-11-27T12:32:28","slug":"cena-pasosa","status":"publish","type":"page","link":"https:\/\/ambbelgrado.esteri.it\/sr\/servizi-consolari-e-visti\/servizi-per-il-cittadino-italiano\/passaporti-e-carte-didentita\/cena-pasosa\/","title":{"rendered":"Cena paso\u0161a"},"content":{"rendered":"<div>\n<p><strong>Cena paso\u0161a<\/strong><\/p>\n<p>Cena biometrijskog paso\u0161a iznosi 116,20 evra kako za odrasle tako i za maloletna lica svih uzrasta, i obuhvata cenu same knji\u017eice paso\u0161a (42,70 evra) na koju se dodaje administrativna taksa od 73,50 evra. Iznos se pla\u0107a u gotovini prilikom izdavanja paso\u0161a.<\/p>\n<\/div>\n","protected":false},"excerpt":{"rendered":"Cena paso\u0161a Cena biometrijskog paso\u0161a iznosi 116,20 evra kako za odrasle tako i za maloletna lica svih uzrasta, i obuhvata cenu same knji\u017eice paso\u0161a (42,70 evra) na koju se dodaje administrativna taksa od 73,50 evra. Iznos se pla\u0107a u gotovini prilikom izdavanja paso\u0161a.","protected":false},"author":5,"featured_media":0,"parent":170,"menu_order":3,"comment_status":"closed","ping_status":"closed","template":"","meta":{"footnotes":""},"class_list":["post-464","page","type-page","status-publish","hentry"],"_links":{"self":[{"href":"https:\/\/ambbelgrado.esteri.it\/sr\/wp-json\/wp\/v2\/pages\/464","targetHints":{"allow":["GET"]}}],"collection":[{"href":"https:\/\/ambbelgrado.esteri.it\/sr\/wp-json\/wp\/v2\/pages"}],"about":[{"href":"https:\/\/ambbelgrado.esteri.it\/sr\/wp-json\/wp\/v2\/types\/page"}],"author":[{"embeddable":true,"href":"https:\/\/ambbelgrado.esteri.it\/sr\/wp-json\/wp\/v2\/users\/5"}],"replies":[{"embeddable":true,"href":"https:\/\/ambbelgrado.esteri.it\/sr\/wp-json\/wp\/v2\/comments?post=464"}],"version-history":[{"count":2,"href":"https:\/\/ambbelgrado.esteri.it\/sr\/wp-json\/wp\/v2\/pages\/464\/revisions"}],"predecessor-version":[{"id":14367,"href":"https:\/\/ambbelgrado.esteri.it\/sr\/wp-json\/wp\/v2\/pages\/464\/revisions\/14367"}],"up":[{"embeddable":true,"href":"https:\/\/ambbelgrado.esteri.it\/sr\/wp-json\/wp\/v2\/pages\/170"}],"wp:attachment":[{"href":"https:\/\/ambbelgrado.esteri.it\/sr\/wp-json\/wp\/v2\/media?parent=464"}],"curies":[{"name":"wp","href":"https:\/\/api.w.org\/{rel}","templated":true}]}}