{"id":460,"date":"2023-10-23T13:07:46","date_gmt":"2023-10-23T11:07:46","guid":{"rendered":"https:\/\/ambbelgrado.esteri.it\/?page_id=460"},"modified":"2023-10-23T13:08:52","modified_gmt":"2023-10-23T11:08:52","slug":"biometrijski-pasos","status":"publish","type":"page","link":"https:\/\/ambbelgrado.esteri.it\/sr\/servizi-consolari-e-visti\/servizi-per-il-cittadino-italiano\/passaporti-e-carte-didentita\/biometrijski-pasos\/","title":{"rendered":"Biometrijski paso\u0161"},"content":{"rendered":"<div>\n<p><strong>Biometrijski paso\u0161<\/strong><\/p>\n<p>Biometrijski paso\u0161 je dokument sa mikro\u010dipom u koji se, osim li\u010dnih podataka, u\u010ditavaju i fotografija i otisci prstiju nosioca paso\u0161a.<\/p>\n<p><strong>Izuze\u0107e od obaveze davanja otisaka prstiju<\/strong><\/p>\n<p>Od obaveze davanja otisaka prstiju izuzeta su maloletna lica do navr\u0161enih 12 godina.<br \/>\nOsim toga, stalno izuze\u0107e od obaveze davanja otisaka prstiju predvi\u0111eno je:<\/p>\n<p>a) U slu\u010daju uredno dokumentovane patologije ili trajne fizi\u010dke onesposobljenosti (potvr\u0111ene lekarskim uverenjem izdatim od strane nadle\u017ene lokalne zdravstvene slu\u017ebe, bolnice, itd.)<br \/>\nb) U slu\u010daju o\u010diglednog fizi\u010dkog nedostatka ili deformiteta (u tim slu\u010dajevima nije potrebno podnositi medicinsku dokumentaciju).<\/p>\n<p>U gore navedenim slu\u010dajevima izdaje se obi\u010dan paso\u0161 bez otisaka prstiju, sa rokom va\u017eenja od deset godina.<br \/>\nU slu\u010dajevima kada je podnosilac zahteva mimo svoje volje privremeno spre\u010den da ostavi otiske prstiju izdaje se privremeni paso\u0161.<\/p>\n<p><strong>Rok va\u017eenja biometrijskog paso\u0161a<\/strong><\/p>\n<ul>\n<li>\uf0a7 10 godina za punoletna lica<\/li>\n<li>\uf0a7 5 godina za maloletna lica od navr\u0161ene 3. godine do 17 godina starosti<\/li>\n<li>\uf0a7 3 godine za maloletna lica od 0 do 3 godine<\/li>\n<\/ul>\n<p>Zamena je mogu\u0107a za vreme va\u017eenja starog paso\u0161a, u roku od najvi\u0161e \u0161est meseci pre njegovog isteka.<\/p>\n<\/div>\n","protected":false},"excerpt":{"rendered":"Biometrijski paso\u0161 Biometrijski paso\u0161 je dokument sa mikro\u010dipom u koji se, osim li\u010dnih podataka, u\u010ditavaju i fotografija i otisci prstiju nosioca paso\u0161a. Izuze\u0107e od obaveze davanja otisaka prstiju Od obaveze davanja otisaka prstiju izuzeta su maloletna lica do navr\u0161enih 12 godina. Osim toga, stalno izuze\u0107e od obaveze davanja otisaka prstiju predvi\u0111eno je: a) U slu\u010daju [&hellip;]","protected":false},"author":5,"featured_media":0,"parent":170,"menu_order":1,"comment_status":"closed","ping_status":"closed","template":"","meta":{"footnotes":""},"class_list":["post-460","page","type-page","status-publish","hentry"],"_links":{"self":[{"href":"https:\/\/ambbelgrado.esteri.it\/sr\/wp-json\/wp\/v2\/pages\/460","targetHints":{"allow":["GET"]}}],"collection":[{"href":"https:\/\/ambbelgrado.esteri.it\/sr\/wp-json\/wp\/v2\/pages"}],"about":[{"href":"https:\/\/ambbelgrado.esteri.it\/sr\/wp-json\/wp\/v2\/types\/page"}],"author":[{"embeddable":true,"href":"https:\/\/ambbelgrado.esteri.it\/sr\/wp-json\/wp\/v2\/users\/5"}],"replies":[{"embeddable":true,"href":"https:\/\/ambbelgrado.esteri.it\/sr\/wp-json\/wp\/v2\/comments?post=460"}],"version-history":[{"count":1,"href":"https:\/\/ambbelgrado.esteri.it\/sr\/wp-json\/wp\/v2\/pages\/460\/revisions"}],"predecessor-version":[{"id":461,"href":"https:\/\/ambbelgrado.esteri.it\/sr\/wp-json\/wp\/v2\/pages\/460\/revisions\/461"}],"up":[{"embeddable":true,"href":"https:\/\/ambbelgrado.esteri.it\/sr\/wp-json\/wp\/v2\/pages\/170"}],"wp:attachment":[{"href":"https:\/\/ambbelgrado.esteri.it\/sr\/wp-json\/wp\/v2\/media?parent=460"}],"curies":[{"name":"wp","href":"https:\/\/api.w.org\/{rel}","templated":true}]}}