{"id":327,"date":"2023-10-05T10:34:12","date_gmt":"2023-10-05T08:34:12","guid":{"rendered":"https:\/\/ambbelgrado.esteri.it\/?page_id=327"},"modified":"2025-03-10T10:35:56","modified_gmt":"2025-03-10T09:35:56","slug":"sporazum-o-saradnji","status":"publish","type":"page","link":"https:\/\/ambbelgrado.esteri.it\/sr\/italia-e-serbia\/diplomazia-scientifica\/sporazum-o-saradnji\/","title":{"rendered":"Sporazumi o saradnji"},"content":{"rendered":"<p>Izme\u0111u vlada Italije i Srbije na snazi su <strong>dva sporazuma o saradnji<\/strong> u oblasti nauke i tehnologije.<\/p>\n<p>Prvi <strong>Sporazum o nau\u010dnoj i tehnolo\u0161koj saradnji<\/strong> izme\u0111u Italije i Srbije potpisali su ministar Fratini i potpredsednik \u0110elic\u0301 u Rimu 21. decembra 2009. godine. Strane su se obavezale na ja\u010danje saradnje u oblasti istra\u017eivanja, studijskih programa i razmene docenata i studenata, zajedni\u010dkog organizovanja seminara i konferencija i \u0161kolske aktivnosti.<\/p>\n<p>Na osnovu pomenutog sporazuma, u Beogradu je 9. jula 2013. potpisan prvi Izvr\u0161ni protokol o nau\u010dnoj i tehnolo\u0161koj saradnji za 2013-2015. Dobio je dva instrumenta finansiranja: jedan za podr\u0161ku mobilnosti istra\u017eiva\u010da i drugi za finansiranje zajedni\u010dkih istra\u017eiva\u010dkih aktivnosti.<\/p>\n<p>Prvim Izvr\u0161nim protokolom finansirano je 15 projekata za razmenu istra\u017eiva\u010da i 7 istra\u017eiva\u010dkih projekata od velike va\u017enosti. Dva Izvr\u0161na protokola nau\u010dne i tehnolo\u0161ke saradnje koja su usledila, onaj za period 2016-2018 i naredni za period 2019-2021, zajedno su finansirali 10 odnosno 12 projekata za razmenu nau\u010dnih istra\u017eiva\u010da, zajedno sa 7 projekata od velikog zna\u010daja u svakom od ovih perioda.<\/p>\n<p>&nbsp;<\/p>\n<p>Kao posledica efekata pandemije Covid-19, a na osnovu zavr\u0161nih odredbi Izvr\u0161nog protokola, rok za projekte u programskom periodu 2019-2021 je produ\u017een do 31. decembra 2022. godine.<\/p>\n<p>\u010cetvrti Izvr\u0161ni protokol za nau\u010dnu i tehnolo\u0161ku saradnju potpisan je 20. januara 2025. godine i finansira, u periodu 2025-2027, 12 projekata za razmenu istra\u017eiva\u010da. U trenutnom programiranju prioritetni sektori saradnje su:<\/p>\n<p>&#8211; Poljoprivreda i prehrambene tehnologije<\/p>\n<p>&#8211; Informaciono-komunikacione tehnologije<\/p>\n<p>&#8211; Energetska tranzicija i istra\u017eivanja vezana za vodonik<\/p>\n<p>&#8211; Osnovna istra\u017eivanja u fizici<\/p>\n<p>&#8211; Biotehnologija<\/p>\n<p>&nbsp;<\/p>\n<p>Drugi sporazum na snazi je <strong>Memorandum o razumevanju za saradnju u oblasti visokog obrazovanja, nau\u010dnog istra\u017eivanja i inovacija<\/strong> potpisan 22. marta 2023. izme\u0111u Ministarstva nauke, tehnolo\u0161kog razvoja i inovacija i Ministarstva prosvete sa srpske strane i, na italijanskoj strani, od strane Ministarstva univerziteta i istra\u017eivanja. Memorandum ima za cilj ja\u010danje saradnje u oblastima visokog obrazovanja i nau\u010dnog istra\u017eivanja, posebno u prioritetnim oblastima kao \u0161to su:<\/p>\n<p>&#8211; Ra\u010dunarstvo visokih performansi i Big Data;<\/p>\n<p>&#8211; Ve\u0161ta\u010dka inteligencija i njene primene;<\/p>\n<p>&#8211; Poljoprivredno-prehrambene tehnologije;<\/p>\n<p>&#8211; Bio i RNK tehnologije;<\/p>\n<p>&#8211; Odr\u017eiva ekonomija i odr\u017eiva mobilnost;<\/p>\n<p>Implementacija istra\u017eiva\u010dkog i inovacionog dela Memoranduma o razumevanju po\u010dela je u decembru 2023. godine objavljivanjem poziva za zajedni\u010dke istra\u017eiva\u010dke projekte. Oblasti istra\u017eivanja su prioritetne oblasti identifikovane Memorandumom. Evaluacija pristiglih predloga je u toku i po\u010detak projekata se o\u010dekuje u prvoj polovini 2025. godine.<\/p>\n<p>Za dodatne informacije kontaktirajte ata\u0161ea za nauku na mejl: <a href=\"mailto:belgrado.scienza@esteri.it\">belgrado.scienza@esteri.it<\/a> .<\/p>\n","protected":false},"excerpt":{"rendered":"Izme\u0111u vlada Italije i Srbije na snazi su dva sporazuma o saradnji u oblasti nauke i tehnologije. Prvi Sporazum o nau\u010dnoj i tehnolo\u0161koj saradnji izme\u0111u Italije i Srbije potpisali su ministar Fratini i potpredsednik \u0110elic\u0301 u Rimu 21. decembra 2009. godine. Strane su se obavezale na ja\u010danje saradnje u oblasti istra\u017eivanja, studijskih programa i razmene [&hellip;]","protected":false},"author":7,"featured_media":0,"parent":159,"menu_order":0,"comment_status":"closed","ping_status":"closed","template":"","meta":{"footnotes":""},"class_list":["post-327","page","type-page","status-publish","hentry"],"_links":{"self":[{"href":"https:\/\/ambbelgrado.esteri.it\/sr\/wp-json\/wp\/v2\/pages\/327","targetHints":{"allow":["GET"]}}],"collection":[{"href":"https:\/\/ambbelgrado.esteri.it\/sr\/wp-json\/wp\/v2\/pages"}],"about":[{"href":"https:\/\/ambbelgrado.esteri.it\/sr\/wp-json\/wp\/v2\/types\/page"}],"author":[{"embeddable":true,"href":"https:\/\/ambbelgrado.esteri.it\/sr\/wp-json\/wp\/v2\/users\/7"}],"replies":[{"embeddable":true,"href":"https:\/\/ambbelgrado.esteri.it\/sr\/wp-json\/wp\/v2\/comments?post=327"}],"version-history":[{"count":3,"href":"https:\/\/ambbelgrado.esteri.it\/sr\/wp-json\/wp\/v2\/pages\/327\/revisions"}],"predecessor-version":[{"id":12270,"href":"https:\/\/ambbelgrado.esteri.it\/sr\/wp-json\/wp\/v2\/pages\/327\/revisions\/12270"}],"up":[{"embeddable":true,"href":"https:\/\/ambbelgrado.esteri.it\/sr\/wp-json\/wp\/v2\/pages\/159"}],"wp:attachment":[{"href":"https:\/\/ambbelgrado.esteri.it\/sr\/wp-json\/wp\/v2\/media?parent=327"}],"curies":[{"name":"wp","href":"https:\/\/api.w.org\/{rel}","templated":true}]}}