{"id":184,"date":"2023-04-11T18:22:23","date_gmt":"2023-04-11T16:22:23","guid":{"rendered":"https:\/\/ambbelgrado.esteri.it\/servizi-consolari-e-visti\/servizi-per-il-cittadino-straniero\/cittadinanza\/"},"modified":"2025-06-20T16:54:22","modified_gmt":"2025-06-20T14:54:22","slug":"cittadinanza","status":"publish","type":"page","link":"https:\/\/ambbelgrado.esteri.it\/sr\/servizi-consolari-e-visti\/servizi-per-il-cittadino-straniero\/cittadinanza\/","title":{"rendered":"Dr\u017eavljanstvo"},"content":{"rendered":"<p><em>Stranica je u procesu a\u017euriranja nakon stupanja na snagu Zakonske uredbe <\/em><em>br. 36 od<\/em><em> 28. marta 2025,\u00a0 \u201eHitne odredbe koje se ti\u010du dr\u017eavljanstva\u201c.<\/em><\/p>\n<p>&nbsp;<\/p>\n<div>\n<p><strong>OP\u0160TE ODREDBE<\/strong><\/p>\n<p>Italijansko dr\u017eavljanstvo se zasniva na na\u010delu ius sanguinis (zakon krvnog srodstva), prema kojem je dete ro\u0111eno od oca Italijana ili majke Italijanke i samo nosilac italijanskog dr\u017eavljanstva; sticanje dr\u017eavljanstva po maj\u010dinoj liniji, me\u0111utim, va\u017ee\u0107e je tek od 1.1.1948, na osnovu posebnog ukaza Ustavnog suda Italije.<br \/>\nItalijansko dr\u017eavljanstvo trenutno je regulisano zakonom br. 91 od 5.12.1992. koji, za razliku od prethodnog, uzima u obzir prijem u dr\u017eavljanstvo ili otpust iz dr\u017eavljanstva po vlastitom izboru pojedinca i priznaje pravo na vi\u0161estruko dr\u017eavljanstvo, osim ako to nije druga\u010dije ure\u0111eno me\u0111unarodnim sporazumima.<\/p>\n<p><strong>PA\u017dNJA!<\/strong><\/p>\n<p><strong>Od 5. oktobra 2018. godine \u2013 u skladu sa \u010dl. 14 Zakonske Uredbe br. 113 od 4. oktobra 2018, preina\u010dene u Zakon br. 132 od 1. decembra 2018. \u2013 zahtevi ili izjave vezani za prijem po vlastitom izboru pojedinca, sticanje, ponovno sticanje, odricanje ili dodeljivanje italijanskog dr\u017eavljanstva podle\u017eu pla\u0107anju takse u iznosu od 250 evra.<\/strong><\/p>\n<p><strong>Od 4. decembra 2018. godine (Zakon br. 132 od 1. decembra 2018), u skladu sa \u010dlanovima 5 (dr\u017eavljanstvo na osnovu braka) i 9 (dr\u017eavljanstvo na osnovu rada u italijanskoj dr\u017eavnoj slu\u017ebi, tokom najmanje pet godina, uklju\u010duju\u0107i u inostranstvu) Zakona 91\/92, neophodan preduslov za sticanje italijanskog dr\u017eavljanstva jeste poznavanje italijanskog jezika koje odgovara najmanje nivou B1 Zajedni\u010dkog evropskog referentnog okvira za jezike. Ispunjavanje datog uslova utvr\u0111uje se diplomom ste\u010denom u javnoj ili privatnoj obrazovnoj ustanovi ili potvrdom koju izdaje odgovaraju\u0107e sertifikaciono telo.<\/strong><\/p>\n<p>Sertifikaciona tela koja pripadaju unifikovanom sistemu sertifikacije za italijanski jezik CLIQ (Certificazione Lingua Italiana di Qualit\u00e0) su slede\u0107a:<br \/>\n\u2022 Univerzitet za strance u Sijeni<br \/>\n\u2022 Univerzitet za strance u Peru\u0111i<br \/>\n\u2022 Univerzitet Roma Tre u Rimu<br \/>\n\u2022 Dru\u0161tvo Dante Aligijeri (Societ\u00e0 Dante Alighieri)<\/p>\n<p>Sertifikati italijanskog jezika minimalnog nivoa B1 izdati od strane gore navedenih ustanova mogu se dakle smatrati va\u017ee\u0107im u skladu sa pomenutim propisima.<br \/>\nVi\u0161e informacija o Ustanovama ovla\u0161\u0107enim za izdavanje pomenutih sertifikata mo\u017eete na\u0107i na namenskoj internet stranici portala za italijanski jezik<br \/>\nVremenski okvir za sprovo\u0111enje postupka u skladu sa \u010dlanovima 5 i 9 Zakona 91\/92 je \u010detrdesetosam (48) meseci od dana podno\u0161enja zahteva.<\/p>\n<p>Svi <strong>administrativni postupci u toku<\/strong> na dan 23. februara 2020. g. ili zapo\u010deti nakon tog datuma ne\u0107e uzimati u obzir period izme\u0111u 23. februara i 15. maja 2020. g.<\/p>\n<p><strong>OSNOVI ZA STICANJE ITALIJANSKOG DR\u017dAVLJANSTVA <\/strong>(kliknuti na odgovaraju\u0107i odeljak):<\/p>\n<p><strong>1. <a href=\"https:\/\/ambbelgrado.esteri.it\/sr\/servizi-consolari-e-visti\/servizi-per-il-cittadino-straniero\/cittadinanza\/sticanje-italijanskog-drzavljanstva-po-osnovu-braka\/\">BRAK SA NOSIOCEM ITALIJANSKOG DR\u017dAVLJANSTVA<\/a><\/strong><br \/>\n<strong>2. <a href=\"https:\/\/ambbelgrado.esteri.it\/sr\/servizi-consolari-e-visti\/servizi-per-il-cittadino-straniero\/cittadinanza\/drzavlsanstvo-steceno-poreklom\/\">POREKLO<\/a><\/strong><br \/>\n<strong>3. <a href=\"https:\/\/ambbelgrado.esteri.it\/sr\/servizi-consolari-e-visti\/servizi-per-il-cittadino-straniero\/cittadinanza\/sticanje-drzavljanstva-priznavanjem-ocinstva-ili-majcinstva\/\">PRIZNAVANJE VANBRA\u010cNOG POTOMSTVA<\/a><\/strong><br \/>\n<strong>4. <a href=\"https:\/\/ambbelgrado.esteri.it\/sr\/servizi-consolari-e-visti\/servizi-per-il-cittadino-straniero\/cittadinanza\/sticanje-drzavljanstva-putem-usvajanja\/\">USVOJENJE<\/a><\/strong><br \/>\n<strong>5. <a href=\"https:\/\/ambbelgrado.esteri.it\/ambasciata_belgrado\/sr\/informazioni_e_servizi\/servizi_consolari\/cittadinanza\/cittadinanza-per-naturalizzazione.html\">P<\/a><a href=\"https:\/\/ambbelgrado.esteri.it\/sr\/servizi-consolari-e-visti\/servizi-per-il-cittadino-straniero\/cittadinanza\/sticanje-drzavljanstva-prijemom-na-osnovu-stalnog-nastanjenja-u-italiji\/\">RIJEM NA OSNOVU STALNOG NASTANJENJA U ITALIJI<\/a><\/strong><br \/>\n<strong>6. <a href=\"https:\/\/ambbelgrado.esteri.it\/sr\/servizi-consolari-e-visti\/servizi-per-il-cittadino-straniero\/cittadinanza\/sticanje-drzavljanstva-putem-zahteva-za-prijem-u-drzavljanstvo-po-vlastitom-izboru-pojedinca\/\">PRIJEM U DR\u017dAVLJANSTVO PO VLASTITOM IZBORU POJEDINCA<\/a><\/strong><br \/>\n<strong>7. <a href=\"https:\/\/ambbelgrado.esteri.it\/sr\/servizi-consolari-e-visti\/servizi-per-il-cittadino-straniero\/cittadinanza\/sticanje-drzavljanstva-rodenjem-na-teritoriji-italije\/\">RO\u0110ENJE NA TERITORIJI ITALIJE<\/a><\/strong><br \/>\n<strong>8. <a href=\"https:\/\/ambbelgrado.esteri.it\/sr\/servizi-consolari-e-visti\/servizi-per-il-cittadino-straniero\/cittadinanza\/ponovno-sticanje-italijanskog-drzavljanstva\/\">PONOVNO STICANJE ITALIJANSKOG DR\u017dAVLJANSTVA<\/a><\/strong><\/p>\n<p><strong><a href=\"https:\/\/ambbelgrado.esteri.it\/sr\/servizi-consolari-e-visti\/servizi-per-il-cittadino-straniero\/cittadinanza\/odricanje-od-italijanskog-drzavljanstva\/\">ODRICANJE OD ITALIJANSKOG DR\u017dAVLJANSTVA<\/a><\/strong><\/p>\n<\/div>\n","protected":false},"excerpt":{"rendered":"Stranica je u procesu a\u017euriranja nakon stupanja na snagu Zakonske uredbe br. 36 od 28. marta 2025,\u00a0 \u201eHitne odredbe koje se ti\u010du dr\u017eavljanstva\u201c. &nbsp; OP\u0160TE ODREDBE Italijansko dr\u017eavljanstvo se zasniva na na\u010delu ius sanguinis (zakon krvnog srodstva), prema kojem je dete ro\u0111eno od oca Italijana ili majke Italijanke i samo nosilac italijanskog dr\u017eavljanstva; sticanje dr\u017eavljanstva [&hellip;]","protected":false},"author":1,"featured_media":0,"parent":182,"menu_order":2,"comment_status":"closed","ping_status":"closed","template":"","meta":{"footnotes":""},"class_list":["post-184","page","type-page","status-publish","hentry"],"_links":{"self":[{"href":"https:\/\/ambbelgrado.esteri.it\/sr\/wp-json\/wp\/v2\/pages\/184","targetHints":{"allow":["GET"]}}],"collection":[{"href":"https:\/\/ambbelgrado.esteri.it\/sr\/wp-json\/wp\/v2\/pages"}],"about":[{"href":"https:\/\/ambbelgrado.esteri.it\/sr\/wp-json\/wp\/v2\/types\/page"}],"author":[{"embeddable":true,"href":"https:\/\/ambbelgrado.esteri.it\/sr\/wp-json\/wp\/v2\/users\/1"}],"replies":[{"embeddable":true,"href":"https:\/\/ambbelgrado.esteri.it\/sr\/wp-json\/wp\/v2\/comments?post=184"}],"version-history":[{"count":6,"href":"https:\/\/ambbelgrado.esteri.it\/sr\/wp-json\/wp\/v2\/pages\/184\/revisions"}],"predecessor-version":[{"id":13161,"href":"https:\/\/ambbelgrado.esteri.it\/sr\/wp-json\/wp\/v2\/pages\/184\/revisions\/13161"}],"up":[{"embeddable":true,"href":"https:\/\/ambbelgrado.esteri.it\/sr\/wp-json\/wp\/v2\/pages\/182"}],"wp:attachment":[{"href":"https:\/\/ambbelgrado.esteri.it\/sr\/wp-json\/wp\/v2\/media?parent=184"}],"curies":[{"name":"wp","href":"https:\/\/api.w.org\/{rel}","templated":true}]}}