{"id":183,"date":"2023-04-11T18:22:07","date_gmt":"2023-04-11T16:22:07","guid":{"rendered":"https:\/\/ambbelgrado.esteri.it\/servizi-consolari-e-visti\/servizi-per-il-cittadino-straniero\/visti\/"},"modified":"2023-12-05T16:58:10","modified_gmt":"2023-12-05T15:58:10","slug":"visti","status":"publish","type":"page","link":"https:\/\/ambbelgrado.esteri.it\/sr\/servizi-consolari-e-visti\/servizi-per-il-cittadino-straniero\/visti\/","title":{"rendered":"Vize"},"content":{"rendered":"<p><a href=\"https:\/\/ambbelgrado.esteri.it\/it\/servizi-consolari-e-visti\/servizi-per-il-cittadino-straniero\/visti\/visas-english-version\/\">Visas (english version)<\/a><\/p>\n<p><a href=\"http:\/\/vistoperitalia.esteri.it\/home.aspx\">&#8216;Il visto per l&#8217;Italia&#8217;<\/a><\/p>\n<p><iframe loading=\"lazy\" src=\"https:\/\/www.youtube.com\/embed\/K2L_xbpZYy4\" width=\"560\" height=\"315\" seamless=\"seamless\" allowfullscreen=\"allowfullscreen\" data-mce-fragment=\"1\"><\/iframe><\/p>\n<p><strong>Vize<\/strong><\/p>\n<p><strong>Informacije za strane dr\u017eavljane koji nameravaju da putuju u Italiju<\/strong><\/p>\n<p>Da biste saznali da li vam je potrebna viza za Italiju s obzirom na razlog va\u0161eg putovanja i na va\u0161u nacionalnost, kao i da biste saznali koja vam je dokumentacija potrebna, molimo vas da posetite sajt \u201cIl Visto per ltalia \u201c pripremljen od strane italijanskog ministarstva spoljnih poslova koji mo\u017eete konsultovati na italijanskom, engleskom, arapskom, ruskom i kineskom jeziku:\u00a0<a href=\"http:\/\/vistoperitalia.esteri.it\/home.aspx\">Klikni ovde (Viza za Italiju)<\/a><\/p>\n<p>Za vi\u0161e informacija i detalja o vizama za studiranje\u00a0 ili o drugim vrstama viza koje se naj\u010de\u0161\u0107e tra\u017ee u Srbiji molimo vas da posetite odgovaraju\u0107e delove menija koji se nalazi sa leve strane ove stranice.<\/p>\n<p>Samo u posebnim slu\u010dajevima kada ne mo\u017eete na\u0107i tra\u017eene informacije,<strong>\u00a0pi\u0161ite<\/strong>\u00a0direktno odeljenju za vize Ambasade Italije u Beogradu i objasniti va\u0161e razloge za putovanje u Italiju.<\/p>\n","protected":false},"excerpt":{"rendered":"Visas (english version) &#8216;Il visto per l&#8217;Italia&#8217; Vize Informacije za strane dr\u017eavljane koji nameravaju da putuju u Italiju Da biste saznali da li vam je potrebna viza za Italiju s obzirom na razlog va\u0161eg putovanja i na va\u0161u nacionalnost, kao i da biste saznali koja vam je dokumentacija potrebna, molimo vas da posetite sajt \u201cIl [&hellip;]","protected":false},"author":1,"featured_media":0,"parent":182,"menu_order":0,"comment_status":"closed","ping_status":"closed","template":"","meta":{"footnotes":""},"class_list":["post-183","page","type-page","status-publish","hentry"],"_links":{"self":[{"href":"https:\/\/ambbelgrado.esteri.it\/sr\/wp-json\/wp\/v2\/pages\/183","targetHints":{"allow":["GET"]}}],"collection":[{"href":"https:\/\/ambbelgrado.esteri.it\/sr\/wp-json\/wp\/v2\/pages"}],"about":[{"href":"https:\/\/ambbelgrado.esteri.it\/sr\/wp-json\/wp\/v2\/types\/page"}],"author":[{"embeddable":true,"href":"https:\/\/ambbelgrado.esteri.it\/sr\/wp-json\/wp\/v2\/users\/1"}],"replies":[{"embeddable":true,"href":"https:\/\/ambbelgrado.esteri.it\/sr\/wp-json\/wp\/v2\/comments?post=183"}],"version-history":[{"count":4,"href":"https:\/\/ambbelgrado.esteri.it\/sr\/wp-json\/wp\/v2\/pages\/183\/revisions"}],"predecessor-version":[{"id":9053,"href":"https:\/\/ambbelgrado.esteri.it\/sr\/wp-json\/wp\/v2\/pages\/183\/revisions\/9053"}],"up":[{"embeddable":true,"href":"https:\/\/ambbelgrado.esteri.it\/sr\/wp-json\/wp\/v2\/pages\/182"}],"wp:attachment":[{"href":"https:\/\/ambbelgrado.esteri.it\/sr\/wp-json\/wp\/v2\/media?parent=183"}],"curies":[{"name":"wp","href":"https:\/\/api.w.org\/{rel}","templated":true}]}}