{"id":180,"date":"2023-04-11T18:20:37","date_gmt":"2023-04-11T16:20:37","guid":{"rendered":"https:\/\/ambbelgrado.esteri.it\/servizi-consolari-e-visti\/servizi-per-il-cittadino-italiano\/albo-consolare-e-altri-servizi\/"},"modified":"2025-04-15T16:18:40","modified_gmt":"2025-04-15T14:18:40","slug":"albo-consolare-e-altri-servizi","status":"publish","type":"page","link":"https:\/\/ambbelgrado.esteri.it\/sr\/servizi-consolari-e-visti\/servizi-per-il-cittadino-italiano\/albo-consolare-e-altri-servizi\/","title":{"rendered":"Konzularni registar i druge usluge"},"content":{"rendered":"<h1><strong>Konzularni registar<\/strong><\/h1>\n<div>\n<p><strong>INFORMACIJE O OBRADI LI\u010cNIH PODATAKA<\/strong><\/p>\n<ul>\n<li><a href=\"https:\/\/ambbelgrado.esteri.it\/wp-content\/uploads\/2024\/04\/Informativa-Privacy-Servizi-Consolari.pdf\">Informacije o obradi li\u010dnih podataka u svrhu pru\u017eanja konzularnih usluga (isklju\u010dujuc\u0301i izdavanje viza i procedura za dobijanje dr\u017eavljanstva)<\/a><\/li>\n<li><a href=\"https:\/\/ambbelgrado.esteri.it\/wp-content\/uploads\/2024\/04\/Informativa-Privacy-Settore-Cittadinanza.pdf\">Informacije o obradi li\u010dnih podataka u svrhu priznavanja italijanskog dr\u017eavljanstva po krvnom srodstvu ili o njegovom sticanju naturalizacijom<\/a><\/li>\n<li><a href=\"https:\/\/ambbelgrado.esteri.it\/wp-content\/uploads\/2024\/04\/Informativa-Privacy-Settore-Visti.pdf\">Informacije o obradi li\u010dnih podataka u svrhu izdavanja viza za ulazak u Italiju i \u0160engen zonu<\/a><\/li>\n<\/ul>\n<p>&nbsp;<\/p>\n<p><strong>MOGU\u0106NOSTI ZAPOSLENJA U AMBASADI<\/strong>:<\/p>\n<p><a href=\"https:\/\/ambbelgrado.esteri.it\/it\/amministrazione-trasparente\/bandi-di-concorso\/\"><strong>kliknite ovde<\/strong><\/a><\/p>\n<p>&nbsp;<\/p>\n<p><a href=\"https:\/\/ambbelgrado.esteri.it\/wp-content\/uploads\/2025\/03\/tariffa_consolare_aggiornata__2025rev-FINale.pdf\"><strong>CENOVNIK KONZULARNIH USLUGA<\/strong><\/a><\/p>\n<p>&nbsp;<\/p>\n<p><strong>OBJAVE SKLAPANJA BRAKA:<\/strong><\/p>\n<p><a href=\"https:\/\/ambbelgrado.esteri.it\/wp-content\/uploads\/2025\/03\/pubb-matr-polinori.pdf\">Lettieri &#8211; Stevanovic<\/a><\/p>\n<p>&nbsp;<\/p>\n<\/div>\n<div>\n<p><strong>OBAVE\u0160TENJA O PROMENI PREZIMENA:<\/strong><\/p>\n<p>&#8212;<\/p>\n<p>&nbsp;<\/p>\n<p><a href=\"https:\/\/ambbelgrado.esteri.it\/wp-content\/uploads\/2024\/04\/2024-Studi-legali-e-di-consulenza.pdf\"><strong>ADVOKATSKE I KONSULTANTSKE KANCELARIJE<\/strong><\/a><\/p>\n<p><a href=\"https:\/\/ambbelgrado.esteri.it\/wp-content\/uploads\/2024\/04\/Interpreti-giurati-2024.pdf\"><strong>SUDSKI TUMA\u010cI U BEOGRADU I CENTRALNOJ SRBIJI<\/strong><\/a><\/p>\n<p><a href=\"https:\/\/www.puma.vojvodina.gov.rs\/tumaci.php\"><strong>SUDSKI TUMA\u010cI U VOJVODINI <\/strong><\/a><\/p>\n<p><strong>SPISAK LEKARA OD POVERENJA:<\/strong><\/p>\n<ul>\n<li><strong>Dr. Snezana \u010cAPRI\u0106<\/strong>, doktor op\u0161te prakse i specijalista interne medicine<\/li>\n<\/ul>\n<p style=\"padding-left: 40px;\">(jezik komunikacije: srpski, engleski i italijanski)<\/p>\n<p style=\"padding-left: 40px;\">mob. 00381 63 301094 \u2013 tel. 00381 11 7151777<\/p>\n<p style=\"padding-left: 40px;\">e.mail: <a href=\"mailto:snezana.capric@gmail.com\">snezana.capric@gmail.com<\/a>; <a href=\"mailto:scapirc@eunet.rs\">scapirc@eunet.rs<\/a>; <a href=\"mailto:snezana.capric@icloud.com\">snezana.capric@icloud.com<\/a><\/p>\n<p style=\"padding-left: 40px;\">internet sajt: aurorabolnica.rs<\/p>\n<p style=\"padding-left: 40px;\">Ambulanta otvorena 24\/24<\/p>\n<p>&nbsp;<\/p>\n<ul>\n<li><strong>Dr. Marija MILETI\u0106<\/strong>, specijalista interne medicine i endokrinologije<\/li>\n<\/ul>\n<p style=\"padding-left: 40px;\">(jezik komunikacije: srpski, engleski i italijanski)<\/p>\n<p style=\"padding-left: 40px;\">mob. 063 7798111 \u2013 e.mail: <a href=\"mailto:drmarijamiletic@gmail.com\">drmariamiletic@gmail.com<\/a><\/p>\n<ul>\n<li><strong>Dr. Goran VUKOMANOVI\u0106<\/strong>, specijalista pedijatrije i pedijatrijske kardiologije<\/li>\n<\/ul>\n<p style=\"padding-left: 40px;\">(jezik komunikacije: srpski, engleski i nema\u010dki)<\/p>\n<p style=\"padding-left: 40px;\">mob. 063 312424\u00a0 \u2013 e.mail: <a href=\"mailto:pedijatar.goran@gmail.com\">pedijatar.goran@gmail.com<\/a><\/p>\n<p><a href=\"https:\/\/ambbelgrado.esteri.it\/ambasciata_belgrado\/it\/ambasciata\/news\/dall-ambasciata\/2018\/11\/video-informativo-a-beneficio-dei.html\">Informativni video, za sunarodnike u inostranstvu, o rokovima i eventualnim obavezama u vezi sa tzv. \u201dnalozima u mirovanju\u201d<\/a><\/p>\n<p><a href=\"https:\/\/elencofunzionari.esteri.it\/\">Italijanski me\u0111unarodni zvani\u010dnici<\/a><\/p>\n<\/div>\n","protected":false},"excerpt":{"rendered":"Konzularni registar INFORMACIJE O OBRADI LI\u010cNIH PODATAKA Informacije o obradi li\u010dnih podataka u svrhu pru\u017eanja konzularnih usluga (isklju\u010dujuc\u0301i izdavanje viza i procedura za dobijanje dr\u017eavljanstva) Informacije o obradi li\u010dnih podataka u svrhu priznavanja italijanskog dr\u017eavljanstva po krvnom srodstvu ili o njegovom sticanju naturalizacijom Informacije o obradi li\u010dnih podataka u svrhu izdavanja viza za ulazak u [&hellip;]","protected":false},"author":1,"featured_media":0,"parent":169,"menu_order":20,"comment_status":"closed","ping_status":"closed","template":"","meta":{"footnotes":""},"class_list":["post-180","page","type-page","status-publish","hentry"],"_links":{"self":[{"href":"https:\/\/ambbelgrado.esteri.it\/sr\/wp-json\/wp\/v2\/pages\/180","targetHints":{"allow":["GET"]}}],"collection":[{"href":"https:\/\/ambbelgrado.esteri.it\/sr\/wp-json\/wp\/v2\/pages"}],"about":[{"href":"https:\/\/ambbelgrado.esteri.it\/sr\/wp-json\/wp\/v2\/types\/page"}],"author":[{"embeddable":true,"href":"https:\/\/ambbelgrado.esteri.it\/sr\/wp-json\/wp\/v2\/users\/1"}],"replies":[{"embeddable":true,"href":"https:\/\/ambbelgrado.esteri.it\/sr\/wp-json\/wp\/v2\/comments?post=180"}],"version-history":[{"count":6,"href":"https:\/\/ambbelgrado.esteri.it\/sr\/wp-json\/wp\/v2\/pages\/180\/revisions"}],"predecessor-version":[{"id":12603,"href":"https:\/\/ambbelgrado.esteri.it\/sr\/wp-json\/wp\/v2\/pages\/180\/revisions\/12603"}],"up":[{"embeddable":true,"href":"https:\/\/ambbelgrado.esteri.it\/sr\/wp-json\/wp\/v2\/pages\/169"}],"wp:attachment":[{"href":"https:\/\/ambbelgrado.esteri.it\/sr\/wp-json\/wp\/v2\/media?parent=180"}],"curies":[{"name":"wp","href":"https:\/\/api.w.org\/{rel}","templated":true}]}}