{"id":179,"date":"2023-04-11T18:20:20","date_gmt":"2023-04-11T16:20:20","guid":{"rendered":"https:\/\/ambbelgrado.esteri.it\/servizi-consolari-e-visti\/servizi-per-il-cittadino-italiano\/codice-fiscale\/"},"modified":"2026-02-12T11:27:51","modified_gmt":"2026-02-12T10:27:51","slug":"codice-fiscale","status":"publish","type":"page","link":"https:\/\/ambbelgrado.esteri.it\/sr\/servizi-consolari-e-visti\/servizi-per-il-cittadino-italiano\/codice-fiscale\/","title":{"rendered":"Fiskalni kod (li\u010dni poreski broj)"},"content":{"rendered":"<p>Fiskalni kod je alfanumeri\u010dki kod koji izdaje Poreska uprava Italije radi identifikacije dr\u017eavljana (italijanskih ili stranih) u njihovim odnosima sa italijanskom javnom upravom, fizi\u010dkim licima i ustanovama. Za fizi\u010dka lica, fiskalni kod se odre\u0111uje na osnovu li\u010dnih podataka.<\/p>\n<p>Svaka administrativna procedura (plac\u0301anje poreza, taksi, naknada itd.) ili poslovna aktivnost (primanje nasledstva, ugovori sa javnim ili privatnim subjektima, zahtevi za finansiranje, sponzorstva, zakup ili pravo kori\u0161\u0107enja nekretnine itd.) zahteva navo\u0111enje fiskalnog koda osobe koja podnosi zahtev.<\/p>\n<p>&nbsp;<\/p>\n<p><strong>ITALIJANSKI DR\u017dAVLJANI SA PREBIVALI\u0160TEM U INOSTRANSTVU KOJI SU UPISANI U AIRE<\/strong><\/p>\n<p>Punoletni italijanski dr\u017eavljani upisani u AIRE mogu <strong>zatra\u017eiti fiskalni kod<\/strong> za sebe i svoju maloletnu decu putem onlajn <strong>portala Fast It<\/strong> pristupom relevantnoj usluzi i prac\u0301enjem uputstava. Na portalu Fast It bic\u0301e moguc\u0301e i preuzeti potvrdu o fiskalnom kodu nakon \u0161to prijava bude obra\u0111ena.<\/p>\n<p><strong><em>Kako?<\/em><\/strong><\/p>\n<ol>\n<li>Prijavi se na <a href=\"https:\/\/serviziconsolari.esteri.it\/#_blank\">portal Fast It<\/a>;<\/li>\n<li>Klikni na \u201c<em>Anagrafe Consolare e AIRE<\/em>\u201d (Konzularni registar i AIRE), a zatim na \u201c<em>Attribuzione Codice fiscale<\/em>\u201d (Dodela fiskalnog koda);<\/li>\n<li>Potvrdi svoje podatke i po\u0161alji zahtev;<\/li>\n<li>Nakon \u0161to Konzulat obradi zahtev, mogu\u0107e je preuzeti (download) potvrdu o dodeli fiskalnog koda.<\/li>\n<\/ol>\n<p><strong><em>Ako nisi u moguc\u0301nosti da preuzme\u0161 potvrdu o dodeli fiskalnog koda<\/em><\/strong>:<\/p>\n<ol>\n<li>Registruj se na <a href=\"https:\/\/serviziconsolari.esteri.it\/#_blank\">FAST IT portalu<\/a> ili se prijavi ako vec\u0301 ima\u0161 aktivan nalog;<\/li>\n<li>Zatra\u017ei \u201c<em>Associazione Online<\/em>\u201d (Onlajn pridru\u017eivanje) klikom na \u201c<em>Anagrafe Consolare e AIRE<\/em>\u201d (Konzularni registar i AIRE), a zatim na \u201c<em>Visualizzare la propria scheda anagrafica<\/em>\u201d (Pogledaj svoju karticu sa li\u010dnim podacima);<\/li>\n<li>Dobic\u0301e\u0161 u inbox poruku o uspe\u0161nom pridru\u017eivanju.<\/li>\n<li>Ponovo se prijavi na portal i preuzmi potvrdu.<\/li>\n<\/ol>\n<p>Punoletni gra\u0111ani koji su upisani u AIRE i koji vec\u0301 imaju fiskalni kod mogu <strong>direktno preuzeti potvrdu o fiskalnom kodu<\/strong> putem portala Fast It pristupom relevantnoj usluzi i pratec\u0301i uputstva za podno\u0161enje zahteva za fiskalni kod. U tom slu\u010daju, Konzulat nec\u0301e morati da interveni\u0161e kako bi potvrda bila izdata.<\/p>\n<p>Oni koji \u017eele da dobiju i <strong>karticu<\/strong> sa fiskalnim kodom moraju da zatra\u017ee i fiskalni kod i karticu podno\u0161enjem odgovarajuc\u0301eg obrasca zajedno sa kopijom li\u010dnog dokumenta.<\/p>\n<p>U slu\u010daju <strong>gubitka ili uni\u0161tenja papirne potvrde ili plastificirane kartice<\/strong>, mo\u017ee se zahtevati duplikat koristec\u0301i istu proceduru kao i za njeno izdavanje.<\/p>\n<p>Za <strong>dodatne informacije<\/strong> poseti Internet stranicu nadle\u017enog Konzularnog odeljenja.<\/p>\n<p>&nbsp;<\/p>\n<p><strong>STRANI DR\u017dALJANI KOJI NEMAJU PREBIVALI\u0160TE U ITALIJI<\/strong><\/p>\n<p>Strani dr\u017eavljani mogu podneti zahtev za izdavanje fiskalnog koda na sledec\u0301e na\u010dine:<\/p>\n<p>&#8211; Preko <strong>italijanskog Konzularnog odeljenja nadle\u017enog za njihovo prebivali\u0161te<\/strong>.<\/p>\n<p>Zahtev za izdavanje fiskalnog koda, koji se podnosi popunjavanjem odgovarajuc\u0301eg obrasca, mora biti proprac\u0301en kopijom li\u010dnog dokumenta i izjavom o razlozima zahteva.<\/p>\n<p>Za dodatne informacije poseti Internet stranicu nadle\u017enog Konzularnog odeljenja.<\/p>\n<p>&#8211; <strong>Posebnim punomoc\u0301jem<\/strong>, kojim se ovla\u0161c\u0301uje lice koje \u0107e direktno podneti zahtev za izdavanje fiskalnog koda u nekoj od kancelarija Poreske uprave na teritoriji Italije, u skladu sa \u010dlanom 1. Ministarske uredbe od 17. maja 2001. godine, br. 281.<\/p>\n<p>Adrese kancelarija Poreske uprave mogu se nac\u0301i na Internet stranici <a href=\"http:\/\/www.agenziaentrate.it\">www.agenziaentrate.it<\/a><\/p>\n<p>Za legalizaciju stranih dokumenata: <a href=\"https:\/\/www.esteri.it\/it\/servizi-consolari-e-visti\/italiani-all-estero\/traduzione-e-legalizzazione-documenti\/legalizzazione-documenti\/\">Legalizzazione documenti \u2013 Ministero degli Affari Esteri e della Cooperazione Internazionale<\/a> (Legalizacija dokumenata \u2013 Ministarstvo spoljnih poslova i me\u0111unarodne saradnje)<\/p>\n<p>&#8211; Direktno u nekoj od kancelarija Poreske uprave na teritoriji Italije, po ulasku u zemlju.<\/p>\n<p>Za dodatne informacije, preporu\u010dujemo konsultovanje Mini vodi\u010da za fiskalni kod za strance Poreske uprave (<a href=\"https:\/\/www.agenziaentrate.gov.it\/portale\/documents\/20143\/233505\/Folder_CodiceFiscaleStranieri_08+03+23.pdf\/218dc638-ced1-3b2d-f5f2-912686b1f7fe?t=1682082253716\">Mini Guida al codice fiscale per stranieri<\/a> ), dostupnog na razli\u010ditim jezicima na Internet stranici:\u00a0 <a href=\"https:\/\/www.agenziaentrate.gov.it\/portale\/mini-guida-codice-fiscale-per-stranieri\">L&#8217;Agenzia &#8211; Mini guida codice fiscale per stranieri &#8211; Agenzia delle Entrate<\/a> (Uprava &#8211; Mini vodi\u010d za fiskalni kod za strance &#8211; Poreska uprava)<\/p>\n<p>&nbsp;<\/p>\n<p>Posebna napomena:<\/p>\n<p><strong>Dr\u017eavljani EU koji nameravaju da borave u Italiji<\/strong> mogu zatra\u017eiti fiskalni kod podno\u0161enjem obrasca AA4\/8 lokalnoj kancelariji Poreske uprave. Zahtev mora biti obrazlo\u017een i uz njega mora biti prilo\u017een va\u017eec\u0301i li\u010dni dokument (paso\u0161 ili li\u010dna karta va\u017eec\u0301a za putovanje u inostranstvo).<\/p>\n<p><strong>Dr\u017eavljanima van EU koji nameravaju da borave u Italiji<\/strong> izdaje se fiskalni kod:<\/p>\n<p>\u2013 od strane Jedinstvene slu\u017ebe za imigraciju, koja se nalazi u svakoj Prefekturi (<em>Prefettura<\/em>) i koja je nadle\u017ena za izdavanje boravi\u0161ne dozvole stranim dr\u017eavljanima koji podnose zahtev za boravi\u0161nu dozvolu radi zaposlenja ili spajanja porodice;<\/p>\n<p>\u2013 od strane Policijske stanice (<em>Questura)<\/em>, u okviru Dr\u017eavne policije, za strane dr\u017eavljane koji podnose zahtev za ostale vrste boravi\u0161nih dozvola.<\/p>\n<p>&nbsp;<\/p>\n<p><strong><u>Studije<\/u><\/strong><\/p>\n<p>Strani dr\u017eavljanin koji dolazi u Italiju radi studija i namerava da ostane krac\u0301e od 90 dana mo\u017ee podneti zahtev za izdavanje fiskalnog koda u nekoj od kancelarija Poreske uprave.<\/p>\n<p>Strani dr\u017eavljanin koji dolazi u Italiju radi studija i namerava da ostane du\u017ee od 90 dana mora prvo da podnese zahtev za dobijanje boravi\u0161ne dozvole u Policijskoj stanici (<em>Questura)<\/em>, i u toj fazi c\u0301e dobiti i fiskalni kod.<\/p>\n<p>&nbsp;<\/p>\n<p>&#8212;<\/p>\n<p><strong>PRISTUP ELEKTRONSKIM USLUGAMA FISCONLINE PUTEM SPID-a<\/strong><\/p>\n<p>SPID zamenjuje prethodne PIN li\u010dne identifikacione brojeve za pristup platformi \u201cFisconline\u201d radi podno\u0161enja prijave prihoda.<\/p>\n<p>Sve informacije dostupne su na internet stranici italijanske Poreske uprave: <a href=\"https:\/\/agenziaentrate.gov.it\/wps\/portal\/entrate\/home\">https:\/\/www.agenziaentrate.gov.it\/wps\/portal\/entrate\/home<\/a><\/p>\n<p>Od 1. oktobra 2020. godine, SPID (Javni sistem za digitalni identitet) omogu\u0107ava pristup elektronskim uslugama dr\u017eavne Uprave registrovanim privatnim licima putem uspostavljanja jedinstvenog Digitalnog Identiteta koji se mo\u017ee koristiti sa ra\u010dunara, tableta i pametnih telefona.<\/p>\n<p><strong>Italijanski dr\u017eavljani sa boravkom u inostranstvu DU\u017dNI SU da podnesu zahtev za SPID do 31. decembra 2022. godine.<\/strong><\/p>\n<p>SPID je besplatan. Za vi\u0161e informacija i spisak operatera videti: <a href=\"https:\/\/spid.gov.it\/richiedi-spid?lang=it\">https:\/\/www.spid.gov.it\/richiedi-spid?lang=it<\/a><\/p>\n<p>SPID \u0107e postati jedini vid pristupa usluzi FASTIT, dakle jedini na\u010din za kori\u0161\u0107enje najve\u0107eg broja konzularnih usluga.<\/p>\n<p>Za dobijanje SPID identifikacije potrebno je slede\u0107e:<\/p>\n<p>\u2022 va\u017ee\u0107i italijanski identifikacioni dokument (li\u010dna karta, paso\u0161, voza\u010dka dozvola);<\/p>\n<p>\u2022 potvrda o dodeljenom li\u010dnom poreskom broju (Codice fiscale); (za postupak izdavanja li\u010dnog poreskog broja videti informacije na po\u010detku ove stranice)<\/p>\n<p>\u2022 e-mail adresa;<\/p>\n<p>\u2022 broj mobilnog telefona za li\u010dnu upotrebu (proveriti da li usluga posebno zahteva uno\u0161enje italijanskog broja telefona, imaju\u0107i u vidu da to mo\u017ee stvarati pote\u0161ko\u0107e prilikom slanja ili prijema poruka).<\/p>\n<p>Italijanskim dr\u017eavljanima koji borave u inostranstvu preporu\u010duje se izbor operatera koji pru\u017ea mogu\u0107nost identifikacije putem veb kamere ili preko aplikacije na pametnom telefonu.<\/p>\n","protected":false},"excerpt":{"rendered":"Fiskalni kod je alfanumeri\u010dki kod koji izdaje Poreska uprava Italije radi identifikacije dr\u017eavljana (italijanskih ili stranih) u njihovim odnosima sa italijanskom javnom upravom, fizi\u010dkim licima i ustanovama. Za fizi\u010dka lica, fiskalni kod se odre\u0111uje na osnovu li\u010dnih podataka. Svaka administrativna procedura (plac\u0301anje poreza, taksi, naknada itd.) ili poslovna aktivnost (primanje nasledstva, ugovori sa javnim ili [&hellip;]","protected":false},"author":1,"featured_media":0,"parent":169,"menu_order":18,"comment_status":"closed","ping_status":"closed","template":"","meta":{"footnotes":""},"class_list":["post-179","page","type-page","status-publish","hentry"],"_links":{"self":[{"href":"https:\/\/ambbelgrado.esteri.it\/sr\/wp-json\/wp\/v2\/pages\/179","targetHints":{"allow":["GET"]}}],"collection":[{"href":"https:\/\/ambbelgrado.esteri.it\/sr\/wp-json\/wp\/v2\/pages"}],"about":[{"href":"https:\/\/ambbelgrado.esteri.it\/sr\/wp-json\/wp\/v2\/types\/page"}],"author":[{"embeddable":true,"href":"https:\/\/ambbelgrado.esteri.it\/sr\/wp-json\/wp\/v2\/users\/1"}],"replies":[{"embeddable":true,"href":"https:\/\/ambbelgrado.esteri.it\/sr\/wp-json\/wp\/v2\/comments?post=179"}],"version-history":[{"count":6,"href":"https:\/\/ambbelgrado.esteri.it\/sr\/wp-json\/wp\/v2\/pages\/179\/revisions"}],"predecessor-version":[{"id":14636,"href":"https:\/\/ambbelgrado.esteri.it\/sr\/wp-json\/wp\/v2\/pages\/179\/revisions\/14636"}],"up":[{"embeddable":true,"href":"https:\/\/ambbelgrado.esteri.it\/sr\/wp-json\/wp\/v2\/pages\/169"}],"wp:attachment":[{"href":"https:\/\/ambbelgrado.esteri.it\/sr\/wp-json\/wp\/v2\/media?parent=179"}],"curies":[{"name":"wp","href":"https:\/\/api.w.org\/{rel}","templated":true}]}}