{"id":176,"date":"2023-04-11T18:19:34","date_gmt":"2023-04-11T16:19:34","guid":{"rendered":"https:\/\/ambbelgrado.esteri.it\/servizi-consolari-e-visti\/servizi-per-il-cittadino-italiano\/pensioni-e-sicurezza-sociale\/"},"modified":"2025-09-18T16:12:42","modified_gmt":"2025-09-18T14:12:42","slug":"pensioni-e-sicurezza-sociale","status":"publish","type":"page","link":"https:\/\/ambbelgrado.esteri.it\/sr\/servizi-consolari-e-visti\/servizi-per-il-cittadino-italiano\/pensioni-e-sicurezza-sociale\/","title":{"rendered":"Penzije i socijalno osiguranje"},"content":{"rendered":"<div>\n<p><strong>INPS &#8211; ISPLATA PENZIJA U INOSTRANSTVU<\/strong><\/p>\n<p>Korisnicima sa prebivali\u0161tem u inostranstvu penzije se ispla\u0107uju na mese\u010dnom nivou. Penzije \u010diji je iznos ni\u017ei od limita utvr\u0111enog zakonom ispla\u0107uju se na svakih \u0161est meseci, kao \u0161to je slu\u010daj sa penzionerima u Italiji. Uplata penzije se naj\u010de\u0161\u0107e vr\u0161i doznakom na teku\u0107i ra\u010dun penzionera.<\/p>\n<p>Od februara 2012. godine isplata penzija u inostranstvu vr\u0161i se preko banke <strong>Citibank<\/strong>.<\/p>\n<p><strong>Banka Citibank je zadu\u017eena da na godi\u0161njem nivou utvr\u0111uje da je korisnik penzije u \u017eivotu, i proverava ta\u010dnost mesta boravka i adrese stanovanja.<\/strong><\/p>\n<p>Sporazumom izme\u0111u INPS-a i banke Citibank postupak overe potvrde o \u017eivotu predvi\u0111a da penzioner popuni obrazac <em>Modulo di Dichiarazione di Esistenza in Vita <\/em>(koji banka \u0161alje direktno korisniku na adresu stanovanja), potpi\u0161e obrazac i potpis overi u Konzularnom odeljenju Ambasade ili kod slu\u017ebenog lica ovla\u0161\u0107enog zakonom dr\u017eave u kojoj \u017eivi, te da dokument po\u0161alje banci Citibank.<\/p>\n<ul>\n<li><strong>Overa potvrde o \u017eivotu za penzionere sa prebivali\u0161tem u inostranstvu <u>putem video-poziva<\/u><\/strong>:<\/li>\n<\/ul>\n<p>Kako bi olak\u0161ali postupak overe potvrde o \u017eivotu, INPS i Citibank su omogu\u0107ili konzularnim kancelarijama da postupak izvr\u0161e i putem video-poziva.<\/p>\n<p>Da bi potvrdu o \u017eivotu overili putem video-poziva, penzioneri koji su primili formular<em> Modulo di Dichiarazione di Esistenza in Vita<\/em> treba da po\u0161alju slede\u0107e:<\/p>\n<ol>\n<li>Potpisani original formulara potvrde o \u017eivotu<\/li>\n<li>Fotokopiju va\u017ee\u0107eg paso\u0161a ili li\u010dne karte<\/li>\n<li>Popunjen i potpisan informativni list (<a href=\"https:\/\/ambbelgrado.esteri.it\/wp-content\/uploads\/2023\/11\/modulo_esistenza_in_vita_per_sito_pdf.pdf\"><strong>kliknuti ovde<\/strong><\/a>)<\/li>\n<\/ol>\n<p>&nbsp;<\/p>\n<p>Navedena dokumentacija se mo\u017ee poslati u <strong>digitalnoj formi (PDF format)<\/strong> na mejl adresu <a href=\"mailto:consolare.belgrado@esteri.it\">consolare.belgrado@esteri.it<\/a> , ili u koverti preporu\u010denom po\u0161tom ili ubacivanjem u po\u0161tansko sandu\u010de na slede\u0107oj adresi:<\/p>\n<p><strong>AMBASADA ITALIJE U BEOGRADU<\/strong><\/p>\n<p><strong>Konzularno odeljenje<\/strong><\/p>\n<p><strong>Bir\u010daninova 11 \u2013 11000 Beograd<\/strong><\/p>\n<p><strong>\u00a0<\/strong><\/p>\n<p>Po prispe\u0107u dokumentacije, Konzularno odeljenje \u0107e kontaktirati penzionera\/ku na broj telefona nazna\u010den u informativnom listu kako bi dogovorili termin video-poziva.<\/p>\n<p>U trenutku video-poziva, penzioner\/ka treba da poka\u017ee na uvid svoj va\u017ee\u0107i paso\u0161 ili li\u010dnu kartu, kao i formular potvrde o \u017eivotu (original ili fotokopiju) koji su poslali Konzularnom odeljenju.<\/p>\n<ul>\n<li><strong>Overa potvrde o \u017eivotu za penzionere sa prebivali\u0161tem u inostranstvu <u>putem li\u010dnog prisustva u Ambasadi &#8211; Zakazivanje termina u Ambasadi:<\/u><\/strong><\/li>\n<\/ul>\n<p>Korisnicima penzije koji ne poseduju mobilni telefona sa mogu\u0107no\u0161\u0107u video-poziva (smartphone), bi\u0107e zakazan termin za li\u010dni dolazak u Ambasadu.<\/p>\n<p>Penzioneri koji su primili formular<em> Modulo di Dichiarazione di Esistenza in Vita<\/em> mogu da zaka\u017eu termin u Konzularnom odeljenju putem mejla <a href=\"mailto:consolare.belgrado@esteri.it\">consolare.belgrado@esteri.it<\/a> ili pozivanjem na telefon broj 011\/3066171 radnim danom od 11.00 do 13.00 \u010dasova.<\/p>\n<p>Na zakazan termin treba poneti va\u017ee\u0107i paso\u0161 ili li\u010dnu kartu i formular <em>Modulo di Dichiarazione di Esistenza in Vita<\/em>.<\/p>\n<p>Za sva pitanja i pomo\u0107 penzioneri mogu da stupe u kontakt sa <em>Slu\u017ebom podr\u0161ke CITI<\/em> na slede\u0107i na\u010din:<\/p>\n<ul>\n<li>Posetom internet stranici\u00a0<a href=\"https:\/\/inps.citi.com;\/\">www.inps.citi.com<\/a>;<\/li>\n<li>Slanjem e-maila na adresu:\u00a0<a href=\"mailto:inps.pensionati@citi.com;\">inps.pensionati@citi.com<\/a>;<\/li>\n<li>Pozivanjem telefonskih brojeva navedenih u propratnom pismu.<\/li>\n<\/ul>\n<p>&nbsp;<\/p>\n<p>&nbsp;<\/p>\n<\/div>\n","protected":false},"excerpt":{"rendered":"INPS &#8211; ISPLATA PENZIJA U INOSTRANSTVU Korisnicima sa prebivali\u0161tem u inostranstvu penzije se ispla\u0107uju na mese\u010dnom nivou. Penzije \u010diji je iznos ni\u017ei od limita utvr\u0111enog zakonom ispla\u0107uju se na svakih \u0161est meseci, kao \u0161to je slu\u010daj sa penzionerima u Italiji. Uplata penzije se naj\u010de\u0161\u0107e vr\u0161i doznakom na teku\u0107i ra\u010dun penzionera. Od februara 2012. godine isplata [&hellip;]","protected":false},"author":1,"featured_media":0,"parent":169,"menu_order":12,"comment_status":"closed","ping_status":"closed","template":"","meta":{"footnotes":""},"class_list":["post-176","page","type-page","status-publish","hentry"],"_links":{"self":[{"href":"https:\/\/ambbelgrado.esteri.it\/sr\/wp-json\/wp\/v2\/pages\/176","targetHints":{"allow":["GET"]}}],"collection":[{"href":"https:\/\/ambbelgrado.esteri.it\/sr\/wp-json\/wp\/v2\/pages"}],"about":[{"href":"https:\/\/ambbelgrado.esteri.it\/sr\/wp-json\/wp\/v2\/types\/page"}],"author":[{"embeddable":true,"href":"https:\/\/ambbelgrado.esteri.it\/sr\/wp-json\/wp\/v2\/users\/1"}],"replies":[{"embeddable":true,"href":"https:\/\/ambbelgrado.esteri.it\/sr\/wp-json\/wp\/v2\/comments?post=176"}],"version-history":[{"count":6,"href":"https:\/\/ambbelgrado.esteri.it\/sr\/wp-json\/wp\/v2\/pages\/176\/revisions"}],"predecessor-version":[{"id":13485,"href":"https:\/\/ambbelgrado.esteri.it\/sr\/wp-json\/wp\/v2\/pages\/176\/revisions\/13485"}],"up":[{"embeddable":true,"href":"https:\/\/ambbelgrado.esteri.it\/sr\/wp-json\/wp\/v2\/pages\/169"}],"wp:attachment":[{"href":"https:\/\/ambbelgrado.esteri.it\/sr\/wp-json\/wp\/v2\/media?parent=176"}],"curies":[{"name":"wp","href":"https:\/\/api.w.org\/{rel}","templated":true}]}}