{"id":172,"date":"2023-04-11T18:18:08","date_gmt":"2023-04-11T16:18:08","guid":{"rendered":"https:\/\/ambbelgrado.esteri.it\/servizi-consolari-e-visti\/servizi-per-il-cittadino-italiano\/stato-civile\/"},"modified":"2023-11-24T15:36:37","modified_gmt":"2023-11-24T14:36:37","slug":"stato-civile","status":"publish","type":"page","link":"https:\/\/ambbelgrado.esteri.it\/sr\/servizi-consolari-e-visti\/servizi-per-il-cittadino-italiano\/stato-civile\/","title":{"rendered":"Izvodi iz mati\u010dnih knjiga"},"content":{"rendered":"<div>\n<p>Gra\u0111ansko stanje se odnosi na onaj skup \u010dinjenica ili \u010dinova izjave volje koji se ti\u010du \u017eivota gra\u0111ana: ro\u0111enje, ven\u010danje, smrt, razvod braka, dr\u017eavljanstvo. Registrovanje tih \u010dinjenica je u nadle\u017enosti mati\u010dara, funkcije koju u Italiji obavljaju Op\u0161tine a u inostranstvu Konzularna odeljenja.<\/p>\n<p>Italijanski dr\u017eavljani su du\u017eni da sve <strong>promene \u0161to<\/strong> <strong>se ti\u010de gra\u0111anskog stanja<\/strong> (uz prilaganje odgovaraju\u0107ih izvoda iz mati\u010dnih knjiga ili druge dokumentacije) nastale tokom njihovog boravka u inostranstvu prijave Konzularnom odeljenju nadle\u017enom za mesto u kojem je promena nastala.<\/p>\n<p>Za doga\u0111aje vezane za gra\u0111ansko stanje do kojih je do\u0161lo u inostranstvu, stranke ili druga zainteresovana lica mogu podneti odgovaraju\u0107e Izvode iz mati\u010dnih knjiga ili direktno u Op\u0161tini kojoj pripadaju u Italiji (\u010dl. 12, stav 11 Ukaza Predsednika Republike 396\/2000) ili nadle\u017enom Konzularnom odeljenju (prema mestu prebivali\u0161ta stranke ili podru\u010dju u kojoj su dokumenta nastala) Zakonski okvir: Ukaz Predsednika Republike 396\/2000 i Zakonska uredba br. 71\/2011.<\/p>\n<p>Ova Ambasada prosle\u0111uje radi upisa podataka u odgovaraju\u0107e registre u Italiji izvode iz mati\u010dnih knjiga ro\u0111enih, ven\u010danih, umrlih i presude o razvodu braka izdate od strane srpskih nadle\u017enih organa.<\/p>\n<p>Osim toga, Ambasada Italije u Beogradu pru\u017ea asistenciju gra\u0111anima sa boravi\u0161tem u njenom podru\u010dju delovanja i upisanim u Aire u vezi sa zahtevima za promenu imena i prezimena.<\/p>\n<p><strong>Uverenja<\/strong>: ovo Konzularno odeljenje ne izdaje izvode iz mati\u010dne knjige ro\u0111enih, ven\u010danih, umrlih ni re\u0161enja o razvodu za koje su nadle\u017ene isklju\u010divo Op\u0161tine u Italiji. Ovo Konzularno odeljenje izdaje samo uverenja o gra\u0111anskom stanju, o porodi\u010dnom stanju, o nastanjenju i uverenje o slobodnom bra\u010dnom stanju. Kliknuti ovde za konzularne tarife (LINK)<\/p>\n<p><a href=\"https:\/\/ambbelgrado.esteri.it\/sr\/servizi-consolari-e-visti\/servizi-per-il-cittadino-italiano\/stato-civile\/rodenje\/\"><strong>Ro\u0111enje<\/strong><\/a><br \/>\n<a href=\"https:\/\/ambbelgrado.esteri.it\/sr\/servizi-consolari-e-visti\/servizi-per-il-cittadino-italiano\/stato-civile\/vencanje\/\"><strong>Ven\u010danje<\/strong><\/a><br \/>\n<a href=\"https:\/\/ambbelgrado.esteri.it\/sr\/servizi-consolari-e-visti\/servizi-per-il-cittadino-italiano\/stato-civile\/razvod-braka\/\"><strong>Razvod braka<\/strong><\/a><br \/>\n<a href=\"https:\/\/ambbelgrado.esteri.it\/it\/servizi-consolari-e-visti\/servizi-per-il-cittadino-italiano\/stato-civile\/morte\/\"><strong>Smrt<\/strong><\/a><br \/>\n<a href=\"https:\/\/ambbelgrado.esteri.it\/sr\/servizi-consolari-e-visti\/servizi-per-il-cittadino-italiano\/stato-civile\/promena-imena-i-prezimena\/\"><strong>Promena li\u010dnog imena i prezimena<\/strong><\/a><\/p>\n<\/div>\n","protected":false},"excerpt":{"rendered":"Gra\u0111ansko stanje se odnosi na onaj skup \u010dinjenica ili \u010dinova izjave volje koji se ti\u010du \u017eivota gra\u0111ana: ro\u0111enje, ven\u010danje, smrt, razvod braka, dr\u017eavljanstvo. Registrovanje tih \u010dinjenica je u nadle\u017enosti mati\u010dara, funkcije koju u Italiji obavljaju Op\u0161tine a u inostranstvu Konzularna odeljenja. Italijanski dr\u017eavljani su du\u017eni da sve promene \u0161to se ti\u010de gra\u0111anskog stanja (uz prilaganje [&hellip;]","protected":false},"author":1,"featured_media":0,"parent":169,"menu_order":4,"comment_status":"closed","ping_status":"closed","template":"","meta":{"footnotes":""},"class_list":["post-172","page","type-page","status-publish","hentry"],"_links":{"self":[{"href":"https:\/\/ambbelgrado.esteri.it\/sr\/wp-json\/wp\/v2\/pages\/172","targetHints":{"allow":["GET"]}}],"collection":[{"href":"https:\/\/ambbelgrado.esteri.it\/sr\/wp-json\/wp\/v2\/pages"}],"about":[{"href":"https:\/\/ambbelgrado.esteri.it\/sr\/wp-json\/wp\/v2\/types\/page"}],"author":[{"embeddable":true,"href":"https:\/\/ambbelgrado.esteri.it\/sr\/wp-json\/wp\/v2\/users\/1"}],"replies":[{"embeddable":true,"href":"https:\/\/ambbelgrado.esteri.it\/sr\/wp-json\/wp\/v2\/comments?post=172"}],"version-history":[{"count":4,"href":"https:\/\/ambbelgrado.esteri.it\/sr\/wp-json\/wp\/v2\/pages\/172\/revisions"}],"predecessor-version":[{"id":8633,"href":"https:\/\/ambbelgrado.esteri.it\/sr\/wp-json\/wp\/v2\/pages\/172\/revisions\/8633"}],"up":[{"embeddable":true,"href":"https:\/\/ambbelgrado.esteri.it\/sr\/wp-json\/wp\/v2\/pages\/169"}],"wp:attachment":[{"href":"https:\/\/ambbelgrado.esteri.it\/sr\/wp-json\/wp\/v2\/media?parent=172"}],"curies":[{"name":"wp","href":"https:\/\/api.w.org\/{rel}","templated":true}]}}