{"id":170,"date":"2023-04-11T18:13:11","date_gmt":"2023-04-11T16:13:11","guid":{"rendered":"https:\/\/ambbelgrado.esteri.it\/servizi-consolari-e-visti\/servizi-per-il-cittadino-italiano\/passaporti-e-carte-didentita\/"},"modified":"2026-02-19T12:43:44","modified_gmt":"2026-02-19T11:43:44","slug":"passaporti-e-carte-didentita","status":"publish","type":"page","link":"https:\/\/ambbelgrado.esteri.it\/sr\/servizi-consolari-e-visti\/servizi-per-il-cittadino-italiano\/passaporti-e-carte-didentita\/","title":{"rendered":"Paso\u0161i i li\u010dne karte"},"content":{"rendered":"<div>\n<h4><strong>PASO\u0160<\/strong><\/h4>\n<p>Paso\u0161 je putna isprava i dokument za identifikaciju. Izdavanje paso\u0161a je u nadle\u017enosti paso\u0161kog odeljenja u konzularnom podru\u010dju koje obuhvata mesto prebivali\u0161ta italijanskog dr\u017eavljanina. Za putovanje u zemlje Evropske unije dovoljna je li\u010dna karta koja va\u017ei za putovanje u inostranstvo. (<a href=\"https:\/\/ambbelgrado.esteri.it\/wp-content\/uploads\/2023\/11\/carta_didentita.docx\">ovde kliknuti<\/a> za spisak zemalja u koje se mo\u017ee u\u0107i sa li\u010dnom kartom). Ipak je pored va\u017ee\u0107e li\u010dne karte preporu\u010dljivo posedovati i paso\u0161.<\/p>\n<p><strong>Napomena:<\/strong> \u010clan 104 utvr\u0111uje da &#8222;Rok va\u017eenja <strong>identifikacionih dokumenata i isprava<\/strong> koje su istekle ili isti\u010du nakon stupanja na snagu ove Uredbe produ\u017eava se do 31. avgusta 2020. Va\u017eenje isprava za izlazak iz zemlje ostaje ograni\u010deno na rok naveden u ispravi&#8220;.<\/p>\n<ul>\n<li>\u00a0<a href=\"https:\/\/ambbelgrado.esteri.it\/sr\/servizi-consolari-e-visti\/servizi-per-il-cittadino-italiano\/passaporti-e-carte-didentita\/biometrijski-pasos\/\">Biometrijski paso\u0161<\/a><\/li>\n<li>\u00a0<a href=\"https:\/\/ambbelgrado.esteri.it\/sr\/servizi-consolari-e-visti\/servizi-per-il-cittadino-italiano\/passaporti-e-carte-didentita\/cena-pasosa\/\">Cena paso\u0161a<\/a><\/li>\n<li>\u00a0<a href=\"https:\/\/ambbelgrado.esteri.it\/sr\/servizi-consolari-e-visti\/servizi-per-il-cittadino-italiano\/passaporti-e-carte-didentita\/termini-za-izdavanje-pasosa\/\">Termini za izdavanje paso\u0161a<\/a><\/li>\n<li>\u00a0<a href=\"https:\/\/ambbelgrado.esteri.it\/sr\/servizi-consolari-e-visti\/servizi-per-il-cittadino-italiano\/passaporti-e-carte-didentita\/dokumentacija-koju-podnose-punoletna-lica\/\">Dokumentacija koju podnose PUNOLETNA LICA<\/a><\/li>\n<li>\u00a0<a href=\"https:\/\/ambbelgrado.esteri.it\/sr\/servizi-consolari-e-visti\/servizi-per-il-cittadino-italiano\/passaporti-e-carte-didentita\/dokumentacija-koju-podnose-maloletna-lica\/\">Dokumentacija koju podnose MALOLETNA LICA<\/a><\/li>\n<li>\u00a0<a href=\"https:\/\/ambbelgrado.esteri.it\/sr\/servizi-consolari-e-visti\/servizi-per-il-cittadino-italiano\/passaporti-e-carte-didentita\/vracanje-ukradenih-ili-izgubljenih-pasosa\/\">VRA\u0106ANJE UKRADENIH ILI IZGUBLJENIH PASO\u0160A<\/a><\/li>\n<\/ul>\n<p>&nbsp;<\/p>\n<p>&nbsp;<\/p>\n<h4><strong>ELEKTRONSKA LI\u010cNA KARTA<\/strong><\/h4>\n<p>Po\u010dev od 5. oktobra 2023. godine bic\u0301e moguc\u0301e predati zahtev za elektronsku li\u010dnu kartu (CIE) u Ambasadi Italije u Beogradu.<\/p>\n<p>Gra\u0111ani upisani u Registar italijanskih dr\u017eavljana sa prebivali\u0161tem u inostranstvu (AIRE) \u2014 po\u010dev od 1. juna 2026. godine \u2014 moc\u0301i c\u0301e da podnesu zahtev za elektronsku li\u010dnu kartu u bilo kojoj italijanskoj op\u0161tini. Li\u010dna karta c\u0301e biti dostavljena po istim procedurama kao i za zahteve podnete preko konzularnog predstavni\u0161tva, s tim da zainteresovana strana ima moguc\u0301nost da je li\u010dno preuzme u op\u0161tini ili da zatra\u017ei da joj se li\u010dna karta po\u0161alje u inostranstvo.<\/p>\n<p>Nova elektronska li\u010dna karta je vi\u0161enamenski dokument: potvr\u0111uje identitet gra\u0111anina, putna je isprava, sadr\u017ei fiskalni kod (jedinstveni poreski broj) i mo\u017ee se koristiti za dobijanje identiteta u Javnom sistemu za digitalni identitet (<a href=\"https:\/\/www.esteri.it\/it\/servizi-consolari-e-visti\/italiani-all-estero\/spid\/\">SPID<\/a>) sa kojim se mo\u017ee pristupiti uslugama koje pru\u017ea italijanska javna uprava.<\/p>\n<p>Elektronska li\u010dna karta izjedna\u010dena je sa paso\u0161em za potrebe putovanja u inostranstvo u dr\u017eavama \u010dlanicama Evropske unije, u dr\u017eavama \u0161engenskog prostora (EU + Island, Norve\u0161ka, \u0160vajcarska, Lihten\u0161tajn) i u zemljama u kojima se primenjuju posebni me\u0111unarodni ugovori. Za vi\u0161e informacija i detalja mo\u017eete posetiti web stranicu: <a href=\"https:\/\/www.viaggiaresicuri.it\/approfondimenti-insights\/documentidiviaggio\">https:\/\/www.viaggiaresicuri.it\/approfondimenti-insights\/documentidiviaggio<\/a><\/p>\n<p>&nbsp;<\/p>\n<p><strong>OBAVEZNI USLOVI ZA PODNO\u0160ENJE ZAHTEVA ZA ELEKTRONSKU LI\u010cNU KARTU<\/strong>:<\/p>\n<p>Za potrebe izdavanja elektronske li\u010dne karte neophodno je da podnosilac zahteva ispunjava slede\u0107e uslove:<\/p>\n<p>\u2022 da je italijanski dr\u017eavljanin upisan u AIRE i da je referentna italijanska op\u0161tina unela njegovo ime u odgovarajuc\u0301i program;<\/p>\n<p>\u2022 da poseduje izvod iz mati\u010dne knjige ro\u0111enih prepisan u Italiji, po\u0161to se podaci iz prepisa navode na elektronskoj li\u010dnoj karti;<\/p>\n<p>\u2022 da ima fiskalni kod potvr\u0111en od strane Poreske uprave i referentne italijanske op\u0161tine. Za one koji ne poseduju fiskalni kod, konzularno odeljenje \u0107e ga pribaviti po slu\u017ebenoj du\u017enosti;<\/p>\n<p><strong>Svako ko nije upisan u A.I.R.E. mora prvo da reguli\u0161e svoju registraciju preko <a href=\"https:\/\/serviziconsolarionline.esteri.it\/ScoFE\/index.sco;jsessionid=08886F4F8F721833D2A2DE90DBF6412A\">FAST IT<\/a><\/strong> portala i, pre podno\u0161enja zahteva, sa\u010deka da ga nadle\u017ena italijanska op\u0161tina upi\u0161e u ovaj registar (za gra\u0111ane koji nisu upisani u A.I.R.E. izdavanje li\u010dne karte ostaje u nadle\u017enosti op\u0161tine prebivali\u0161ta).<\/p>\n<p><strong>U slu\u010daju da je do\u0161lo do promene adrese prebivali\u0161ta (u odnosu na onu koja je prijavljena konzularnom odeljenju), potrebno je zatra\u017eiti promenu adrese putem portala <a href=\"https:\/\/serviziconsolarionline.esteri.it\/ScoFE\/index.sco;jsessionid=08886F4F8F721833D2A2DE90DBF6412A\">FAST IT<\/a>.<\/strong><\/p>\n<p>&nbsp;<\/p>\n<p><strong>PERIOD VA\u017dENJA ELEKTRONSKE LI\u010cNE KARTE<\/strong>:<\/p>\n<p>Period va\u017eenja elektronske li\u010dne karte razlikuje se u zavisnosti od starosne dobi vlasnika:<\/p>\n<p>\u2013 3 godine za maloletna lica mla\u0111a od 3 godine;<\/p>\n<p>\u2013 5 godina za maloletna lica uzrasta od 3 do 18 godina;<\/p>\n<p>\u2013 10 godina za punoletna lica.<\/p>\n<p>&nbsp;<\/p>\n<p><strong>KAKO DOBITI ELEKTRONSKU LI\u010cNU KARTU (C.I.E.)<\/strong><\/p>\n<p>Za zahtev za izdavanje elektronske li\u010dne karte potrebno je poslati e-mail na <a href=\"mailto:belgrado.cie@esteri.it\">belgrado.cie@esteri.it<\/a>\u00a0 i prilo\u017eiti popunjen obrazac (kliknite <a href=\"https:\/\/ambbelgrado.esteri.it\/wp-content\/uploads\/2023\/11\/domanda_di_rilascio_carta_didentita.doc\"><strong>ovde<\/strong><\/a> kako biste preuzeli obrazac &#8211;\u00a0 kliknite <a href=\"https:\/\/ambbelgrado.esteri.it\/wp-content\/uploads\/2024\/03\/FORMULARIE-CIE-MINORENNI.docx\"><strong>ovde<\/strong><\/a> kako biste preuzeli obrazac za maloletna lica). Podnosioci zahteva bi\u0107e naknadno pozvani putem elektronske po\u0161te radi pribavljanja biometrijskih podataka.<\/p>\n<p>Napomena: Od momenta predavanja zahteva do prijema e-maila u kome se pozivate da vam se uzmu biometrijski podaci pro\u0107i \u0107e <strong>najmanje 20 dana<\/strong> neophodnih kako bi Konzularno odeljenje moglo da proveri li\u010dne podatke, otkloni sva neslaganja i potvrdi da nema prepreka za izdavanje dokumenta.<\/p>\n<p>Prisustvo podnosioca zahteva i\/ili vlasnika tra\u017eene kartice je obavezno.<\/p>\n<p>&nbsp;<\/p>\n<p><strong>POTREBNA DOKUMENTACIJA<\/strong>:<\/p>\n<p>\u2013 Jedna biometrijska fotografija za dokumenta; (kliknite <a href=\"https:\/\/ambbelgrado.esteri.it\/wp-content\/uploads\/2023\/11\/foto_tessera_biometrica.docx\"><strong>ovde<\/strong><\/a> za karakteristike fotografije);<\/p>\n<p>\u2013 Prethodna li\u010dna karta (\u010dak i ako je istekla);<\/p>\n<p>\u2013 Li\u010dni dokument (\u010dak i ako je istekao);<\/p>\n<p>\u2013 Saglasnost oba roditelja ako je podnosilac zahteva lice mla\u0111e od 18 godina (kliknite <a href=\"https:\/\/ambbelgrado.esteri.it\/wp-content\/uploads\/2023\/11\/assenso_altro_genitore_x_minore_-_con_laggiunta_di_cie_ita-ser.doc\"><strong>ovde<\/strong><\/a> za obrazac saglasnosti)<\/p>\n<p>&nbsp;<\/p>\n<p><strong>CENA<\/strong><\/p>\n<p>Cena elektronske li\u010dne karte (CIE) iznosi:<\/p>\n<p>\u2013 21,95 evra u slu\u010daju prvog izdavanja ili obnavljanja;<\/p>\n<p>\u2013 27,11 evra u slu\u010daju duplikata (nova kartica koja se izdaje vi\u0161e od 180 dana pre isteka prethodne zbog kra\u0111e, gubitka ili o\u0161tec\u0301enja).<\/p>\n<p>Za udate \u017eene: uneti devoja\u010dke li\u010dne podatke.<\/p>\n<p>Bra\u010dni status vlasnika nije nazna\u010den na elektronskoj li\u010dnoj karti, a za udate \u017eene NE MO\u017dE se navesti prezime supru\u017enika.<\/p>\n<p>Elektronska li\u010dna karta <strong>ne<\/strong> izdaje se po vi\u0111enju na dan zakazanog termina, vec\u0301 je izra\u0111uje Zavod za poligrafiju i izradu nov\u010danica i kovanog novca u Rimu, nakon \u010dega se iz Italije po\u0161tom \u0161alje na adresu prebivali\u0161ta (ili drugu adresu) koju je prijavio podnosilac zahteva.<\/p>\n<p>Podnosilac zahteva moc\u0301i c\u0301e da prati po\u0161iljku na sajtu italijanske po\u0161te <a href=\"https:\/\/www.poste.it\/prodotti\/raccomandata.html\">https:\/\/www.poste.it\/prodotti\/raccomandata.html<\/a> : potrebno je kliknuti na \u201e<em>Cerca spedizioni<\/em> (Tra\u017ei po\u0161iljku)\u201c i uneti broj preporu\u010dene po\u0161iljke koji je dobijen na dan zakazanog termina.<\/p>\n<p>Napominje se da italijanski dr\u017eavljani koji su predali zahtev za elektronsku li\u010dnu kartu treba obavezno da na po\u0161tanskom sandu\u010detu istaknu svoje prezime po ro\u0111enju (devoja\u010dko prezime za udate \u017eene).<\/p>\n<p>U slu\u010daju neizvr\u0161ene isporuke zbog pogre\u0161ne adrese, po isteku predvi\u0111enog vremena \u010duvanja u lokalnoj po\u0161ti, po\u0161iljka se vrac\u0301a u Ambasadu na dalje poku\u0161aje isporuke.<\/p>\n<\/div>\n","protected":false},"excerpt":{"rendered":"PASO\u0160 Paso\u0161 je putna isprava i dokument za identifikaciju. Izdavanje paso\u0161a je u nadle\u017enosti paso\u0161kog odeljenja u konzularnom podru\u010dju koje obuhvata mesto prebivali\u0161ta italijanskog dr\u017eavljanina. Za putovanje u zemlje Evropske unije dovoljna je li\u010dna karta koja va\u017ei za putovanje u inostranstvo. (ovde kliknuti za spisak zemalja u koje se mo\u017ee u\u0107i sa li\u010dnom kartom). Ipak [&hellip;]","protected":false},"author":1,"featured_media":0,"parent":169,"menu_order":0,"comment_status":"closed","ping_status":"closed","template":"","meta":{"footnotes":""},"class_list":["post-170","page","type-page","status-publish","hentry"],"_links":{"self":[{"href":"https:\/\/ambbelgrado.esteri.it\/sr\/wp-json\/wp\/v2\/pages\/170","targetHints":{"allow":["GET"]}}],"collection":[{"href":"https:\/\/ambbelgrado.esteri.it\/sr\/wp-json\/wp\/v2\/pages"}],"about":[{"href":"https:\/\/ambbelgrado.esteri.it\/sr\/wp-json\/wp\/v2\/types\/page"}],"author":[{"embeddable":true,"href":"https:\/\/ambbelgrado.esteri.it\/sr\/wp-json\/wp\/v2\/users\/1"}],"replies":[{"embeddable":true,"href":"https:\/\/ambbelgrado.esteri.it\/sr\/wp-json\/wp\/v2\/comments?post=170"}],"version-history":[{"count":6,"href":"https:\/\/ambbelgrado.esteri.it\/sr\/wp-json\/wp\/v2\/pages\/170\/revisions"}],"predecessor-version":[{"id":14671,"href":"https:\/\/ambbelgrado.esteri.it\/sr\/wp-json\/wp\/v2\/pages\/170\/revisions\/14671"}],"up":[{"embeddable":true,"href":"https:\/\/ambbelgrado.esteri.it\/sr\/wp-json\/wp\/v2\/pages\/169"}],"wp:attachment":[{"href":"https:\/\/ambbelgrado.esteri.it\/sr\/wp-json\/wp\/v2\/media?parent=170"}],"curies":[{"name":"wp","href":"https:\/\/api.w.org\/{rel}","templated":true}]}}