{"id":169,"date":"2023-04-11T18:12:24","date_gmt":"2023-04-11T16:12:24","guid":{"rendered":"https:\/\/ambbelgrado.esteri.it\/servizi-consolari-e-visti\/servizi-per-il-cittadino-italiano\/"},"modified":"2023-11-03T11:17:38","modified_gmt":"2023-11-03T10:17:38","slug":"servizi-per-il-cittadino-italiano","status":"publish","type":"page","link":"https:\/\/ambbelgrado.esteri.it\/sr\/servizi-consolari-e-visti\/servizi-per-il-cittadino-italiano\/","title":{"rendered":"\u0423\u0441\u043b\u0443\u0433\u0435 \u0437\u0430 \u0438\u0442\u0430\u043b\u0438\u0458\u0430\u043d\u0441\u043a\u0435 \u0434\u0440\u0436\u0430\u0432\u0459\u0430\u043d\u0435"},"content":{"rendered":"<ul>\n<li><a href=\"https:\/\/ambbelgrado.esteri.it\/sr\/servizi-consolari-e-visti\/servizi-per-il-cittadino-italiano\/licna-izjava\/\">Li\u010dna izjava<\/a><\/li>\n<li>F<a href=\"https:\/\/ambbelgrado.esteri.it\/sr\/servizi-consolari-e-visti\/servizi-per-il-cittadino-italiano\/formulari\/\">ormulari<\/a><\/li>\n<li><a href=\"https:\/\/ambbelgrado.esteri.it\/sr\/servizi-consolari-e-visti\/servizi-per-il-cittadino-italiano\/passaporti-e-carte-didentita\/\">Paso\u0161i i li\u010dne karte<\/a><\/li>\n<li><a href=\"https:\/\/ambbelgrado.esteri.it\/sr\/servizi-consolari-e-visti\/servizi-per-il-cittadino-italiano\/autoveicoli-e-patenti-di-guida\/\">Motorna vozila i voza\u010dke dozvole<\/a><\/li>\n<li><a href=\"https:\/\/ambbelgrado.esteri.it\/sr\/servizi-consolari-e-visti\/servizi-per-il-cittadino-italiano\/emergency-travel-documents-etd\/\">Emergency Travel Document ETD<\/a><\/li>\n<li><a href=\"https:\/\/ambbelgrado.esteri.it\/sr\/servizi-consolari-e-visti\/servizi-per-il-cittadino-italiano\/registar-italijanskih-drzavljana-u-inostranstvu-aire\/\">Registar italijanskih dr\u017eavljana u inostranstvu (AIRE)<\/a><\/li>\n<li><a href=\"https:\/\/ambbelgrado.esteri.it\/sr\/servizi-consolari-e-visti\/servizi-per-il-cittadino-italiano\/stato-civile\/\">Bra\u010dno stanje<\/a><\/li>\n<\/ul>\n","protected":false},"excerpt":{"rendered":"Li\u010dna izjava Formulari Paso\u0161i i li\u010dne karte Motorna vozila i voza\u010dke dozvole Emergency Travel Document ETD Registar italijanskih dr\u017eavljana u inostranstvu (AIRE) Bra\u010dno stanje","protected":false},"author":1,"featured_media":0,"parent":161,"menu_order":0,"comment_status":"closed","ping_status":"closed","template":"","meta":{"footnotes":""},"class_list":["post-169","page","type-page","status-publish","hentry"],"_links":{"self":[{"href":"https:\/\/ambbelgrado.esteri.it\/sr\/wp-json\/wp\/v2\/pages\/169","targetHints":{"allow":["GET"]}}],"collection":[{"href":"https:\/\/ambbelgrado.esteri.it\/sr\/wp-json\/wp\/v2\/pages"}],"about":[{"href":"https:\/\/ambbelgrado.esteri.it\/sr\/wp-json\/wp\/v2\/types\/page"}],"author":[{"embeddable":true,"href":"https:\/\/ambbelgrado.esteri.it\/sr\/wp-json\/wp\/v2\/users\/1"}],"replies":[{"embeddable":true,"href":"https:\/\/ambbelgrado.esteri.it\/sr\/wp-json\/wp\/v2\/comments?post=169"}],"version-history":[{"count":5,"href":"https:\/\/ambbelgrado.esteri.it\/sr\/wp-json\/wp\/v2\/pages\/169\/revisions"}],"predecessor-version":[{"id":792,"href":"https:\/\/ambbelgrado.esteri.it\/sr\/wp-json\/wp\/v2\/pages\/169\/revisions\/792"}],"up":[{"embeddable":true,"href":"https:\/\/ambbelgrado.esteri.it\/sr\/wp-json\/wp\/v2\/pages\/161"}],"wp:attachment":[{"href":"https:\/\/ambbelgrado.esteri.it\/sr\/wp-json\/wp\/v2\/media?parent=169"}],"curies":[{"name":"wp","href":"https:\/\/api.w.org\/{rel}","templated":true}]}}