{"id":167,"date":"2023-04-11T17:08:52","date_gmt":"2023-04-11T15:08:52","guid":{"rendered":"https:\/\/ambbelgrado.esteri.it\/italia-e-serbia\/"},"modified":"2025-04-17T14:28:06","modified_gmt":"2025-04-17T12:28:06","slug":"italia-e-serbia","status":"publish","type":"page","link":"https:\/\/ambbelgrado.esteri.it\/sr\/italia-e-serbia\/","title":{"rendered":"Italija i Srbija"},"content":{"rendered":"<p><img loading=\"lazy\" decoding=\"async\" class=\"alignnone size-medium wp-image-285 img-fluid\" src=\"https:\/\/ambbelgrado.esteri.it\/wp-content\/uploads\/2023\/10\/Presidente-Sergio-Mattarella-in-Parlamento-serbo-300x200.jpg\" alt=\"\" width=\"300\" height=\"200\" srcset=\"https:\/\/ambbelgrado.esteri.it\/wp-content\/uploads\/2023\/10\/Presidente-Sergio-Mattarella-in-Parlamento-serbo-300x200.jpg 300w, https:\/\/ambbelgrado.esteri.it\/wp-content\/uploads\/2023\/10\/Presidente-Sergio-Mattarella-in-Parlamento-serbo-768x512.jpg 768w, https:\/\/ambbelgrado.esteri.it\/wp-content\/uploads\/2023\/10\/Presidente-Sergio-Mattarella-in-Parlamento-serbo.jpg 800w\" sizes=\"auto, (max-width: 300px) 100vw, 300px\" \/><\/p>\n<p>Italija i Srbija imaju odli\u010dne bilateralne odnose. Tradicionalna bilateralna saradnja na\u0161e dve zemlje je \u010dvrsto ukorenjena u Deklaraciji o strate\u0161kom partnerstvu, potpisanoj na Prvom bilateralnom samitu dveju Vlada 2009. godine, i odlikuju je \u010desti susreti na politi\u010dkom nivou.<\/p>\n<p>Italija je jedan od glavnih podr\u017eavalaca procesa evropskih integracija Beograda, a trenutno je jedan od glavnih stranih investitora i trec\u0301i najvec\u0301i trgovinski partner Srbije.<\/p>\n<p><strong>Politi\u010dka saradnja<\/strong><\/p>\n<p>Odnosi izme\u0111u Italije i Srbije do\u017eivljavaju trenutak konkretne i pozitivne dinamike zahvaljujuc\u0301i stalnom politi\u010dkom dijalogu i rastuc\u0301oj ekonomskoj i komercijalnoj saradnji.<\/p>\n<p>U kontekstu akcije ponovnog pokretanja uloge Italije na Zapadnom Balkanu koju je preduzela Vlada predsednice Meloni, od jeseni 2022. godine usledile su posete glavnih predstavnika Vlade, uklju\u010dujuc\u0301i tri posete potpredsednika Saveta ministara i ministra spoljnih poslova i me\u0111unarodne saradnje Antonija Tajanija, poslednji put povodom Poslovnog foruma koji je odr\u017ean 31. januara 2025. godine.<\/p>\n<p>Predsednica Saveta ministara \u0110or\u0111a Meloni posetila je Beograd u decembru 2023.<\/p>\n<p>Italija i Srbija su 2024. godine proslavile 145 godina od uspostavljanja diplomatskih odnosa, godi\u0161njicu koja je postala jo\u0161 zna\u010dajnija istovremenim obele\u017eavanjem 15 godina od potpisivanja Strate\u0161kog partnerstva zapo\u010detog Zajedni\u010dkom deklaracijom od 13. novembra 2009. godine.<\/p>\n<p>Pratite doga\u0111aje u odeljku \u201eVesti\u201c da biste bili u toku sa na\u0161im aktivnostima.<\/p>\n<p><strong>Istorija<\/strong><\/p>\n<p>POLITI\u010cKO URE\u0110ENJE<\/p>\n<p>Republika Srbija je nastala 5. juna 2006. godine, kao sukcesor Dr\u017eavne zajednice Srbije i Crne Gore, koja je prestala da postoji nakon progla\u0161enja nezavisnosti Crne Gore 3. juna 2006. godine.<\/p>\n<p>Dr\u017eavna zajednica Srbije i Crne Gore je formirana 4. februara 2003. godine kao dr\u017eava sukcesor Savezne Republike Jugoslavije (SRJ), osnovane 1992. godine nakon raspada Socijalisti\u010dke Federativne Republike Jugoslavije od koje su se odvojile Slovenija, Hrvatska, Bosna i Hercegovina i Makedonija.<\/p>\n<p>Va\u017ee\u0107i Ustav Republike Srbije uklju\u010duje Kosovo kao sastavni deo njene teritorije, na osnovu Rezolucije UN 1244 iz 1999. godine, koje je bilo pod upravom Misije Ujedinjenih Nacija (UNMIK) sve do 17. februara 2008. godine, kada je Kosovo proglasilo nezavisnost, koju Beograd nije priznao.<\/p>\n<p>U aprilu 2008. godine Srbija je potpisala Sporazum o stabilizaciji i pridru\u017eivanju Evropskoj uniji.<\/p>\n<p>U decembru 2009. godine ukinute su vize za gra\u0111ane Srbije za ulazak u zemlje Evropske unije potpisnice \u0160engenskog sporazuma. Istog meseca, Srbija je podnela zahtev za kandidaturu za ulazak u Evropsku uniju. U oktobru 2010. godine Savet Evrope je prosledio taj zahtev Evropskoj komisiji, koja je 12. oktobra 2011. godine dala pozitivno mi\u0161ljenje.<\/p>\n<p>Od 1. marta 2012. godine Srbija ima status zemlje kandidata za \u010dlanstvo u Evropskoj uniji.<\/p>\n<p>Evropski savet je 28. juna 2013. godine, nakon \u0161to je pozitivno ocenjen napredak koji je Beograd ostvario u usagla\u0161avanju lokalnog zakonodavstva sa tekovinama Evropske unije, kao i napredak u okviru dijaloga sa Pri\u0161tinom u cilju normalizacije odnosa sa Kosovom, odlu\u010dio da pregovori o pridru\u017eivanju Srbije Evropskoj uniji otpo\u010dnu do januara 2014. godine.<\/p>\n<p>Pregovori o pridru\u017eivanju Srbije Evropskoj uniji zapo\u010deti\u00a0su\u00a021. januara 2014. godine.<\/p>\n<h3>Aktuelnosti<\/h3>\n<p><strong>REPUBLIKA SRBIJA<\/strong><\/p>\n<p>Predsednik Republike Srbije &#8211; <strong>Aleksandar Vu\u010di\u0107<\/strong><\/p>\n<p>&nbsp;<\/p>\n<p>Vlada Republike Srbije formirana je 16. aprila 2025. godine izborom \u0110ure Macuta za predsednika Vlade.<\/p>\n<p>&nbsp;<\/p>\n<p><strong>VLADA REPUBLIKE SRBIJE 2025<\/strong><\/p>\n<p>Premijer \u2013 <strong>\u0110uro MACUT<\/strong><\/p>\n<p>Prvi potpredsednik Vlade i ministar finansija \u2013 Sini\u0161a MALI<\/p>\n<p>Potpredsednik Vlade i ministar unutra\u0161njih poslova \u2013 Ivica DA\u010cIC\u0301<\/p>\n<p>Potpredsednica Vlade i Ministarka privrede \u2013 Adrijana MESAROVIC\u0301<\/p>\n<p>Ministar spoljnih poslova \u2013 Marko \u0110URIC\u0301<\/p>\n<p>Ministar odbrane &#8211; Bratislav GA\u0160IC\u0301<\/p>\n<p>Ministarka za za\u0161titu \u017eivotne sredine \u2013 Sara PAVKOV<\/p>\n<p>Ministar poljoprivrede, \u0161umarstva i vodoprivrede \u2013 Dragan GLAMO\u010cIC\u0301<\/p>\n<p>Ministarka gra\u0111evinarstva, saobrac\u0301aja i infrastrukture \u2013 Aleksandra SOFRONIJEVI\u0106<\/p>\n<p>Ministarka rudarstva i energetike \u2013 Dubravka \u0110EDOVIC\u0301 HANDANOVIC\u0301<\/p>\n<p>Ministarka unutra\u0161nje i spoljne trgovine \u2013 Jagoda LAZAREVI\u0106<\/p>\n<p>Ministar pravde \u2013 Nenad VUJI\u0106<\/p>\n<p>Ministarka javne i lokalne uprave &#8211; Sne\u017eana PAUNOVI\u0106<\/p>\n<p>Ministar za ljudska prava, manjine i socijalni dijalog \u2013 Demo BERI\u0160A<\/p>\n<p>Ministar za evropske integracije \u2013 Nemanja STAROVIC\u0301<\/p>\n<p>Ministar prosvete \u2013 Dejan Vuk STANKOVI\u0106<\/p>\n<p>Ministar zdravlja \u2013 Zlatibor LON\u010cAR<\/p>\n<p>Ministarka za rad, zapo\u0161ljavanje, bora\u010dka i socijalna pitanja \u2013 Milica \u0110UR\u0110EVIC\u0301 STAMENKOVSKI<\/p>\n<p>Ministarka za za\u0161titu porodice i demografiju \u2013 Jelena \u017dARIC\u0301 KOVA\u010cEVIC\u0301<\/p>\n<p>Ministar sporta \u2013 Zoran GAJIC\u0301<\/p>\n<p>Ministar kulture \u2013 Nikola SELAKOVIC\u0301<\/p>\n<p>Ministar za brigu o selu \u2013 MILAN KRKOBABIC\u0301<\/p>\n<p>Ministar nauke, tehnolo\u0161kog razvoja i inovacija \u2013 Bela BALINT<\/p>\n<p>Ministar turizma i omladine \u2013 Husein MEMIC\u0301<\/p>\n<p>Ministar informisanja i telekomunikacija \u2013 Boris BRATINA<\/p>\n<p>Ministar za javna ulaganja &#8211; Darko GLI\u0160IC\u0301<\/p>\n<p>Ministar bez portfelja \u2013 Novica TON\u010cEV<\/p>\n<p>Ministar bez portfelja \u2013 \u0110or\u0111e MILIC\u0301EVIC\u0301<\/p>\n<p>Ministar bez portfelja \u2013 Usame ZUKORLIC\u0301<\/p>\n<p>Ministar bez portfelja \u2013 Nenad POPOVIC\u0301<\/p>\n<p>Ministarka bez portfelja \u2013 Tatjana MACURA<\/p>\n<p>Za vi\u0161e informacija posetite sajt Vlade Srbije: <a href=\"https:\/\/www.srbija.gov.rs\">https:\/\/www.srbija.gov.rs<\/a><\/p>\n<h3>Susreti<\/h3>\n<p><a href=\"https:\/\/ambbelgrado.esteri.it\/sr\/news\/dall_ambasciata\/2025\/01\/visite-nel-2025\/\">ZVANI\u010cNE POSETE U 2025. GODINI<\/a><\/p>\n<p><a href=\"https:\/\/ambbelgrado.esteri.it\/sr\/news\/dall_ambasciata\/2024\/10\/visite-nel-2024\/\">ZVANI\u010cNE POSETE U 2024. GODINI<\/a><\/p>\n<div>\n<p><a href=\"https:\/\/ambbelgrado.esteri.it\/ambasciata_belgrado\/sr\/ambasciata\/news\/dall-ambasciata\/visite-nel-2023.html\">ZVANI\u010cNE POSETE U 2023. GODINI<\/a><\/p>\n<p><a href=\"https:\/\/ambbelgrado.esteri.it\/ambasciata_belgrado\/sr\/ambasciata\/news\/dall-ambasciata\/2022\/06\/visite-nel-2022.html\">ZVANI\u010cNE POSETE U 2022. GODINI<\/a><\/p>\n<p><a href=\"https:\/\/ambbelgrado.esteri.it\/ambasciata_belgrado\/sr\/i_rapporti_bilaterali\/cooperazione_politica\/incontri\/visite-nel-2021.html\">ZVANI\u010cNE POSETE U 2021. GODINI<\/a><\/p>\n<p><a href=\"https:\/\/ambbelgrado.esteri.it\/ambasciata_belgrado\/sr\/ambasciata\/news\/dall-ambasciata\/2021\/04\/visite-nel-2020.html\">ZVANI\u010cNE POSETE U 2020. GODINI<\/a><\/p>\n<p><a href=\"https:\/\/ambbelgrado.esteri.it\/ambasciata_belgrado\/sr\/i_rapporti_bilaterali\/cooperazione_politica\/incontri\/visite-2019.html\">ZVANI\u010cNE POSETE U 2019. GODINI<\/a><\/p>\n<p><a href=\"https:\/\/ambbelgrado.esteri.it\/ambasciata_belgrado\/sr\/i_rapporti_bilaterali\/cooperazione_politica\/incontri\/incontri-2018.html\">ZVANI\u010cNE POSETE U 2018. GODINI<\/a><\/p>\n<p><a href=\"http:\/\/www.ambbelgrado.esteri.it\/ambasciata_belgrado\/sr\/i_rapporti_bilaterali\/cooperazione_politica\/incontri\/2017-visite.html\">ZVANI\u010cNE POSETE U 2017. GODINI<\/a><\/p>\n<p><a href=\"http:\/\/www.ambbelgrado.esteri.it\/ambasciata_belgrado\/sr\/i_rapporti_bilaterali\/cooperazione_politica\/incontri\/2016-visite.html\">ZVANI\u010cNE POSETE U 2016. GODINI<\/a><\/p>\n<p><a href=\"https:\/\/ambbelgrado.esteri.it\/ambasciata_belgrado\/sr\/i_rapporti_bilaterali\/cooperazione_politica\/incontri\/zvanicne-posete-u-2015-godini.html\">ZVANI\u010cNE POSETE U 2015. GODINI<\/a><\/p>\n<p><a title=\"ZVANI\u010cNE POSETE U 2014\" href=\"https:\/\/ambbelgrado.esteri.it\/ambasciata_belgrado\/sr\/i_rapporti_bilaterali\/cooperazione_politica\/incontri\/zvanicne-posete-u-2014-godini.html\">ZVANI\u010cNE POSETE U 2014. GODINI<\/a><\/p>\n<p><a title=\"ZVANI\u010cNE POSETE U 2013. GODINI\" href=\"https:\/\/ambbelgrado.esteri.it\/ambasciata_belgrado\/sr\/i_rapporti_bilaterali\/cooperazione_politica\/incontri\/zvanicne-posete-u-2013-godini.html\">ZVANI\u010cNE POSETE U 2013. GODINI<\/a><\/p>\n<p><a href=\"https:\/\/ambbelgrado.esteri.it\/ambasciata_belgrado\/sr\/i_rapporti_bilaterali\/cooperazione_politica\/incontri\/zvanicne-posete-u-2012-godini.html\">ZVANI\u010cNE POSETE U 2012. GODINI<\/a><\/p>\n<p><a href=\"https:\/\/ambbelgrado.esteri.it\/ambasciata_belgrado\/sr\/i_rapporti_bilaterali\/cooperazione_politica\/incontri\/zvanicne-posete-u-2011-godini.html\">ZVANI\u010cNE POSETE U 2011. GODINI<\/a><\/p>\n<p><a href=\"https:\/\/ambbelgrado.esteri.it\/ambasciata_belgrado\/sr\/i_rapporti_bilaterali\/cooperazione_politica\/incontri\/zvanicne-posete-u-2010-godini.html\">ZVANI\u010cNE POSETE U 2010. GODINI<\/a><\/p>\n<p><a href=\"https:\/\/ambbelgrado.esteri.it\/resource\/2010\/03\/zvanicneposete2009.pdf\">ZVANI\u010cNE POSETE OD 2007. DO 2009. GODINE<\/a><\/p>\n<p>&nbsp;<\/p>\n<\/div>\n","protected":false},"excerpt":{"rendered":"Italija i Srbija imaju odli\u010dne bilateralne odnose. Tradicionalna bilateralna saradnja na\u0161e dve zemlje je \u010dvrsto ukorenjena u Deklaraciji o strate\u0161kom partnerstvu, potpisanoj na Prvom bilateralnom samitu dveju Vlada 2009. godine, i odlikuju je \u010desti susreti na politi\u010dkom nivou. Italija je jedan od glavnih podr\u017eavalaca procesa evropskih integracija Beograda, a trenutno je jedan od glavnih stranih [&hellip;]","protected":false},"author":1,"featured_media":0,"parent":0,"menu_order":4,"comment_status":"closed","ping_status":"closed","template":"","meta":{"footnotes":""},"class_list":["post-167","page","type-page","status-publish","hentry"],"_links":{"self":[{"href":"https:\/\/ambbelgrado.esteri.it\/sr\/wp-json\/wp\/v2\/pages\/167","targetHints":{"allow":["GET"]}}],"collection":[{"href":"https:\/\/ambbelgrado.esteri.it\/sr\/wp-json\/wp\/v2\/pages"}],"about":[{"href":"https:\/\/ambbelgrado.esteri.it\/sr\/wp-json\/wp\/v2\/types\/page"}],"author":[{"embeddable":true,"href":"https:\/\/ambbelgrado.esteri.it\/sr\/wp-json\/wp\/v2\/users\/1"}],"replies":[{"embeddable":true,"href":"https:\/\/ambbelgrado.esteri.it\/sr\/wp-json\/wp\/v2\/comments?post=167"}],"version-history":[{"count":7,"href":"https:\/\/ambbelgrado.esteri.it\/sr\/wp-json\/wp\/v2\/pages\/167\/revisions"}],"predecessor-version":[{"id":12631,"href":"https:\/\/ambbelgrado.esteri.it\/sr\/wp-json\/wp\/v2\/pages\/167\/revisions\/12631"}],"wp:attachment":[{"href":"https:\/\/ambbelgrado.esteri.it\/sr\/wp-json\/wp\/v2\/media?parent=167"}],"curies":[{"name":"wp","href":"https:\/\/api.w.org\/{rel}","templated":true}]}}