{"id":165,"date":"2023-04-11T18:07:19","date_gmt":"2023-04-11T16:07:19","guid":{"rendered":"https:\/\/ambbelgrado.esteri.it\/chi-siamo\/numeri-di-emergenza\/"},"modified":"2023-11-14T11:45:52","modified_gmt":"2023-11-14T10:45:52","slug":"numeri-di-emergenza","status":"publish","type":"page","link":"https:\/\/ambbelgrado.esteri.it\/sr\/chi-siamo\/numeri-di-emergenza\/","title":{"rendered":"Brojevi za hitne slu\u010dajeve"},"content":{"rendered":"<p>Ambasadu Italije <strong>mo\u017eete pozvati telefonom svakog radnog dana od ponedeljka do petka u periodu od 9:00 do 19:00<\/strong> \u010dasova na broj telefona +381 (0)11 3066100, a mo\u017eete je kontaktirati i putem adrese <a href=\"mailto:segret.belgrado@esteri.it\">segret.belgrado@esteri.it<\/a> .<\/p>\n<p><strong>Samo u slu\u010dajevima realne i neodlo\u017ene hitnosti u kojima se na\u0111u italijanski dr\u017eavljani (na primer hap\u0161enje, udesi) van radnog vremena telefonske centrale, pozovite broj +381 (0)63 243652 (na ovaj broj NE mogu se dobiti uop\u0161tene informacije niti one koje se ti\u010du uobi\u010dajenih konzularnih usluga).<\/strong><\/p>\n","protected":false},"excerpt":{"rendered":"Ambasadu Italije mo\u017eete pozvati telefonom svakog radnog dana od ponedeljka do petka u periodu od 9:00 do 19:00 \u010dasova na broj telefona +381 (0)11 3066100, a mo\u017eete je kontaktirati i putem adrese segret.belgrado@esteri.it . Samo u slu\u010dajevima realne i neodlo\u017ene hitnosti u kojima se na\u0111u italijanski dr\u017eavljani (na primer hap\u0161enje, udesi) van radnog vremena telefonske [&hellip;]","protected":false},"author":1,"featured_media":0,"parent":143,"menu_order":6,"comment_status":"closed","ping_status":"closed","template":"","meta":{"footnotes":""},"class_list":["post-165","page","type-page","status-publish","hentry"],"_links":{"self":[{"href":"https:\/\/ambbelgrado.esteri.it\/sr\/wp-json\/wp\/v2\/pages\/165","targetHints":{"allow":["GET"]}}],"collection":[{"href":"https:\/\/ambbelgrado.esteri.it\/sr\/wp-json\/wp\/v2\/pages"}],"about":[{"href":"https:\/\/ambbelgrado.esteri.it\/sr\/wp-json\/wp\/v2\/types\/page"}],"author":[{"embeddable":true,"href":"https:\/\/ambbelgrado.esteri.it\/sr\/wp-json\/wp\/v2\/users\/1"}],"replies":[{"embeddable":true,"href":"https:\/\/ambbelgrado.esteri.it\/sr\/wp-json\/wp\/v2\/comments?post=165"}],"version-history":[{"count":3,"href":"https:\/\/ambbelgrado.esteri.it\/sr\/wp-json\/wp\/v2\/pages\/165\/revisions"}],"predecessor-version":[{"id":891,"href":"https:\/\/ambbelgrado.esteri.it\/sr\/wp-json\/wp\/v2\/pages\/165\/revisions\/891"}],"up":[{"embeddable":true,"href":"https:\/\/ambbelgrado.esteri.it\/sr\/wp-json\/wp\/v2\/pages\/143"}],"wp:attachment":[{"href":"https:\/\/ambbelgrado.esteri.it\/sr\/wp-json\/wp\/v2\/media?parent=165"}],"curies":[{"name":"wp","href":"https:\/\/api.w.org\/{rel}","templated":true}]}}