{"id":164,"date":"2023-04-11T18:01:19","date_gmt":"2023-04-11T16:01:19","guid":{"rendered":"https:\/\/ambbelgrado.esteri.it\/chi-siamo\/gli-uffici\/"},"modified":"2026-01-02T12:17:26","modified_gmt":"2026-01-02T11:17:26","slug":"gli-uffici","status":"publish","type":"page","link":"https:\/\/ambbelgrado.esteri.it\/sr\/chi-siamo\/gli-uffici\/","title":{"rendered":"Kancelarije"},"content":{"rendered":"<p><strong>AMBASADA ITALIJE U BEOGRADU<\/strong><br \/>\nUlica Bir\u010daninova br.11 &#8211; 11000 Beograd<br \/>\nTel. 011\/3066100<br \/>\nFax 011\/3249413<br \/>\ne-mail: <a href=\"mailto:segret.belgrado@esteri.it\">segret.belgrado@esteri.it<\/a><br \/>\nPEC: <a href=\"mailto:amb.belgrado@cert.esteri.it\">amb.belgrado@cert.esteri.it<\/a> &#8211; adresa na kojoj je omogu\u0107en isklju\u010divo prijem sertifikovane elektronske po\u0161te (PEC)<\/p>\n<p>e-mail <strong>VIZE<\/strong>: <a href=\"mailto:visti.belgrado@esteri.it\">visti.belgrado@esteri.it<\/a>; e-mail <strong>Konzularno odeljenje<\/strong>: <a href=\"mailto:consolare.belgrado@esteri.it\">consolare.belgrado@esteri.it<\/a> <em>(svi telefonski brojevi, radno vreme i informacije\u00a0koje se ti\u010du viza\/konzularnog odeljenja nalaze se u nastavku ove stranice)<\/em><\/p>\n<p>Ambasadu Italije <strong>mo\u017eete pozvati telefonom svakog radnog dana od ponedeljka do petka u periodu od 9:00 do 19:00<\/strong> \u010dasova na broj telefona +381 (0)11 3066100, a mo\u017eete je kontaktirati i putem adrese <a href=\"mailto:segret.belgrado@esteri.it\">segret.belgrado@esteri.it<\/a> .<\/p>\n<p><strong>Samo u slu\u010dajevima realne i neodlo\u017ene hitnosti u kojima se na\u0111u italijanski dr\u017eavljani (na primer hap\u0161enje, udesi) van radnog vremena telefonske centrale, pozovite broj +381 (0)63 243652 (na ovaj broj NE mogu se dobiti uop\u0161tene informacije niti one koje se ti\u010du uobi\u010dajenih konzularnih usluga).<\/strong><\/p>\n<p>Konzularno odeljenje prima isklju\u010divo stranke koje imaju zakazani termin, daju\u0107i prioritet hitnim zahtevima. Informacije o konzularnim uslugama, kao i o vizama, mo\u017eete na\u0107i na na\u0161em sajtu u delu &#8222;konzularne usluge&#8220; i \u201cvize&#8220;, a mo\u017eete i da pi\u0161ete na adrese <a href=\"mailto:consolare.belgrado@esteri.it\">consolare.belgrado@esteri.it<\/a>\u00a0i <a href=\"mailto:visti.belgrado@esteri.it\">visti.belgrado@esteri.it<\/a>, ili da pozovete broj +381 (0)11 3066171 od ponedeljka do petka od 11:00 do 13:00\u00a0 \u010dasova (za konzulrane usluge) ili broj\u00a0+381 (0)11 3066153 od ponedeljka do petka, u periodu od 12:00 do 13:00 (za informacije o vizama).<\/p>\n<p>Za drugu vrstu kontakata nastavite da \u010ditate ovu stranicu.<\/p>\n<p>&nbsp;<\/p>\n<p><strong>Luka Gori<\/strong><br \/>\n<em>Ambasador<\/em><br \/>\n<a href=\"mailto:belgrado.segretamb@esteri.it\">belgrado.segramb@esteri.it<\/a><\/p>\n<p><strong>Karlota Koli<\/strong><br \/>\n<em>Savetnik<\/em><br \/>\n<a href=\"mailto:segret.belgrado@esteri.it\">segret.belgrado@esteri.it<\/a><\/p>\n<p><strong>Fran\u010desko Manja<br \/>\n<\/strong><em>Prvi sekretar<br \/>\n<\/em>\u0160ef odeljenja za \u0161tampu, \u0160ef konzularnog odeljenja<br \/>\n<a href=\"mailto:stampa.belgrado@esteri.it\">stampa.belgrado@esteri.it<\/a>; <a>consolare.belgrado@esteri.it<\/a><\/p>\n<p><strong>Nikolo Rosi<\/strong><br \/>\n<em>Prvi sekretar<\/em><br \/>\n\u0160ef odeljenja za ekonomsku i trgovinsku saradnju<a href=\"mailto:consolare.belgrado@esteri.it\"><br \/>\n<\/a><a href=\"mailto:economico.belgrado@esteri.it\">economico.belgrado@esteri.it<\/a><\/p>\n<p><strong>Kancelarija ata\u0161ea za nauku<\/strong><br \/>\nTel. +381.11.3066116<br \/>\nFax: +381.11.3249413<br \/>\ne-mail: <a href=\"mailto:belgrado.scienza@esteri.it\">belgrado.scienza@esteri.it<\/a><\/p>\n<p><strong>Konzularno odeljenje<br \/>\n<\/strong>Izdavanje paso\u0161a i putnog lista, mati\u010dna slu\u017eba, dr\u017eavljanstvo, upis u registar italijanskih dr\u017eavljana u inostranstvu (AIRE), pravni dokumenti, overe, nov\u010dana pomo\u0107, penzije (usluge on line), zdravstvo, fiskalni kod, studentska pitanja, potvrde o validnosti diploma i predupis na univerzitete, i td.<br \/>\nUlica Bir\u010daninova br. 9 &#8211; 11000 Beograd<br \/>\nTel.\u00a0 +381.11.3066171<br \/>\nFax: +381.11.3066171<br \/>\nE-mail: <a href=\"mailto:preiscrizioni.belgrado@esteri.it\">preiscrizioni.belgrado@esteri.it<\/a><br \/>\nEmail : <a href=\"mailto:consolare.belgrado@esteri.it\">consolare.belgrado@esteri.it<\/a><\/p>\n<p>Imaju\u0107i u vidu vanrednu epidemiolo\u0161ku situaciju, a u cilju za\u0161tite zdravlja stranaka i zaposlenih, Konzularno odeljenje \u0107e primati isklju\u010divo stranke koje imaju zakazani termin, daju\u0107i prioritet hitnim zahtevima. Informacije o konzularnim uslugama mo\u017eete na\u0107i na na\u0161em sajtu, a mo\u017eete i da pi\u0161ete na adresu <a href=\"mailto:consolare.belgrado@esteri.it\">consolare.belgrado@esteri.it<\/a>\u00a0ili da pozovete broj telefona +381 (0)11 3066171 od ponedeljka do petka, u periodu od 11:00 do 13:00 \u010dasova.<\/p>\n<p><strong>Odeljenje za vize<br \/>\n<\/strong>Ulica Bir\u010daninova br. 9 &#8211; 11000 Beograd<br \/>\nTel.\u00a0 +381.11.3066153<br \/>\nFax: +381.11.3033570<br \/>\nE-mail: <a href=\"mailto:visti.belgrado@esteri.it\">visti.belgrado@esteri.it<\/a><\/p>\n<p>Imaju\u0107i u vidu vanrednu epidemiolo\u0161ku situaciju, a u cilju za\u0161tite zdravlja stranaka i zaposlenih, Odeljenje za vize \u0107e primati isklju\u010divo stranke koje imaju zakazani termin, daju\u0107i prioritet hitnim zahtevima. Informacije o vizama mo\u017eete na\u0107i na na\u0161em sajtu, a mo\u017eete i da pi\u0161ete na adresu <a href=\"mailto:visti.belgrado@esteri.it\">visti.belgrado@esteri.it<\/a>\u00a0ili da pozovete broj telefona +381 (0)11 3066153 od ponedeljka do petka, u periodu od 12:00 do 13:00 \u010dasova.<\/p>\n<p>(zakazivanje termina je obavezno)<\/p>\n<p><a href=\"https:\/\/ambbelgrado.esteri.it\/ambasciata_belgrado\/it\/informazioni_e_servizi\/visti\/altre-tipologie-di-visto-d-ingresso\"><strong>Prenot@mi<\/strong><\/a><\/p>\n<p>&nbsp;<\/p>\n<p><strong>PO\u010cASNI VICEKONZULAT U SUBOTICI<\/strong><br \/>\n\u0110ure \u0110akovi\u0107a, 2\/III &#8211; 24000 Subotica (Srbija)<br \/>\nTel. +381.24.515511\u00a0 Fax +381.24.551285<br \/>\nE-mail: <a href=\"mailto:subotica.onorario@esteri.it\">subotica.onorario@esteri.it<\/a><\/p>\n<p><strong>Odeljenje za ekonomsku, trgovinsku i nau\u010dnu saradnju<br \/>\n<\/strong>Tel. +381.11.3066130<br \/>\nFax: +381.11.3249413<br \/>\nod ponedeljka do petka 09.00 &#8211; 16.30<br \/>\ne-mail: <a href=\"mailto:economico.belgrado@esteri.it\">economico.belgrado@esteri.it<\/a><\/p>\n<blockquote dir=\"ltr\"><p><strong>Institut za spoljnu trgovinu &#8211; ICE<br \/>\n<\/strong>Direktor Antonio Ventreska<br \/>\nKneza Milosa 56<br \/>\n11000 Beograd<br \/>\nTel. +381.11.3629939<br \/>\nFax +381.11.3672458<br \/>\nE-mail: <a href=\"mailto:belgrado@ice.it\">belgrado@ice.it<\/a><\/p>\n<p>&nbsp;<\/p><\/blockquote>\n<p dir=\"ltr\"><strong>Odeljenje za \u0161tampu <\/strong><br \/>\nTel.\u00a0 +381.11.3066123 \/ 150<br \/>\nFax: +381.11.3249413<br \/>\nod ponedeljka do petka 09.00 &#8211; 16.30<br \/>\nE-mail: <a href=\"mailto:stampa.belgrado@esteri.it\">stampa.belgrado@esteri.it<\/a><\/p>\n<p dir=\"ltr\"><strong>Italijanski Institut za Kulturu<br \/>\n<\/strong>Kneza Milo\u0161a 56, 11000 Beograd<br \/>\nTel. +381.11.3629435<br \/>\nBiblioteka: Tel. +381.11.3629438<br \/>\nOdeljenje za \u0161kolstvo: Tel. +381.11.3629346<br \/>\nE-mail : <a href=\"mailto:iicbelgrado@esteri.it\">iicbelgrado@esteri.it<\/a><br \/>\nweb: <a href=\"https:\/\/iicbelgrado.esteri.it\">www.iicbelgrado.esteri.it<\/a><\/p>\n<p dir=\"ltr\"><strong>Odeljenje vojnog ata\u0161ea<br \/>\n<\/strong>Pukovnik Aurelio Kosta<br \/>\nTel. +381.11.3065018<br \/>\nFax: +381.11.3615182<br \/>\ne-mail: <a href=\"mailto:difeita.belgrado@smd.difesa.it\">difeita.belgrado@smd.difesa.it<\/a><\/p>\n<p dir=\"ltr\"><strong>Praznici i neradni dani u 2026. godini:<\/strong><\/p>\n<table class=\"table\" style=\"height: 327px;\" border=\"0\" width=\"606\">\n<tbody>\n<tr>\n<td>\u010cetvrtak<\/td>\n<td>01. januar<\/td>\n<td>Nova godina<\/td>\n<\/tr>\n<tr>\n<td>Utorak<\/td>\n<td>06. januar<\/td>\n<td>Bogojavljenje<\/td>\n<\/tr>\n<tr>\n<td>Sreda<\/td>\n<td>07. januar<\/td>\n<td>Pravoslavni Bo\u017ei\u0107<\/td>\n<\/tr>\n<tr>\n<td>Nedelja<\/td>\n<td>15. februar<\/td>\n<td>Dan dr\u017eavnosti Republike Srbije<\/td>\n<\/tr>\n<tr>\n<td>Ponedeljak<\/td>\n<td>06. april<\/td>\n<td>Uskr\u0161nji ponedeljak<\/td>\n<\/tr>\n<tr>\n<td>Subota<\/td>\n<td>25. april<\/td>\n<td>Dan oslobo\u0111enja<\/td>\n<\/tr>\n<tr>\n<td>Petak<\/td>\n<td>01. maj<\/td>\n<td>Praznik rada<\/td>\n<\/tr>\n<tr>\n<td>Utorak<\/td>\n<td>02. jun<\/td>\n<td>Dan Republike Italije<\/td>\n<\/tr>\n<tr>\n<td>Sreda<\/td>\n<td>11. novembar<\/td>\n<td>Dan primirja u Prvom svetskom ratu<\/td>\n<\/tr>\n<tr>\n<td>Petak<\/td>\n<td>25. decembar<\/td>\n<td>Katoli\u010dki Bo\u017ei\u0107<\/td>\n<\/tr>\n<tr>\n<td>Subota<\/td>\n<td>26. decembar<\/td>\n<td>2. dan katoli\u010dkog Bo\u017ei\u0107a<\/td>\n<\/tr>\n<\/tbody>\n<\/table>\n","protected":false},"excerpt":{"rendered":"AMBASADA ITALIJE U BEOGRADU Ulica Bir\u010daninova br.11 &#8211; 11000 Beograd Tel. 011\/3066100 Fax 011\/3249413 e-mail: segret.belgrado@esteri.it PEC: amb.belgrado@cert.esteri.it &#8211; adresa na kojoj je omogu\u0107en isklju\u010divo prijem sertifikovane elektronske po\u0161te (PEC) e-mail VIZE: visti.belgrado@esteri.it; e-mail Konzularno odeljenje: consolare.belgrado@esteri.it (svi telefonski brojevi, radno vreme i informacije\u00a0koje se ti\u010du viza\/konzularnog odeljenja nalaze se u nastavku ove stranice) Ambasadu [&hellip;]","protected":false},"author":1,"featured_media":0,"parent":143,"menu_order":4,"comment_status":"closed","ping_status":"closed","template":"","meta":{"footnotes":""},"class_list":["post-164","page","type-page","status-publish","hentry"],"_links":{"self":[{"href":"https:\/\/ambbelgrado.esteri.it\/sr\/wp-json\/wp\/v2\/pages\/164","targetHints":{"allow":["GET"]}}],"collection":[{"href":"https:\/\/ambbelgrado.esteri.it\/sr\/wp-json\/wp\/v2\/pages"}],"about":[{"href":"https:\/\/ambbelgrado.esteri.it\/sr\/wp-json\/wp\/v2\/types\/page"}],"author":[{"embeddable":true,"href":"https:\/\/ambbelgrado.esteri.it\/sr\/wp-json\/wp\/v2\/users\/1"}],"replies":[{"embeddable":true,"href":"https:\/\/ambbelgrado.esteri.it\/sr\/wp-json\/wp\/v2\/comments?post=164"}],"version-history":[{"count":6,"href":"https:\/\/ambbelgrado.esteri.it\/sr\/wp-json\/wp\/v2\/pages\/164\/revisions"}],"predecessor-version":[{"id":14471,"href":"https:\/\/ambbelgrado.esteri.it\/sr\/wp-json\/wp\/v2\/pages\/164\/revisions\/14471"}],"up":[{"embeddable":true,"href":"https:\/\/ambbelgrado.esteri.it\/sr\/wp-json\/wp\/v2\/pages\/143"}],"wp:attachment":[{"href":"https:\/\/ambbelgrado.esteri.it\/sr\/wp-json\/wp\/v2\/media?parent=164"}],"curies":[{"name":"wp","href":"https:\/\/api.w.org\/{rel}","templated":true}]}}