{"id":163,"date":"2023-04-11T17:55:33","date_gmt":"2023-04-11T15:55:33","guid":{"rendered":"https:\/\/ambbelgrado.esteri.it\/chi-siamo\/la-sede\/"},"modified":"2023-11-27T19:44:19","modified_gmt":"2023-11-27T18:44:19","slug":"la-sede","status":"publish","type":"page","link":"https:\/\/ambbelgrado.esteri.it\/sr\/chi-siamo\/la-sede\/","title":{"rendered":"\u0160tab"},"content":{"rendered":"<p><img loading=\"lazy\" decoding=\"async\" class=\"alignnone size-medium wp-image-264 img-fluid\" src=\"https:\/\/ambbelgrado.esteri.it\/wp-content\/uploads\/2023\/10\/Sede-ambasciata-esterno-300x217.jpg\" alt=\"\" width=\"300\" height=\"217\" srcset=\"https:\/\/ambbelgrado.esteri.it\/wp-content\/uploads\/2023\/10\/Sede-ambasciata-esterno-300x217.jpg 300w, https:\/\/ambbelgrado.esteri.it\/wp-content\/uploads\/2023\/10\/Sede-ambasciata-esterno.jpg 600w\" sizes=\"auto, (max-width: 300px) 100vw, 300px\" \/><\/p>\n<p>Kada je italijanska Vlada napustila zgradu koju je koristilo diplomatsko predstavni\u0161tvo, koja je zatim prodata Ambasadi Gr\u010dke, odlu\u010deno je da se izgradi nova zgrada na mestu koje se nalazilo u zapadnom delu starog Beograda, gde su ve\u0107 bile podignute zgrade ministarstava i drugih ambasada. Ta inicijativa je preduzeta po eksplicitnoj \u017eelji italijanske kraljice Jelene, nekada\u0161nje crnogorske princeze, koja je \u017eelela da Italija ima daleko reprezentativnije predstavni\u0161tvo.<br \/>\nNovo predstavni\u0161tvo Italije izgra\u0111eno je u Bir\u010daninovoj ulici. Radovi su zapo\u010deli 1924. godine a okon\u010dani su 1926. godine. Znatno o\u0161te\u0107eno tokom Drugog svetskog rata (naro\u010dito iznutra), predato je italijanskim partizanima koji su se borili sa snagama jugoslovenske oslobodila\u010dke armije.<\/p>\n<p>&nbsp;<\/p>\n<p>Prelistajte na\u0161u poslednju publikaciju o zgradi u Bir\u010daninovoj 9<\/p>\n<div id=\"mceu_44\" class=\"wp-link-preview\"><\/div>\n<p><a href=\"https:\/\/ambbelgrado.esteri.it\/wp-content\/uploads\/2023\/10\/La-Sede_Libro-La-Regina-delle-Ambasciate.pdf\"><img loading=\"lazy\" decoding=\"async\" class=\"alignnone size-medium wp-image-273 img-fluid\" src=\"https:\/\/ambbelgrado.esteri.it\/wp-content\/uploads\/2023\/10\/La-sede_Libro-La-regina-delle-ambasciate-300x264.jpg\" alt=\"\" width=\"300\" height=\"264\" srcset=\"https:\/\/ambbelgrado.esteri.it\/wp-content\/uploads\/2023\/10\/La-sede_Libro-La-regina-delle-ambasciate-300x264.jpg 300w, https:\/\/ambbelgrado.esteri.it\/wp-content\/uploads\/2023\/10\/La-sede_Libro-La-regina-delle-ambasciate-768x677.jpg 768w, https:\/\/ambbelgrado.esteri.it\/wp-content\/uploads\/2023\/10\/La-sede_Libro-La-regina-delle-ambasciate.jpg 800w\" sizes=\"auto, (max-width: 300px) 100vw, 300px\" \/><\/a><\/p>\n<p>&nbsp;<\/p>\n","protected":false},"excerpt":{"rendered":"Kada je italijanska Vlada napustila zgradu koju je koristilo diplomatsko predstavni\u0161tvo, koja je zatim prodata Ambasadi Gr\u010dke, odlu\u010deno je da se izgradi nova zgrada na mestu koje se nalazilo u zapadnom delu starog Beograda, gde su ve\u0107 bile podignute zgrade ministarstava i drugih ambasada. Ta inicijativa je preduzeta po eksplicitnoj \u017eelji italijanske kraljice Jelene, nekada\u0161nje [&hellip;]","protected":false},"author":1,"featured_media":0,"parent":143,"menu_order":2,"comment_status":"closed","ping_status":"closed","template":"","meta":{"footnotes":""},"class_list":["post-163","page","type-page","status-publish","hentry"],"_links":{"self":[{"href":"https:\/\/ambbelgrado.esteri.it\/sr\/wp-json\/wp\/v2\/pages\/163","targetHints":{"allow":["GET"]}}],"collection":[{"href":"https:\/\/ambbelgrado.esteri.it\/sr\/wp-json\/wp\/v2\/pages"}],"about":[{"href":"https:\/\/ambbelgrado.esteri.it\/sr\/wp-json\/wp\/v2\/types\/page"}],"author":[{"embeddable":true,"href":"https:\/\/ambbelgrado.esteri.it\/sr\/wp-json\/wp\/v2\/users\/1"}],"replies":[{"embeddable":true,"href":"https:\/\/ambbelgrado.esteri.it\/sr\/wp-json\/wp\/v2\/comments?post=163"}],"version-history":[{"count":3,"href":"https:\/\/ambbelgrado.esteri.it\/sr\/wp-json\/wp\/v2\/pages\/163\/revisions"}],"predecessor-version":[{"id":8798,"href":"https:\/\/ambbelgrado.esteri.it\/sr\/wp-json\/wp\/v2\/pages\/163\/revisions\/8798"}],"up":[{"embeddable":true,"href":"https:\/\/ambbelgrado.esteri.it\/sr\/wp-json\/wp\/v2\/pages\/143"}],"wp:attachment":[{"href":"https:\/\/ambbelgrado.esteri.it\/sr\/wp-json\/wp\/v2\/media?parent=163"}],"curies":[{"name":"wp","href":"https:\/\/api.w.org\/{rel}","templated":true}]}}