{"id":162,"date":"2023-04-11T17:53:01","date_gmt":"2023-04-11T15:53:01","guid":{"rendered":"https:\/\/ambbelgrado.esteri.it\/chi-siamo\/lambasciatore\/"},"modified":"2023-10-04T13:48:40","modified_gmt":"2023-10-04T11:48:40","slug":"lambasciatore","status":"publish","type":"page","link":"https:\/\/ambbelgrado.esteri.it\/sr\/chi-siamo\/lambasciatore\/","title":{"rendered":"Ambasador"},"content":{"rendered":"<p><img loading=\"lazy\" decoding=\"async\" class=\"alignnone size-medium wp-image-263 img-fluid\" src=\"https:\/\/ambbelgrado.esteri.it\/wp-content\/uploads\/2023\/10\/Ambasciatore_Luca_Gori_003-225x300.jpg\" alt=\"Ambasciatore Luca Gori\" width=\"225\" height=\"300\" srcset=\"https:\/\/ambbelgrado.esteri.it\/wp-content\/uploads\/2023\/10\/Ambasciatore_Luca_Gori_003-225x300.jpg 225w, https:\/\/ambbelgrado.esteri.it\/wp-content\/uploads\/2023\/10\/Ambasciatore_Luca_Gori_003-768x1024.jpg 768w, https:\/\/ambbelgrado.esteri.it\/wp-content\/uploads\/2023\/10\/Ambasciatore_Luca_Gori_003.jpg 1139w\" sizes=\"auto, (max-width: 225px) 100vw, 225px\" \/><\/p>\n<p>Luka Gori ro\u0111en je u Firenci 27. jula 1968. godine, diplomirao je politi\u010dke nauke na Univerzitetu u Firenci 1993. godine, dok je diplomatsku karijeru zapo\u010deo 1995. godine.<\/p>\n<p>Nakon perioda provedenog u Generalnoj direkciji za politi\u010dka pitanja Ministarstva spoljnih poslova Italije, 1999. godine zapo\u010dinje svoj prvi anga\u017eman u inostranstvu u Ambasadi Italije u Moskvi. Godine 2003. pridru\u017euje se Stalnom predstavni\u0161tvu Italije pri Evropskoj uniji u Briselu, gde nadgleda odnose izme\u0111u EU i Zapadnog Balkana.<\/p>\n<p>Godine 2007. vra\u0107a se u Rim gde radi u kabinetu ministra. Godine 2010. preuzima du\u017enost prvog savetnika u Ambasadi Italije u Va\u0161ingtonu.<\/p>\n<p>2014. godine, po povratku u Rim, raspore\u0111en je u Generalni sekretarijat Predsedni\u0161tva Republike, u Kancelariju za diplomatske poslove.<\/p>\n<p>Godine 2015. ponovo preuzima slu\u017ebu u kabinetu ministra. Iste godine postaje nosilac odlikovanja reda Viteza za zasluge Republike Italije.<\/p>\n<p>Godine 2018. postaje zamenik generalnog direktora za politi\u010dka i bezbednosna pitanja \/direktor za zemlje Mediterana i Bliskog istoka.<\/p>\n<p>Godine 2021. postaje zamenik \u0161efa kabineta ministra.<\/p>\n<p>Ambasador Gori ima strast prema pisanju, \u010ditanju, umetnosti, filmovima, putovanjima i sportu, posebno fudbalu, ko\u0161arci i tenisu.<\/p>\n<p>Autor je raznih eseja o spoljnoj politici i pitanjima me\u0111unarodnih odnosa.<\/p>\n<p>Luka Gori je o\u017eenjen Eu\u0111enijom i ima dvoje dece: \u0107erku Beatri\u010de i sina Alesandra.<\/p>\n","protected":false},"excerpt":{"rendered":"Luka Gori ro\u0111en je u Firenci 27. jula 1968. godine, diplomirao je politi\u010dke nauke na Univerzitetu u Firenci 1993. godine, dok je diplomatsku karijeru zapo\u010deo 1995. godine. Nakon perioda provedenog u Generalnoj direkciji za politi\u010dka pitanja Ministarstva spoljnih poslova Italije, 1999. godine zapo\u010dinje svoj prvi anga\u017eman u inostranstvu u Ambasadi Italije u Moskvi. Godine 2003. [&hellip;]","protected":false},"author":1,"featured_media":0,"parent":143,"menu_order":0,"comment_status":"closed","ping_status":"closed","template":"","meta":{"footnotes":""},"class_list":["post-162","page","type-page","status-publish","hentry"],"_links":{"self":[{"href":"https:\/\/ambbelgrado.esteri.it\/sr\/wp-json\/wp\/v2\/pages\/162","targetHints":{"allow":["GET"]}}],"collection":[{"href":"https:\/\/ambbelgrado.esteri.it\/sr\/wp-json\/wp\/v2\/pages"}],"about":[{"href":"https:\/\/ambbelgrado.esteri.it\/sr\/wp-json\/wp\/v2\/types\/page"}],"author":[{"embeddable":true,"href":"https:\/\/ambbelgrado.esteri.it\/sr\/wp-json\/wp\/v2\/users\/1"}],"replies":[{"embeddable":true,"href":"https:\/\/ambbelgrado.esteri.it\/sr\/wp-json\/wp\/v2\/comments?post=162"}],"version-history":[{"count":3,"href":"https:\/\/ambbelgrado.esteri.it\/sr\/wp-json\/wp\/v2\/pages\/162\/revisions"}],"predecessor-version":[{"id":315,"href":"https:\/\/ambbelgrado.esteri.it\/sr\/wp-json\/wp\/v2\/pages\/162\/revisions\/315"}],"up":[{"embeddable":true,"href":"https:\/\/ambbelgrado.esteri.it\/sr\/wp-json\/wp\/v2\/pages\/143"}],"wp:attachment":[{"href":"https:\/\/ambbelgrado.esteri.it\/sr\/wp-json\/wp\/v2\/media?parent=162"}],"curies":[{"name":"wp","href":"https:\/\/api.w.org\/{rel}","templated":true}]}}