{"id":161,"date":"2023-04-11T17:08:57","date_gmt":"2023-04-11T15:08:57","guid":{"rendered":"https:\/\/ambbelgrado.esteri.it\/servizi-consolari-e-visti\/"},"modified":"2026-03-09T16:00:06","modified_gmt":"2026-03-09T15:00:06","slug":"servizi-consolari-e-visti","status":"publish","type":"page","link":"https:\/\/ambbelgrado.esteri.it\/sr\/servizi-consolari-e-visti\/","title":{"rendered":"Konzularne usluge i vize"},"content":{"rendered":"<p><strong>Konzularne usluge<\/strong><\/p>\n<p>Na teritoriji Republike Srbije za pru\u017eanje konzularnih usluga zadu\u017eeni su Konzularno odeljenje Ambasade Italije u Beogradu i Po\u010dasni vicekonzulat u Subotici koji ima limitirane funkcije u odnosu na Konzularno odeljenje u Beogradu.<\/p>\n<p>&nbsp;<\/p>\n<p dir=\"ltr\"><strong>Praznici i neradni dani u 2026. godini:<\/strong><\/p>\n<table class=\"table\" border=\"0\" width=\"606\">\n<tbody>\n<tr>\n<td>\u010cetvrtak<\/td>\n<td>01. januar<\/td>\n<td>Nova godina<\/td>\n<\/tr>\n<tr>\n<td>Utorak<\/td>\n<td>06. januar<\/td>\n<td>Bogojavljenje<\/td>\n<\/tr>\n<tr>\n<td>Sreda<\/td>\n<td>07. januar<\/td>\n<td>Pravoslavni Bo\u017ei\u0107<\/td>\n<\/tr>\n<tr>\n<td>Nedelja<\/td>\n<td>15. februar<\/td>\n<td>Dan dr\u017eavnosti Republike Srbije<\/td>\n<\/tr>\n<tr>\n<td>Ponedeljak<\/td>\n<td>06. april<\/td>\n<td>Uskr\u0161nji ponedeljak<\/td>\n<\/tr>\n<tr>\n<td>Subota<\/td>\n<td>25. april<\/td>\n<td>Dan oslobo\u0111enja<\/td>\n<\/tr>\n<tr>\n<td>Petak<\/td>\n<td>01. maj<\/td>\n<td>Praznik rada<\/td>\n<\/tr>\n<tr>\n<td>Utorak<\/td>\n<td>02. jun<\/td>\n<td>Dan Republike Italije<\/td>\n<\/tr>\n<tr>\n<td>Sreda<\/td>\n<td>11. novembar<\/td>\n<td>Dan primirja u Prvom svetskom ratu<\/td>\n<\/tr>\n<tr>\n<td>Petak<\/td>\n<td>25. decembar<\/td>\n<td>Katoli\u010dki Bo\u017ei\u0107<\/td>\n<\/tr>\n<tr>\n<td>Subota<\/td>\n<td>26. decembar<\/td>\n<td>2. dan katoli\u010dkog Bo\u017ei\u0107a<\/td>\n<\/tr>\n<\/tbody>\n<\/table>\n<p>&nbsp;<\/p>\n<p><strong>Konzularno odeljenje<\/strong><br \/>\nIzdavanje paso\u0161a i putnog lista, mati\u010dna slu\u017eba, dr\u017eavljanstvo, upis u registar italijanskih dr\u017eavljana u inostranstvu (AIRE), pravni dokumenti, overe, nov\u010dana pomo\u0107, penzije (usluge on line), zdravstvo, fiskalni kod, studentska pitanja, potvrde o validnosti diploma i predupis na univerzitete, i td.<br \/>\nUlica Bir\u010daninova br. 9 &#8211; 11000 Beograd<br \/>\nTel. +381.11.3066171<br \/>\nFax: +381.11.3066171<br \/>\nE-mail: <a href=\"mailto:preiscrizioni.belgrado@esteri.it\">preiscrizioni.belgrado@esteri.it<\/a><br \/>\nEmail : <a href=\"mailto:consolare.belgrado@esteri.it\">consolare.belgrado@esteri.it<\/a><\/p>\n<p>Konzularno odeljenje prima isklju\u010divo stranke koje imaju zakazani termin, daju\u0107i prioritet hitnim zahtevima. Informacije o konzularnim uslugama mo\u017eete na\u0107i na na\u0161em sajtu, a mo\u017eete i da pi\u0161ete na adresu <a href=\"mailto:consolare.belgrado@esteri.it\">consolare.belgrado@esteri.it<\/a>\u00a0ili da pozovete broj telefona +381 (0)11 3066171 od ponedeljka do petka, u periodu od 11:00 do 13:00 \u010dasova.<\/p>\n<p><strong><br \/>\nOdeljenje za vize<\/strong><br \/>\nUlica Bir\u010daninova br. 9 &#8211; 11000 Beograd<br \/>\nTel. +381.11.3066153<br \/>\nFax: +381.11.3033570<br \/>\nE-mail: <a href=\"mailto:visti.belgrado@esteri.it\">visti.belgrado@esteri.it<\/a><\/p>\n<p>Odeljenje za vize prima isklju\u010divo stranke koje imaju zakazani termin, daju\u0107i prioritet hitnim zahtevima. Informacije o vizama mo\u017eete na\u0107i na na\u0161em sajtu, a mo\u017eete i da pi\u0161ete na adresu <a href=\"mailto:visti.belgrado@esteri.it\">visti.belgrado@esteri.it<\/a> ili da pozovete broj telefona +381 (0)11 3066153 od ponedeljka do petka, u periodu od 12:00 do 13:00 \u010dasova.<\/p>\n<p>(zakazivanje termina je obavezno)<\/p>\n<p><a href=\"https:\/\/ambbelgrado.esteri.it\/sr\/servizi-consolari-e-visti\/servizi-per-il-cittadino-straniero\/visti\/altre-tipologie-di-visto-dingresso\/\"><strong>Zakazivanje Online<\/strong><\/a><\/p>\n<p><strong><br \/>\nPO\u010cASNI VICEKONZULAT U SUBOTICI<\/strong><br \/>\n\u0110ure \u0110akovi\u0107a, 2\/III &#8211; 24000 Subotica (Srbija)<br \/>\nTel. +381.24.515511 Fax +381.24.551285<br \/>\nE-mail: <a href=\"mailto:subotica.onorario@esteri.it\">subotica.onorario@esteri.it<\/a><\/p>\n<p>(za dodatne kontakte, posetite na\u0161 sajt <a href=\"https:\/\/ambbelgrado.esteri.it\/sr\/\">https:\/\/ambbelgrado.esteri.it\/it\/<\/a> )<\/p>\n","protected":false},"excerpt":{"rendered":"Konzularne usluge Na teritoriji Republike Srbije za pru\u017eanje konzularnih usluga zadu\u017eeni su Konzularno odeljenje Ambasade Italije u Beogradu i Po\u010dasni vicekonzulat u Subotici koji ima limitirane funkcije u odnosu na Konzularno odeljenje u Beogradu. &nbsp; Praznici i neradni dani u 2026. godini: \u010cetvrtak 01. januar Nova godina Utorak 06. januar Bogojavljenje Sreda 07. januar Pravoslavni [&hellip;]","protected":false},"author":1,"featured_media":0,"parent":0,"menu_order":6,"comment_status":"closed","ping_status":"closed","template":"","meta":{"footnotes":""},"class_list":["post-161","page","type-page","status-publish","hentry"],"_links":{"self":[{"href":"https:\/\/ambbelgrado.esteri.it\/sr\/wp-json\/wp\/v2\/pages\/161","targetHints":{"allow":["GET"]}}],"collection":[{"href":"https:\/\/ambbelgrado.esteri.it\/sr\/wp-json\/wp\/v2\/pages"}],"about":[{"href":"https:\/\/ambbelgrado.esteri.it\/sr\/wp-json\/wp\/v2\/types\/page"}],"author":[{"embeddable":true,"href":"https:\/\/ambbelgrado.esteri.it\/sr\/wp-json\/wp\/v2\/users\/1"}],"replies":[{"embeddable":true,"href":"https:\/\/ambbelgrado.esteri.it\/sr\/wp-json\/wp\/v2\/comments?post=161"}],"version-history":[{"count":7,"href":"https:\/\/ambbelgrado.esteri.it\/sr\/wp-json\/wp\/v2\/pages\/161\/revisions"}],"predecessor-version":[{"id":14836,"href":"https:\/\/ambbelgrado.esteri.it\/sr\/wp-json\/wp\/v2\/pages\/161\/revisions\/14836"}],"wp:attachment":[{"href":"https:\/\/ambbelgrado.esteri.it\/sr\/wp-json\/wp\/v2\/media?parent=161"}],"curies":[{"name":"wp","href":"https:\/\/api.w.org\/{rel}","templated":true}]}}