{"id":159,"date":"2023-04-11T18:10:55","date_gmt":"2023-04-11T16:10:55","guid":{"rendered":"https:\/\/ambbelgrado.esteri.it\/diplomazia-scientifica\/"},"modified":"2025-03-10T10:23:39","modified_gmt":"2025-03-10T09:23:39","slug":"diplomazia-scientifica","status":"publish","type":"page","link":"https:\/\/ambbelgrado.esteri.it\/sr\/italia-e-serbia\/diplomazia-scientifica\/","title":{"rendered":"Nau\u010dna diplomatija"},"content":{"rendered":"<div>\n<p>Ambasada aktivno radi na ja\u010danju nau\u010dne i tehnolo\u0161ke saradnje Italije i Srbije, promovi\u0161uc\u0301i saradnju izme\u0111u univerziteta, istra\u017eiva\u010dkih institucija, nau\u010dnih institucija i kompanija obe zemlje u oblasti nau \u010dnog istra\u017eivanja, inovacija i tehnolo\u0161ki napredne proizvodnje. U tom cilju, od 2010. godine u Ambasadi je prisutan ata\u0161e za nauku.<\/p>\n<p>Ata\u0161e za nauku ima zadatak da promovi\u0161e italijansku izvrsnost u oblasti nauke i tehnologije u Srbiji i da promovi\u0161e, tako\u0111e kroz promociju italijanskih istra\u017eivanja i inovacija, potencijalne ekonomske koristi za na\u0161u zemlju.<\/p>\n<p>Glavni sagovornici ata\u0161ea za nauku su ministarstva, univerziteti, agencije i organizacije za finansiranje i koordinaciju nau\u010dnog istra\u017eivanja, nau\u010dne i tehnolo\u0161ke institucije, kao i inovativna preduzec\u0301a.<\/p>\n<p>Pre svega, u delokrug njegovih aktivnosti spadaju:<\/p>\n<ul>\n<li>podr\u0161ka, razvoj i prac\u0301enje bilateralne saradnje u nau\u010dno-tehnolo\u0161koj oblasti, kako u fazi pregovora tako i u fazi implementacije sporazuma o saradnji izme\u0111u Italije i Srbije, posebno Sporazuma o nau\u010dno-tehnolo\u0161koj saradnji i Memoranduma o razumevanju za saradnju u oblasti visokog obrazovanja, istra\u017eivanja i inovacija;<\/li>\n<li>promocija italijanskog nau\u010dnog i tehnolo\u0161kog sistema, javnog i privatnog, i industrije visoke tehnologije;<\/li>\n<li>organizovanje promotivnih i diseminacionih inicijativa u nau\u010dnim i tehnolo\u0161kim oblastima;<\/li>\n<li>\u0161irenje informacija u Italiji o srpskom nau\u010dnom sistemu io politikama i strategijama koje je usvojila Vlada Republike Srbije u ovoj oblasti;<\/li>\n<li>\u0161irenje informacija o italijanskom nau\u010dnom sistemu u Srbiji, sa posebnim osvrtom na univerzitete, institute, tela, laboratorije i istra\u017eiva\u010dke organizacije, kao i njihove programe i projekte;<\/li>\n<li>podr\u0161ka nau\u010dnoj mobilnosti i inicijativama za razmenu izme\u0111u italijanskih i srpskih istra\u017eiva\u010da, u cilju ja\u010danja i konsolidacije bilateralne i multilateralne saradnje;<\/li>\n<li>promocija zajedni\u010dkog u\u010de\u0161c\u0301a italijanskih i srpskih istra\u017eiva\u010da u projektima Okvirnog programa Evropske unije za istra\u017eivanje i inovacije.<\/li>\n<\/ul>\n<p>&nbsp;<\/p>\n<p>U obavljanju svojih du\u017enosti, nau\u010dni ata\u0161e radi u koordinaciji sa Ekonomsko-trgovinskim odeljenjem Ambasade, Kancelarijom biv\u0161eg ICE-a, Komorom italijansko-srpskih privrednika i Italijanskim institutom za kulturu.<\/p>\n<\/div>\n","protected":false},"excerpt":{"rendered":"Ambasada aktivno radi na ja\u010danju nau\u010dne i tehnolo\u0161ke saradnje Italije i Srbije, promovi\u0161uc\u0301i saradnju izme\u0111u univerziteta, istra\u017eiva\u010dkih institucija, nau\u010dnih institucija i kompanija obe zemlje u oblasti nau \u010dnog istra\u017eivanja, inovacija i tehnolo\u0161ki napredne proizvodnje. U tom cilju, od 2010. godine u Ambasadi je prisutan ata\u0161e za nauku. Ata\u0161e za nauku ima zadatak da promovi\u0161e italijansku [&hellip;]","protected":false},"author":1,"featured_media":0,"parent":167,"menu_order":4,"comment_status":"closed","ping_status":"closed","template":"","meta":{"footnotes":""},"class_list":["post-159","page","type-page","status-publish","hentry"],"_links":{"self":[{"href":"https:\/\/ambbelgrado.esteri.it\/sr\/wp-json\/wp\/v2\/pages\/159","targetHints":{"allow":["GET"]}}],"collection":[{"href":"https:\/\/ambbelgrado.esteri.it\/sr\/wp-json\/wp\/v2\/pages"}],"about":[{"href":"https:\/\/ambbelgrado.esteri.it\/sr\/wp-json\/wp\/v2\/types\/page"}],"author":[{"embeddable":true,"href":"https:\/\/ambbelgrado.esteri.it\/sr\/wp-json\/wp\/v2\/users\/1"}],"replies":[{"embeddable":true,"href":"https:\/\/ambbelgrado.esteri.it\/sr\/wp-json\/wp\/v2\/comments?post=159"}],"version-history":[{"count":4,"href":"https:\/\/ambbelgrado.esteri.it\/sr\/wp-json\/wp\/v2\/pages\/159\/revisions"}],"predecessor-version":[{"id":12263,"href":"https:\/\/ambbelgrado.esteri.it\/sr\/wp-json\/wp\/v2\/pages\/159\/revisions\/12263"}],"up":[{"embeddable":true,"href":"https:\/\/ambbelgrado.esteri.it\/sr\/wp-json\/wp\/v2\/pages\/167"}],"wp:attachment":[{"href":"https:\/\/ambbelgrado.esteri.it\/sr\/wp-json\/wp\/v2\/media?parent=159"}],"curies":[{"name":"wp","href":"https:\/\/api.w.org\/{rel}","templated":true}]}}