{"id":154,"date":"2023-04-11T18:10:45","date_gmt":"2023-04-11T16:10:45","guid":{"rendered":"https:\/\/ambbelgrado.esteri.it\/diplomazia-culturale\/"},"modified":"2023-11-14T11:49:09","modified_gmt":"2023-11-14T10:49:09","slug":"diplomazia-culturale","status":"publish","type":"page","link":"https:\/\/ambbelgrado.esteri.it\/sr\/italia-e-serbia\/diplomazia-culturale\/","title":{"rendered":"Kulturna diplomatija"},"content":{"rendered":"<p>Otvaranjem novog sedi\u0161ta Instituta za kulturu u <strong>Palati Italije<\/strong> (<em>Palazzo Italia<\/em>) 2006. godine, promocija italijanske kulture u Srbiji je u\u0161la u novu fazu, s ambicijom da se ponuda usluga i manifestacija podigne na vi\u0161i nivo. Palata Italije postala je \u201cizlog\u201c Italije u Srbiji i predstavlja centar za usluge i informacije namenjene gra\u0111anima.<\/p>\n<p>U saradnji sa Italijanskim institutom za kulturu, Ambasada Italije <strong>promovi\u0161e nastavu i \u0161irenje italijanskog jezika, na svim nivoima<\/strong>:<\/p>\n<p>Na univerzitetskom nivou <strong>podsti\u010de otvaranje i rad katedri za italijanistiku<\/strong> pri najve\u0107im srpskim univerzitetima. U Beogradu, gde postoji lektorat pri Katedri za italijanistiku Filolo\u0161kog fakulteta, ima preko petsto studenata italijanistike. Na Univerzitetu u Novom Sadu na Filozofskom fakultetu nedavno je osnovana Katedra za italijanski i iberijske studije, a od akademske 2022-2023. godine o\u010dekuje se po\u010detak 22 nova predmeta iz oblasti italijanistike. Od 2009. godine nastava italijanskog jezika uvedena je i na Univerzitetu u Kragujevcu, gde je 2013. godine na Filolo\u0161ko-umetni\u010dkom fakultetu osnovana Katedra za italijanistiku.<\/p>\n<p>\u0160to se ti\u010de osnovnih i srednjih \u0161kola, postignut je zna\u010dajan uspeh o \u010demu govori i \u010dinjenica da je <strong>italijanski jezik uveden u nastavne programe osnovnih i srednjih \u0161kola, kao jedan od glavnih jezika.\u00a0<\/strong>Posebno treba pomenuti italijansko-srpsko bilingvalno odeljenje u presti\u017enoj Tre\u0107oj beogradskoj gimnaziji u Beogradu, gde je broj zahteva za upis duplo ve\u0107i u odnosu na raspolo\u017eiva mesta.<\/p>\n<p>U Institutu za kulturu, sve je ve\u0107a zainteresovanost za <strong>kurseve jezika<\/strong> koji broje vi\u0161e od osamsto polaznika. Svi kursevi su organizovani prema Zajedni\u010dkom evropskom okviru za jezike i podeljeni su po nivoima (od A1 do C2). Vi\u0161e informacija o vrsti kurseva koji se nude mo\u017eete pronac\u0301i na sledec\u0301em linku:<\/p>\n<p><a href=\"https:\/\/iicbelgrado.esteri.it\/iic_belgrado\/sr\/imparare_italiano\/i_corsi_di_lingua\/calendario\/\">https:\/\/iicbelgrado.esteri.it\/iic_belgrado\/sr\/imparare_italiano\/i_corsi_di_lingua\/calendario\/<\/a><\/p>\n<p>&nbsp;<\/p>\n<p><strong>Italijanski institut za kulturu<\/strong><\/p>\n<p><strong>&#8211; podsti\u010de obrazovne aktivnosti predava\u010da. <\/strong>Kursevi se organizuju u kontinuitetu od 2001. godine i sna\u017eno insistiraju na novim didakti\u010dkim pristupima koji se koriste u Italiji u nastavi jezika.<\/p>\n<p><strong>&#8211; dodeljuje stipendije<\/strong>, koje finansira italijanska vlada, stranim i italijanskim studentima i istra\u017eiva\u010dima koji borave u inostranstvu za sprovo\u0111enje studija, obuke i\/ili istra\u017eiva\u010dkih programa u dr\u017eavnim ili zakonski priznatim italijanskim institucijama. Obave\u0161tenje za dodelu stipendija se svake godine objavljuje na portalu <a href=\"https:\/\/studyinitaly.esteri.it\/en\/home_borse\">Study in Italy<\/a>, gde mo\u017eete pronac\u0301i i vi\u0161e informacija u vezi sa italijanskim sistemom visokog obrazovanja.<\/p>\n<p><strong>&#8211; podr\u017eava projekte u izdava\u0161tvu i prevodjenju<\/strong>, finansirane od strane Ministarstva spoljnnih poslova Italije, koji imaju za cilj da intenziviraju razmenu ideja izmedju Italije i Srbije;<\/p>\n<p><strong>&#8211; poma\u017ee i podsti\u010de brojne kulturne dogadjaje u organizaciji <a href=\"https:\/\/iicbelgrado.esteri.it\/iic_belgrado\/sr\/\">Italijanskog instituta za kulturu<\/a><\/strong>.<\/p>\n<p>Tako\u0111e, svake godine se organizuju brojne inicijative povodom Nedelje italijanskog jezika u svetu, Nedelje italijanske kuhinje u svetu i Dana italijanskog dizajna.<\/p>\n<p>Da biste bili u toku sa aktivnostima Instituta, mo\u017eete se pretplatiti na <a href=\"https:\/\/iicbelgrado.esteri.it\/iic_belgrado\/sr\/istituto\/newsletter_0.html\">bilten<\/a> i posetiti <a href=\"https:\/\/www.facebook.com\/iicbelgrado\/\">Facebook<\/a> stranicu, <a href=\"https:\/\/www.instagram.com\/iicbelgrado\/\">Instagram<\/a>, <a href=\"https:\/\/twitter.com\/IICBelgrado\">Tviter<\/a>, <a href=\"https:\/\/www.youtube.com\/channel\/UCZrgIyO3s5grE2QE-L8EwJA\">Jutjub<\/a> kanal i IIC <em><a href=\"https:\/\/iicbelgrado.wordpress.com\/\">Press Rewiev<\/a><\/em>. Odeljak posvec\u0301en kulturnim doga\u0111ajima je dostupan <a href=\"https:\/\/iicbelgrado.esteri.it\/iic_belgrado\/sr\/gli_eventi\/\">ovde<\/a>.<\/p>\n","protected":false},"excerpt":{"rendered":"Otvaranjem novog sedi\u0161ta Instituta za kulturu u Palati Italije (Palazzo Italia) 2006. godine, promocija italijanske kulture u Srbiji je u\u0161la u novu fazu, s ambicijom da se ponuda usluga i manifestacija podigne na vi\u0161i nivo. Palata Italije postala je \u201cizlog\u201c Italije u Srbiji i predstavlja centar za usluge i informacije namenjene gra\u0111anima. U saradnji sa [&hellip;]","protected":false},"author":1,"featured_media":0,"parent":167,"menu_order":2,"comment_status":"closed","ping_status":"closed","template":"","meta":{"footnotes":""},"class_list":["post-154","page","type-page","status-publish","hentry"],"_links":{"self":[{"href":"https:\/\/ambbelgrado.esteri.it\/sr\/wp-json\/wp\/v2\/pages\/154","targetHints":{"allow":["GET"]}}],"collection":[{"href":"https:\/\/ambbelgrado.esteri.it\/sr\/wp-json\/wp\/v2\/pages"}],"about":[{"href":"https:\/\/ambbelgrado.esteri.it\/sr\/wp-json\/wp\/v2\/types\/page"}],"author":[{"embeddable":true,"href":"https:\/\/ambbelgrado.esteri.it\/sr\/wp-json\/wp\/v2\/users\/1"}],"replies":[{"embeddable":true,"href":"https:\/\/ambbelgrado.esteri.it\/sr\/wp-json\/wp\/v2\/comments?post=154"}],"version-history":[{"count":3,"href":"https:\/\/ambbelgrado.esteri.it\/sr\/wp-json\/wp\/v2\/pages\/154\/revisions"}],"predecessor-version":[{"id":899,"href":"https:\/\/ambbelgrado.esteri.it\/sr\/wp-json\/wp\/v2\/pages\/154\/revisions\/899"}],"up":[{"embeddable":true,"href":"https:\/\/ambbelgrado.esteri.it\/sr\/wp-json\/wp\/v2\/pages\/167"}],"wp:attachment":[{"href":"https:\/\/ambbelgrado.esteri.it\/sr\/wp-json\/wp\/v2\/media?parent=154"}],"curies":[{"name":"wp","href":"https:\/\/api.w.org\/{rel}","templated":true}]}}