{"id":146,"date":"2023-09-25T15:18:30","date_gmt":"2023-09-25T13:18:30","guid":{"rendered":"https:\/\/ambbelgrado.esteri.it\/chi-siamo\/contatti\/"},"modified":"2023-11-27T14:52:49","modified_gmt":"2023-11-27T13:52:49","slug":"contatti","status":"publish","type":"page","link":"https:\/\/ambbelgrado.esteri.it\/sr\/chi-siamo\/contatti\/","title":{"rendered":"Kontakti"},"content":{"rendered":"<p><strong>AMBASADA ITALIJE U BEOGRADU<\/strong><br \/>\nUlica Bir\u010daninova br.11 &#8211; 11000 Beograd<br \/>\nTel. 011\/3066100<br \/>\nFax 011\/3249413<br \/>\ne-mail: <a href=\"mailto:segret.belgrado@esteri.it\">segret.belgrado@esteri.it<\/a><br \/>\nPEC: <a href=\"mailto:amb.belgrado@cert.esteri.it\">amb.belgrado@cert.esteri.it<\/a> &#8211; adresa na kojoj je omogu\u0107en isklju\u010divo prijem sertifikovane elektronske po\u0161te (PEC)<\/p>\n<p>e-mail <strong>VIZE<\/strong>: <a href=\"mailto:visti.belgrado@esteri.it\">visti.belgrado@esteri.it<\/a>; e-mail <strong>Konzularno odeljenje<\/strong>: <a href=\"mailto:consolare.belgrado@esteri.it\">consolare.belgrado@esteri.it<\/a> <em>(svi telefonski brojevi, radno vreme i informacije\u00a0koje se ti\u010du viza\/konzularnog odeljenja nalaze se u nastavku ove stranice)<\/em><\/p>\n<p>Ambasadu Italije <strong>mo\u017eete pozvati telefonom svakog radnog dana od ponedeljka do petka u periodu od 9:00 do 19:00<\/strong> \u010dasova na broj telefona +381 (0)11 3066100, a mo\u017eete je kontaktirati i putem adrese <a href=\"mailto:segret.belgrado@esteri.it\">segret.belgrado@esteri.it<\/a> .<\/p>\n<p><strong>Samo u slu\u010dajevima realne i neodlo\u017ene hitnosti u kojima se na\u0111u italijanski dr\u017eavljani (na primer hap\u0161enje, udesi) van radnog vremena telefonske centrale, pozovite broj +381 (0)63 243652 (na ovaj broj NE mogu se dobiti uop\u0161tene informacije niti one koje se ti\u010du uobi\u010dajenih konzularnih usluga).<\/strong><\/p>\n<p>Konzularno odeljenje prima isklju\u010divo stranke koje imaju zakazani termin, daju\u0107i prioritet hitnim zahtevima. Informacije o konzularnim uslugama, kao i o vizama, mo\u017eete na\u0107i na na\u0161em sajtu u delu &#8222;konzularne usluge&#8220; i \u201cvize&#8220;, a mo\u017eete i da pi\u0161ete na adrese <a href=\"mailto:consolare.belgrado@esteri.it\">consolare.belgrado@esteri.it<\/a>\u00a0i <a href=\"mailto:visti.belgrado@esteri.it\">visti.belgrado@esteri.it<\/a>, ili da pozovete broj +381 (0)11 3066171 od ponedeljka do petka od 11:00 do 13:00\u00a0 \u010dasova (za konzulrane usluge) ili broj\u00a0+381 (0)11 3066153 od ponedeljka do petka, u periodu od 12:00 do 13:00 (za informacije o vizama).<\/p>\n","protected":false},"excerpt":{"rendered":"AMBASADA ITALIJE U BEOGRADU Ulica Bir\u010daninova br.11 &#8211; 11000 Beograd Tel. 011\/3066100 Fax 011\/3249413 e-mail: segret.belgrado@esteri.it PEC: amb.belgrado@cert.esteri.it &#8211; adresa na kojoj je omogu\u0107en isklju\u010divo prijem sertifikovane elektronske po\u0161te (PEC) e-mail VIZE: visti.belgrado@esteri.it; e-mail Konzularno odeljenje: consolare.belgrado@esteri.it (svi telefonski brojevi, radno vreme i informacije\u00a0koje se ti\u010du viza\/konzularnog odeljenja nalaze se u nastavku ove stranice) Ambasadu [&hellip;]","protected":false},"author":1,"featured_media":0,"parent":143,"menu_order":4,"comment_status":"closed","ping_status":"closed","template":"","meta":{"footnotes":""},"class_list":["post-146","page","type-page","status-publish","hentry"],"_links":{"self":[{"href":"https:\/\/ambbelgrado.esteri.it\/sr\/wp-json\/wp\/v2\/pages\/146","targetHints":{"allow":["GET"]}}],"collection":[{"href":"https:\/\/ambbelgrado.esteri.it\/sr\/wp-json\/wp\/v2\/pages"}],"about":[{"href":"https:\/\/ambbelgrado.esteri.it\/sr\/wp-json\/wp\/v2\/types\/page"}],"author":[{"embeddable":true,"href":"https:\/\/ambbelgrado.esteri.it\/sr\/wp-json\/wp\/v2\/users\/1"}],"replies":[{"embeddable":true,"href":"https:\/\/ambbelgrado.esteri.it\/sr\/wp-json\/wp\/v2\/comments?post=146"}],"version-history":[{"count":5,"href":"https:\/\/ambbelgrado.esteri.it\/sr\/wp-json\/wp\/v2\/pages\/146\/revisions"}],"predecessor-version":[{"id":8763,"href":"https:\/\/ambbelgrado.esteri.it\/sr\/wp-json\/wp\/v2\/pages\/146\/revisions\/8763"}],"up":[{"embeddable":true,"href":"https:\/\/ambbelgrado.esteri.it\/sr\/wp-json\/wp\/v2\/pages\/143"}],"wp:attachment":[{"href":"https:\/\/ambbelgrado.esteri.it\/sr\/wp-json\/wp\/v2\/media?parent=146"}],"curies":[{"name":"wp","href":"https:\/\/api.w.org\/{rel}","templated":true}]}}