{"id":143,"date":"2023-04-11T17:07:36","date_gmt":"2023-04-11T15:07:36","guid":{"rendered":"https:\/\/ambbelgrado.esteri.it\/chi-siamo\/"},"modified":"2023-11-14T11:44:27","modified_gmt":"2023-11-14T10:44:27","slug":"chi-siamo","status":"publish","type":"page","link":"https:\/\/ambbelgrado.esteri.it\/sr\/chi-siamo\/","title":{"rendered":"O nama"},"content":{"rendered":"<p><img loading=\"lazy\" decoding=\"async\" class=\"alignnone size-medium wp-image-264 img-fluid\" src=\"https:\/\/ambbelgrado.esteri.it\/wp-content\/uploads\/2023\/10\/Sede-ambasciata-esterno-300x217.jpg\" alt=\"\" width=\"300\" height=\"217\" srcset=\"https:\/\/ambbelgrado.esteri.it\/wp-content\/uploads\/2023\/10\/Sede-ambasciata-esterno-300x217.jpg 300w, https:\/\/ambbelgrado.esteri.it\/wp-content\/uploads\/2023\/10\/Sede-ambasciata-esterno.jpg 600w\" sizes=\"auto, (max-width: 300px) 100vw, 300px\" \/><\/p>\n<p>Kada je italijanska Vlada napustila zgradu koju je koristilo diplomatsko predstavni\u0161tvo, koja je zatim prodata Ambasadi Gr\u010dke, odlu\u010deno je da se izgradi nova zgrada na mestu koje se nalazilo u zapadnom delu starog Beograda, gde su ve\u0107 bile podignute zgrade ministarstava i drugih ambasada. Ta inicijativa je preduzeta po eksplicitnoj \u017eelji italijanske kraljice Jelene, nekada\u0161nje crnogorske princeze, koja je \u017eelela da Italija ima daleko reprezentativnije predstavni\u0161tvo.<br \/>\nNovo predstavni\u0161tvo Italije izgra\u0111eno je u Bir\u010daninovoj ulici. Radovi su zapo\u010deli 1924. godine a okon\u010dani su 1926. godine. Znatno o\u0161te\u0107eno tokom Drugog svetskog rata (naro\u010dito iznutra), predato je italijanskim partizanima koji su se borili sa snagama jugoslovenske oslobodila\u010dke armije.<\/p>\n<table class=\"table\">\n<tbody>\n<tr>\n<td><strong>Prelistajte na\u0161e poslednje izdanje o zgradi u Bir\u010daninovoj 9<br \/>\n<\/strong><\/td>\n<\/tr>\n<\/tbody>\n<\/table>\n<p><a href=\"https:\/\/ambbelgrado.esteri.it\/wp-content\/uploads\/2023\/10\/La-Sede_Libro-La-Regina-delle-Ambasciate.pdf\"><img loading=\"lazy\" decoding=\"async\" class=\"alignnone size-medium wp-image-273 img-fluid\" src=\"https:\/\/ambbelgrado.esteri.it\/wp-content\/uploads\/2023\/10\/La-sede_Libro-La-regina-delle-ambasciate-300x264.jpg\" alt=\"\" width=\"300\" height=\"264\" srcset=\"https:\/\/ambbelgrado.esteri.it\/wp-content\/uploads\/2023\/10\/La-sede_Libro-La-regina-delle-ambasciate-300x264.jpg 300w, https:\/\/ambbelgrado.esteri.it\/wp-content\/uploads\/2023\/10\/La-sede_Libro-La-regina-delle-ambasciate-768x677.jpg 768w, https:\/\/ambbelgrado.esteri.it\/wp-content\/uploads\/2023\/10\/La-sede_Libro-La-regina-delle-ambasciate.jpg 800w\" sizes=\"auto, (max-width: 300px) 100vw, 300px\" \/><\/a><\/p>\n","protected":false},"excerpt":{"rendered":"Kada je italijanska Vlada napustila zgradu koju je koristilo diplomatsko predstavni\u0161tvo, koja je zatim prodata Ambasadi Gr\u010dke, odlu\u010deno je da se izgradi nova zgrada na mestu koje se nalazilo u zapadnom delu starog Beograda, gde su ve\u0107 bile podignute zgrade ministarstava i drugih ambasada. Ta inicijativa je preduzeta po eksplicitnoj \u017eelji italijanske kraljice Jelene, nekada\u0161nje [&hellip;]","protected":false},"author":1,"featured_media":0,"parent":0,"menu_order":2,"comment_status":"closed","ping_status":"closed","template":"","meta":{"footnotes":""},"class_list":["post-143","page","type-page","status-publish","hentry"],"_links":{"self":[{"href":"https:\/\/ambbelgrado.esteri.it\/sr\/wp-json\/wp\/v2\/pages\/143","targetHints":{"allow":["GET"]}}],"collection":[{"href":"https:\/\/ambbelgrado.esteri.it\/sr\/wp-json\/wp\/v2\/pages"}],"about":[{"href":"https:\/\/ambbelgrado.esteri.it\/sr\/wp-json\/wp\/v2\/types\/page"}],"author":[{"embeddable":true,"href":"https:\/\/ambbelgrado.esteri.it\/sr\/wp-json\/wp\/v2\/users\/1"}],"replies":[{"embeddable":true,"href":"https:\/\/ambbelgrado.esteri.it\/sr\/wp-json\/wp\/v2\/comments?post=143"}],"version-history":[{"count":7,"href":"https:\/\/ambbelgrado.esteri.it\/sr\/wp-json\/wp\/v2\/pages\/143\/revisions"}],"predecessor-version":[{"id":885,"href":"https:\/\/ambbelgrado.esteri.it\/sr\/wp-json\/wp\/v2\/pages\/143\/revisions\/885"}],"wp:attachment":[{"href":"https:\/\/ambbelgrado.esteri.it\/sr\/wp-json\/wp\/v2\/media?parent=143"}],"curies":[{"name":"wp","href":"https:\/\/api.w.org\/{rel}","templated":true}]}}