{"id":11179,"date":"2024-09-24T13:36:55","date_gmt":"2024-09-24T11:36:55","guid":{"rendered":"https:\/\/ambbelgrado.esteri.it\/?page_id=11179"},"modified":"2024-09-24T13:58:53","modified_gmt":"2024-09-24T11:58:53","slug":"business-insights-from-italy-a-letter-to-international-investors-izdanje-septembar-2024","status":"publish","type":"page","link":"https:\/\/ambbelgrado.esteri.it\/sr\/italia-e-serbia\/diplomazia-scientifica\/sporazum-o-saradnji\/business-insights-from-italy-a-letter-to-international-investors-izdanje-septembar-2024\/","title":{"rendered":"BUSINESS INSIGHTS FROM ITALY \u2013 A LETTER TO INTERNATIONAL INVESTORS. IZDANJE SEPTEMBAR 2024."},"content":{"rendered":"<p>Objavljeno je septembarsko izdanje mese\u010dnika \u201eBusiness Insights from Italy \u2013 a letter to international investors\u201c, novog alata diplomatije rasta koji je dostupan diplomatsko-konzularnoj mre\u017ei u cilju podsticaja potencijalnih stranih investitora a\u017euriranim informacijama.<\/p>\n<p>Cilj je da se promovi\u0161e novi narativ o italijanskim ekonomskim perspektivama, koji ume da iskoristi istinske prednosti sistema zemlje i prednosti povezane sa odlukom da se investira u Italiju.<\/p>\n<p><a class=\"\" href=\"https:\/\/ambbelgrado.esteri.it\/wp-content\/uploads\/2024\/09\/5942834TEHA-Business-Insights-from-Italy.-Edizione-Settembre-2024.pdf\" data-focus-mouse=\"false\">Kliknite ovde kako biste preuzeli dokument<\/a><\/p>\n","protected":false},"excerpt":{"rendered":"Objavljeno je septembarsko izdanje mese\u010dnika \u201eBusiness Insights from Italy \u2013 a letter to international investors\u201c, novog alata diplomatije rasta koji je dostupan diplomatsko-konzularnoj mre\u017ei u cilju podsticaja potencijalnih stranih investitora a\u017euriranim informacijama. Cilj je da se promovi\u0161e novi narativ o italijanskim ekonomskim perspektivama, koji ume da iskoristi istinske prednosti sistema zemlje i prednosti povezane sa [&hellip;]","protected":false},"author":6,"featured_media":0,"parent":327,"menu_order":0,"comment_status":"closed","ping_status":"closed","template":"","meta":{"footnotes":""},"class_list":["post-11179","page","type-page","status-publish","hentry"],"_links":{"self":[{"href":"https:\/\/ambbelgrado.esteri.it\/sr\/wp-json\/wp\/v2\/pages\/11179","targetHints":{"allow":["GET"]}}],"collection":[{"href":"https:\/\/ambbelgrado.esteri.it\/sr\/wp-json\/wp\/v2\/pages"}],"about":[{"href":"https:\/\/ambbelgrado.esteri.it\/sr\/wp-json\/wp\/v2\/types\/page"}],"author":[{"embeddable":true,"href":"https:\/\/ambbelgrado.esteri.it\/sr\/wp-json\/wp\/v2\/users\/6"}],"replies":[{"embeddable":true,"href":"https:\/\/ambbelgrado.esteri.it\/sr\/wp-json\/wp\/v2\/comments?post=11179"}],"version-history":[{"count":1,"href":"https:\/\/ambbelgrado.esteri.it\/sr\/wp-json\/wp\/v2\/pages\/11179\/revisions"}],"predecessor-version":[{"id":11182,"href":"https:\/\/ambbelgrado.esteri.it\/sr\/wp-json\/wp\/v2\/pages\/11179\/revisions\/11182"}],"up":[{"embeddable":true,"href":"https:\/\/ambbelgrado.esteri.it\/sr\/wp-json\/wp\/v2\/pages\/327"}],"wp:attachment":[{"href":"https:\/\/ambbelgrado.esteri.it\/sr\/wp-json\/wp\/v2\/media?parent=11179"}],"curies":[{"name":"wp","href":"https:\/\/api.w.org\/{rel}","templated":true}]}}