{"id":10751,"date":"2023-10-23T16:43:41","date_gmt":"2023-10-23T14:43:41","guid":{"rendered":"https:\/\/ambbelgrado.esteri.it\/servizi-consolari-e-visti\/servizi-per-il-cittadino-italiano\/assistenza-ai-cittadini-allestero\/assistenza-economica\/"},"modified":"2024-07-03T13:24:54","modified_gmt":"2024-07-03T11:24:54","slug":"assistenza-economica","status":"publish","type":"page","link":"https:\/\/ambbelgrado.esteri.it\/sr\/servizi-consolari-e-visti\/servizi-per-il-cittadino-italiano\/assistenza-ai-cittadini-allestero\/assistenza-economica\/","title":{"rendered":"Assistenza economica"},"content":{"rendered":"<div>\n<p>L\u2019Ufficio consolare pu\u00f2, compatibilmente con i fondi disponibili iscritti a bilancio, erogare al <strong>cittadino italiano residente stabilmente nella propria circoscrizione consolare<\/strong> e che si trovi in situazione di comprovata necessit\u00e0, un <strong>sussidio avente carattere di assoluta eccezionalit\u00e0<\/strong>.<\/p>\n<p>Al <strong>cittadino italiano residente in Italia o in altra circoscrizione consolare<\/strong>, che si trovi ad affrontare difficolt\u00e0 economiche impreviste <strong>e che non possa avvalersi dell\u2019aiuto di familiari o terze persone<\/strong> (per esempio attraverso societ\u00e0 abilitate al trasferimento di contanti), pu\u00f2 essere concesso un <strong>prestito<\/strong>, che l\u2019interessato si impegna a restituire all\u2019Erario.<\/p>\n<p>&nbsp;<\/p>\n<header class=\"entry-header\"><\/header>\n<div class=\"entry-content\">\n<header class=\"entry-header\">\n<h3 class=\"entry-title h3\">POZAJMICA S OBE\u0106ANJEM POVRA\u0106AJA NOVCA \u2013 PROMENA NA\u010cINA POVRA\u0106AJA<\/h3>\n<\/header>\n<div class=\"entry-content\">\n<p>U skladu sa obavezom pristupanja Platformi naplate, <strong>od 30. juna 2024.g. promenjen je na\u010din na koji se mo\u017ee izvr\u0161iti povra\u0107aj novca za pozajmice s obe\u0107anjem povra\u0107aju,<\/strong> odobrenih na osnovu Zakonske uredbe br. 71 od 3. februara 2011, \u010dlan 24, stav 2.<\/p>\n<p>Povra\u0107aj odobrene pozajmice je od sada mogu\u0107e izvr\u0161iti <strong>isklju\u010divo na jedan od slede\u0107ih na\u010dina<\/strong>:<\/p>\n<p>a) Na \u0161alterima Po\u0161te;<\/p>\n<p>b) Preko internet stranice <a href=\"http:\/\/www.poste.it\">poste.it<\/a>;<\/p>\n<p>c) U Konzularnoj kancelariji koja je odobrila pozajmicu ili, ako tako prilike nala\u017eu, u bilo kojoj drugoj Konzularnoj kancelariji.<\/p>\n<p>Na ovom <a href=\"https:\/\/ambbelgrado.esteri.it\/wp-content\/uploads\/2024\/07\/UPUTSTVO-ZA-PLACANJE.pdf\"><strong>linku<\/strong><\/a> se nalaze detaljna uputstva o tome kako izvr\u0161iti povra\u0107aj novca preko Po\u0161te Italije. Za sva dodatna obave\u0161tenja mo\u017eete se obratiti kancelariji <em>Ufficio I della Direzione Generale per gli italiani all\u2019estero e le politiche migratorie <\/em>na slede\u0107u email adresu: <a href=\"mailto:dgit-01@esteri.it\">dgit-01@esteri.it<\/a> .<\/p>\n<\/div>\n<\/div>\n<\/div>\n","protected":false},"excerpt":{"rendered":"L\u2019Ufficio consolare pu\u00f2, compatibilmente con i fondi disponibili iscritti a bilancio, erogare al cittadino italiano residente stabilmente nella propria circoscrizione consolare e che si trovi in situazione di comprovata necessit\u00e0, un sussidio avente carattere di assoluta eccezionalit\u00e0. Al cittadino italiano residente in Italia o in altra circoscrizione consolare, che si trovi ad affrontare difficolt\u00e0 economiche [&hellip;]","protected":false},"author":5,"featured_media":0,"parent":173,"menu_order":5,"comment_status":"closed","ping_status":"closed","template":"","meta":{"footnotes":""},"class_list":["post-10751","page","type-page","status-publish","hentry"],"_links":{"self":[{"href":"https:\/\/ambbelgrado.esteri.it\/sr\/wp-json\/wp\/v2\/pages\/10751","targetHints":{"allow":["GET"]}}],"collection":[{"href":"https:\/\/ambbelgrado.esteri.it\/sr\/wp-json\/wp\/v2\/pages"}],"about":[{"href":"https:\/\/ambbelgrado.esteri.it\/sr\/wp-json\/wp\/v2\/types\/page"}],"author":[{"embeddable":true,"href":"https:\/\/ambbelgrado.esteri.it\/sr\/wp-json\/wp\/v2\/users\/5"}],"replies":[{"embeddable":true,"href":"https:\/\/ambbelgrado.esteri.it\/sr\/wp-json\/wp\/v2\/comments?post=10751"}],"version-history":[{"count":1,"href":"https:\/\/ambbelgrado.esteri.it\/sr\/wp-json\/wp\/v2\/pages\/10751\/revisions"}],"predecessor-version":[{"id":10752,"href":"https:\/\/ambbelgrado.esteri.it\/sr\/wp-json\/wp\/v2\/pages\/10751\/revisions\/10752"}],"up":[{"embeddable":true,"href":"https:\/\/ambbelgrado.esteri.it\/sr\/wp-json\/wp\/v2\/pages\/173"}],"wp:attachment":[{"href":"https:\/\/ambbelgrado.esteri.it\/sr\/wp-json\/wp\/v2\/media?parent=10751"}],"curies":[{"name":"wp","href":"https:\/\/api.w.org\/{rel}","templated":true}]}}