{"id":819,"date":"2023-11-03T11:31:03","date_gmt":"2023-11-03T10:31:03","guid":{"rendered":"https:\/\/ambbelgrado.esteri.it\/?page_id=819"},"modified":"2023-11-03T11:35:00","modified_gmt":"2023-11-03T10:35:00","slug":"codice-fiscale","status":"publish","type":"page","link":"https:\/\/ambbelgrado.esteri.it\/it\/servizi-consolari-e-visti\/servizi-per-il-cittadino-straniero\/codice-fiscale\/","title":{"rendered":"Codice fiscale"},"content":{"rendered":"<p>Il codice fiscale \u00e9 indispensabile per qualsiasi persona che debba compiere operazioni finanziarie relative a propriet\u00e0 e\/o eredit\u00e0 in Italia e viene quindi rilasciato anche a chi non \u00e9 cittadino italiano.<\/p>\n<p>Il servizio \u00e9 gratuito ed \u00e8 riservato ai privati cittadini.<\/p>\n<p>Le Aziende o Societ\u00e0 devono richiedere il codice fiscale in Italia alla sede dell&#8217;Agenzia delle Entrate competente per territorio.<\/p>\n<p>La domanda di codice fiscale pu\u00f2 essere presentata, compilando l\u2019apposito formulario (<a href=\"https:\/\/ambbelgrado.esteri.it\/wp-content\/uploads\/2023\/10\/modello_editabile_aa4_8_aa4-8_ita.pdf\">cliccare qui<\/a>).<\/p>\n<p>Ad esito della lavorazione della domanda, l\u2019interessato ricever\u00e0 tramite e-mail il proprio numero di Codice Fiscale <strong>in formato elettronico.<\/strong><\/p>\n<p>Questo Ufficio Consolare non rilascia tesserini plastificati.<\/p>\n<p>Documentazione da allegare alla richiesta da inviare all&#8217;indirizzo di posta elettronica <a href=\"mailto:consolare.belgrado@esteri.it\">consolare.belgrado@esteri.it<\/a>:<\/p>\n<p><strong>1)<\/strong> <strong>copia di un documento di riconoscimento di identit\u00e0 in corso di validit\u00e0;<\/strong><br \/>\n<strong>Attenzione<\/strong>: Il codice fiscale viene emesso in base ai dati anagrafici (nome, cognome, luogo e data di nascita). Le donne italiane coniugate, in possesso anche di una cittadinanza straniera, devono inviare copia del documento di identit\u00e0 italiano (passaporto o carta d\u2019identit\u00e0) o copia dell\u2019atto di nascita italiano.<\/p>\n<p><strong>2) copia di una prova di residenza<\/strong> (utenza, lettera bancaria, permesso di soggiorno, etc.)<\/p>\n<p>Le richieste di C.F. vengono evase secondo l&#8217;ordine di arrivo ed entro 30 giorni dal ricevimento.<\/p>\n<p>In caso di codice fiscale errato emesso in Italia occorre rivolgersi direttamente all\u2019Agenzia delle Entrate di emissione.<\/p>\n<p><strong><br \/>\nACCESSO AI SERVIZI TELEMATICI DI FISCONLINE CON SPID<\/strong><\/p>\n<p>SPID sostituisce le precedenti credenziali PIN per l\u2019accesso a \u201cFiscoline\u201d per la compilazione delle dichiarazioni dei redditi.<\/p>\n<p>Tutte le informazioni sono disponibili sul sito di Agenzia delle Entrate: <a href=\"https:\/\/www.agenziaentrate.gov.it\/wps\/portal\/entrate\/home\">https:\/\/www.agenziaentrate.gov.it\/wps\/portal\/entrate\/home<\/a><\/p>\n<p>Dal 1\u00b0 ottobre 2020, SPID, il Sistema Pubblico di Identit\u00e0 Digitale, permette di accedere ai servizi online della Pubblica Amministrazione e dei soggetti privati aderenti attraverso la creazione di un&#8217;unica Identit\u00e0 Digitale utilizzabile da computer, tablet e smartphone.<\/p>\n<p><strong>I cittadini italiani che risiedono all\u2019estero DEVONO richiedere SPID entro il 31 dicembre 2022.<\/strong><\/p>\n<p>SPID \u00e8 gratuito. Per maggiori informazioni e una lista dei gestori vedere: <a href=\"https:\/\/www.spid.gov.it\/richiedi-spid?lang=it\">https:\/\/www.spid.gov.it\/richiedi-spid?lang=it<\/a><\/p>\n<p>SPID diventer\u00e0 l\u2019unico modo per accedere al servizio FASTIT, quindi l\u2019unico modo per richiedere la maggior parte dei servizi Consolari.<\/p>\n<p>Per ottenere SPID sono necessari:<\/p>\n<p>\u2022 documento di riconoscimento italiano in corso di validit\u00e0 (carta di identit\u00e0, passaporto, patente italiana);<\/p>\n<p>\u2022 Certificazione del codice fiscale; (Per il rilascio della certificazione del codice fiscale, leggere le informazioni all\u2019inizio di questa pagina)<\/p>\n<p>\u2022 indirizzo e-mail;<\/p>\n<p>\u2022 numero cellulare ad uso personale (controllare se il servizio richiede nello specifico un cellulare italiano perch\u00e9 questo potrebbe rendere pi\u00f9 difficoltoso inviare o ricevere messaggi).<\/p>\n<p>Si raccomanda ai cittadini italiani residenti all\u2019estero di selezionare un gestore che permette l\u2019identificazione via webcam o attraverso App su smartphone.<\/p>\n","protected":false},"excerpt":{"rendered":"Il codice fiscale \u00e9 indispensabile per qualsiasi persona che debba compiere operazioni finanziarie relative a propriet\u00e0 e\/o eredit\u00e0 in Italia e viene quindi rilasciato anche a chi non \u00e9 cittadino italiano. Il servizio \u00e9 gratuito ed \u00e8 riservato ai privati cittadini. Le Aziende o Societ\u00e0 devono richiedere il codice fiscale in Italia alla sede dell&#8217;Agenzia [&hellip;]","protected":false},"author":5,"featured_media":0,"parent":48,"menu_order":13,"comment_status":"closed","ping_status":"closed","template":"","meta":{"footnotes":""},"class_list":["post-819","page","type-page","status-publish","hentry"],"_links":{"self":[{"href":"https:\/\/ambbelgrado.esteri.it\/it\/wp-json\/wp\/v2\/pages\/819","targetHints":{"allow":["GET"]}}],"collection":[{"href":"https:\/\/ambbelgrado.esteri.it\/it\/wp-json\/wp\/v2\/pages"}],"about":[{"href":"https:\/\/ambbelgrado.esteri.it\/it\/wp-json\/wp\/v2\/types\/page"}],"author":[{"embeddable":true,"href":"https:\/\/ambbelgrado.esteri.it\/it\/wp-json\/wp\/v2\/users\/5"}],"replies":[{"embeddable":true,"href":"https:\/\/ambbelgrado.esteri.it\/it\/wp-json\/wp\/v2\/comments?post=819"}],"version-history":[{"count":2,"href":"https:\/\/ambbelgrado.esteri.it\/it\/wp-json\/wp\/v2\/pages\/819\/revisions"}],"predecessor-version":[{"id":831,"href":"https:\/\/ambbelgrado.esteri.it\/it\/wp-json\/wp\/v2\/pages\/819\/revisions\/831"}],"up":[{"embeddable":true,"href":"https:\/\/ambbelgrado.esteri.it\/it\/wp-json\/wp\/v2\/pages\/48"}],"wp:attachment":[{"href":"https:\/\/ambbelgrado.esteri.it\/it\/wp-json\/wp\/v2\/media?parent=819"}],"curies":[{"name":"wp","href":"https:\/\/api.w.org\/{rel}","templated":true}]}}