{"id":73,"date":"2023-04-11T18:19:45","date_gmt":"2023-04-11T16:19:45","guid":{"rendered":"https:\/\/ambasciatapraga.esteri.it\/?page_id=73"},"modified":"2024-05-15T14:43:22","modified_gmt":"2024-05-15T12:43:22","slug":"traduzione-e-legalizzazione-dei-documenti","status":"publish","type":"page","link":"https:\/\/ambbelgrado.esteri.it\/it\/servizi-consolari-e-visti\/servizi-per-il-cittadino-italiano\/traduzione-e-legalizzazione-dei-documenti\/","title":{"rendered":"Traduzione e legalizzazione dei documenti"},"content":{"rendered":"<p><strong>APOSTILLE<\/strong><\/p>\n<p>Per poter essere fatti valere in Italia, gli atti e i documenti rilasciati da autorit\u00e0 straniere, tranne quelli redatti su modelli plurilingue previsti da Convenzioni internazionali, devono essere legalizzati dalle rappresentanze diplomatico-consolari italiane all\u2019estero e tradotti in italiano<br \/>\nNei Paesi che hanno sottoscritto la Convenzione de L\u2019Aja del 5 ottobre 1961, relativa all\u2019abolizione della legalizzazione di atti pubblici stranieri, la necessit\u00e0 di legalizzare gli atti e i documenti rilasciati da autorit\u00e0 straniere \u00e8 sostituita dall\u2019apposizione dell\u2019 Apostille.<br \/>\nL\u2019Apostille costituisce, pertanto, una forma di legalizzazione speciale mediante apposizione di un timbro particolare attestante l&#8217;autenticit\u00e0 del documento e la qualit\u00e0 legale dell&#8217;Autorit\u00e0 rilasciante<\/p>\n<p><strong>L\u2019Italia e la Serbia hanno aderito alla Convenzione de L\u2019Aja del 5 ottobre 1961, relativa all\u2019abolizione della legalizzazione di atti pubblici stranieri.<\/strong><\/p>\n<p>In Serbia l\u2019apposizione dell\u2019Apostille va richiesta al Tribunale territorialmente competente.<br \/>\n<strong>A Belgrado l\u2019Apostille va richiesta al Primo Tribunale di Belgrado (Bulevar Nikole Tesle n.42).<\/strong><\/p>\n<p>In Italia l\u2019apposizione dell\u2019Apostille va richiesta:<br \/>\n1) alla <strong>Procura della Repubblica<\/strong> presso i Tribunali competenti nel territorio di emissione dei documenti, nel caso di atti giudiziari e atti notarili;<br \/>\n2) alla <strong>Prefettura<\/strong> competente per territorio, nel caso di tutti gli altri documenti amministrativi ammissibili previsti dalla Convenzione (certificati rilasciati dai Comuni, certificati camerali, certificati dell\u2019anagrafe tributaria\u2026).<\/p>\n<p><strong>TRADUZIONI<\/strong><\/p>\n<p>Si informa che questa Cancelleria Consolare non effettua traduzioni n\u00e9 attestazioni (certificazioni) di conformit\u00e0 di traduzioni.<\/p>\n<p>Coloro che hanno bisogno di tradurre documenti dal serbo all\u2019italiano potranno rivolgersi ad un traduttore giurato (<a href=\"https:\/\/ambbelgrado.esteri.it\/it\/servizi-consolari-e-visti\/servizi-per-il-cittadino-italiano\/albo-consolare-e-altri-servizi\/\">cliccare qui<\/a>).<br \/>\nLa traduzione dovra\u2019 essere legalizzata tramite apposizione di Apostille.<br \/>\nColoro che hanno bisogno di tradurre documenti dall\u2019italiano al serbo potranno avvalersi delle seguenti possibilit\u00e0:<br \/>\n1. Servirsi di un traduttore giurato in Italia \u2013 le liste dei traduttori giurati sono disponibili presso i Tribunali italiani<br \/>\n2. Asseverazione di traduzione (gi\u00e0 predisposta), da effettuarsi presso i Tribunali italiani od i Comuni italiani;<\/p>\n","protected":false},"excerpt":{"rendered":"APOSTILLE Per poter essere fatti valere in Italia, gli atti e i documenti rilasciati da autorit\u00e0 straniere, tranne quelli redatti su modelli plurilingue previsti da Convenzioni internazionali, devono essere legalizzati dalle rappresentanze diplomatico-consolari italiane all\u2019estero e tradotti in italiano Nei Paesi che hanno sottoscritto la Convenzione de L\u2019Aja del 5 ottobre 1961, relativa all\u2019abolizione della [&hellip;]","protected":false},"author":1,"featured_media":0,"parent":47,"menu_order":14,"comment_status":"closed","ping_status":"closed","template":"","meta":{"footnotes":""},"class_list":["post-73","page","type-page","status-publish","hentry"],"_links":{"self":[{"href":"https:\/\/ambbelgrado.esteri.it\/it\/wp-json\/wp\/v2\/pages\/73","targetHints":{"allow":["GET"]}}],"collection":[{"href":"https:\/\/ambbelgrado.esteri.it\/it\/wp-json\/wp\/v2\/pages"}],"about":[{"href":"https:\/\/ambbelgrado.esteri.it\/it\/wp-json\/wp\/v2\/types\/page"}],"author":[{"embeddable":true,"href":"https:\/\/ambbelgrado.esteri.it\/it\/wp-json\/wp\/v2\/users\/1"}],"replies":[{"embeddable":true,"href":"https:\/\/ambbelgrado.esteri.it\/it\/wp-json\/wp\/v2\/comments?post=73"}],"version-history":[{"count":5,"href":"https:\/\/ambbelgrado.esteri.it\/it\/wp-json\/wp\/v2\/pages\/73\/revisions"}],"predecessor-version":[{"id":10160,"href":"https:\/\/ambbelgrado.esteri.it\/it\/wp-json\/wp\/v2\/pages\/73\/revisions\/10160"}],"up":[{"embeddable":true,"href":"https:\/\/ambbelgrado.esteri.it\/it\/wp-json\/wp\/v2\/pages\/47"}],"wp:attachment":[{"href":"https:\/\/ambbelgrado.esteri.it\/it\/wp-json\/wp\/v2\/media?parent=73"}],"curies":[{"name":"wp","href":"https:\/\/api.w.org\/{rel}","templated":true}]}}